{"id":340096,"date":"2026-04-08T19:23:23","date_gmt":"2026-04-08T16:23:23","guid":{"rendered":"https:\/\/baldumarket.lt\/product\/malin-azuoline-knygu-lentyna-3p-1d-2363\/"},"modified":"2026-04-08T21:55:14","modified_gmt":"2026-04-08T18:55:14","slug":"malin-azuoline-knygu-lentyna-3p-1d-2363","status":"publish","type":"product","link":"https:\/\/baldumarket.lt\/lt\/product\/malin-azuoline-knygu-lentyna-3p-1d-2363\/","title":{"rendered":"Malin \u0105\u017euolin\u0117 knyg\u0173 lentyna 3P\/1D \u2013 2363"},"content":{"rendered":"<p>Savyb\u0117s:<br \/>\nAuk\u0161tis: 200 cm,<br \/>\nPlotis: 75 cm,<br \/>\nGylis: 45 cm<\/p>","protected":false},"excerpt":{"rendered":"<p>Savyb\u0117s: Auk\u0161tis: 200 cm, Plotis: 75 cm, Gylis: 45 cm<\/p>","protected":false},"featured_media":340097,"comment_status":"open","ping_status":"open","template":"","meta":[],"product_brand":[],"product_cat":[10176,1987],"product_tag":[],"class_list":{"0":"post-340096","1":"product","2":"type-product","3":"status-publish","4":"has-post-thumbnail","6":"product_cat-hugon-meble","7":"product_cat-shelving-units","9":"first","10":"instock","11":"purchasable","12":"product-type-simple"},"_links":{"self":[{"href":"https:\/\/baldumarket.lt\/lt\/wp-json\/wp\/v2\/product\/340096","targetHints":{"allow":["GET"]}}],"collection":[{"href":"https:\/\/baldumarket.lt\/lt\/wp-json\/wp\/v2\/product"}],"about":[{"href":"https:\/\/baldumarket.lt\/lt\/wp-json\/wp\/v2\/types\/product"}],"replies":[{"embeddable":true,"href":"https:\/\/baldumarket.lt\/lt\/wp-json\/wp\/v2\/comments?post=340096"}],"wp:featuredmedia":[{"embeddable":true,"href":"https:\/\/baldumarket.lt\/lt\/wp-json\/wp\/v2\/media\/340097"}],"wp:attachment":[{"href":"https:\/\/baldumarket.lt\/lt\/wp-json\/wp\/v2\/media?parent=340096"}],"wp:term":[{"taxonomy":"product_brand","embeddable":true,"href":"https:\/\/baldumarket.lt\/lt\/wp-json\/wp\/v2\/product_brand?post=340096"},{"taxonomy":"product_cat","embeddable":true,"href":"https:\/\/baldumarket.lt\/lt\/wp-json\/wp\/v2\/product_cat?post=340096"},{"taxonomy":"product_tag","embeddable":true,"href":"https:\/\/baldumarket.lt\/lt\/wp-json\/wp\/v2\/product_tag?post=340096"}],"curies":[{"name":"wp","href":"https:\/\/api.w.org\/{rel}","templated":true}]}}