{"id":340089,"date":"2026-04-08T19:23:13","date_gmt":"2026-04-08T16:23:13","guid":{"rendered":"https:\/\/baldumarket.lt\/product\/nena-lentyna\/"},"modified":"2026-04-11T09:52:06","modified_gmt":"2026-04-11T06:52:06","slug":"nena-lentyna","status":"publish","type":"product","link":"https:\/\/baldumarket.lt\/lt\/product\/nena-lentyna\/","title":{"rendered":"NENA lentyna"},"content":{"rendered":"<p>Pristatome vien\u0105 i\u0161 NENA kolekcijos element\u0173. \u0160ie baldai buvo sukurti tiems, kurie ie\u0161ko \u012fdomi\u0173, moderni\u0173 sprendim\u0173, \u012frengdami savo svajoni\u0173 interjer\u0105.<br \/>\n\u0160i\u0105 kolekcij\u0105 sudaro 15 skirting\u0173, nepriklausom\u0173 element\u0173, kuriuos galima laisvai konfig\u016bruoti pridedant nauj\u0173 dali\u0173 arba pertvarkant esamas. \u0160i kolekcija nuolat yra sand\u0117lyje, tod\u0117l jei pavargote nuo bald\u0173 i\u0161vaizdos, galite lengvai pa\u012fvairinti savo nam\u0173 dekor\u0105 nekeisdami viso komplekto.<br \/>\n\u0160i modernaus stiliaus knyg\u0173 lentyna su trimis lentynomis ir dviem stal\u010diais pagaminta i\u0161 \u0105\u017euolo masyvo \u2013 priekin\u0117 dalis, stal\u010diai, kojel\u0117s, lentynos, pertvaros ir \u0161onai \u2013 i\u0161 \u0105\u017euolo faneruot\u0117s. Alyvuota apdaila sukuria nat\u016bralios medienos \u012fvaizd\u012f.<br \/>\n\u0160i knyg\u0173 lentyna su lentynomis ir stal\u010diais yra patogus baldas, priklausantis NENA nat\u016bralaus \u0105\u017euolo kolekcijai. Ji buvo sukurta galvojant apie modernaus, \u0161viesaus interjero m\u0117g\u0117jus. Ji taip pat patiks tiems, kurie vertina nat\u016bralias med\u017eiagas ir puik\u0173 meistri\u0161kum\u0105. Visos lentos pagamintos i\u0161 \u0105\u017euolo, o tai ne tik garantuoja baldo patvarum\u0105, bet ir unikal\u0173 ra\u0161t\u0105. Baldai buvo kruop\u0161\u010diai alyvuoti, kad b\u016bt\u0173 apsaugota lent\u0173 strukt\u016bra.<br \/>\nPagrindinis \u0161ios knyg\u0173 lentynos privalumas yra tas, kad visi joje esantys daiktai yra lengvai pasiekiami. Spintel\u0117 neturi dureli\u0173, kurios apsaugot\u0173 turin\u012f, tod\u0117l puikiai tinka nam\u0173 bibliotekai. Dvi lentynos sukuria gilias ni\u0161as, kuriose telpa net dideli papuo\u0161alai. Po jomis yra plat\u016bs stal\u010diai, pasiekiami diskreti\u0161k\u0173 metalini\u0173 ranken\u0117li\u0173 d\u0117ka. \u0160i knyg\u0173 lentyna tinka bet kokiai gyvenamajai erdvei. J\u0105 geriausia derinti su pana\u0161iais NENA kolekcijos baldais.<br \/>\nSavyb\u0117s:<br \/>\n\u016agis: 140 cm,<br \/>\nPlotis: 66 cm,<br \/>\nGylis: 45 cm<br \/>\nVitrina supakuota kompakti\u0161kose d\u0117\u017eut\u0117se su surinkimo instrukcijomis ir tvirtinimo priedais.<br \/>\nDidesniems u\u017esakymams susisiekite su mumis, kad susitartume d\u0117l pristatymo. Kvie\u010diame \u012fsigyti ir u\u017eduoti klausimus, mielai pad\u0117sime jums sukonfig\u016bruoti tinkam\u0105 rinkin\u012f.<\/p>","protected":false},"excerpt":{"rendered":"<p>Pristatome vien\u0105 i\u0161 NENA kolekcijos element\u0173. \u0160ie baldai buvo sukurti tiems, kurie ie\u0161ko \u012fdomi\u0173, moderni\u0173 sprendim\u0173, \u012frengdami savo svajoni\u0173 interjer\u0105. \u0160i\u0105 kolekcij\u0105 sudaro 15 skirting\u0173, nepriklausom\u0173 element\u0173, kuriuos galima laisvai konfig\u016bruoti pridedant nauj\u0173 arba pertvarkant esamus. \u0160i kolekcija yra nuolat [\u2026]<\/p>","protected":false},"featured_media":340090,"comment_status":"open","ping_status":"open","template":"","meta":[],"product_brand":[],"product_cat":[10186,10176,1987],"product_tag":[],"class_list":{"0":"post-340089","1":"product","2":"type-product","3":"status-publish","4":"has-post-thumbnail","6":"product_cat-furniture-system-nena-hugon-meble","7":"product_cat-hugon-meble","8":"product_cat-shelving-units","10":"first","11":"instock","12":"purchasable","13":"product-type-simple"},"_links":{"self":[{"href":"https:\/\/baldumarket.lt\/lt\/wp-json\/wp\/v2\/product\/340089","targetHints":{"allow":["GET"]}}],"collection":[{"href":"https:\/\/baldumarket.lt\/lt\/wp-json\/wp\/v2\/product"}],"about":[{"href":"https:\/\/baldumarket.lt\/lt\/wp-json\/wp\/v2\/types\/product"}],"replies":[{"embeddable":true,"href":"https:\/\/baldumarket.lt\/lt\/wp-json\/wp\/v2\/comments?post=340089"}],"wp:featuredmedia":[{"embeddable":true,"href":"https:\/\/baldumarket.lt\/lt\/wp-json\/wp\/v2\/media\/340090"}],"wp:attachment":[{"href":"https:\/\/baldumarket.lt\/lt\/wp-json\/wp\/v2\/media?parent=340089"}],"wp:term":[{"taxonomy":"product_brand","embeddable":true,"href":"https:\/\/baldumarket.lt\/lt\/wp-json\/wp\/v2\/product_brand?post=340089"},{"taxonomy":"product_cat","embeddable":true,"href":"https:\/\/baldumarket.lt\/lt\/wp-json\/wp\/v2\/product_cat?post=340089"},{"taxonomy":"product_tag","embeddable":true,"href":"https:\/\/baldumarket.lt\/lt\/wp-json\/wp\/v2\/product_tag?post=340089"}],"curies":[{"name":"wp","href":"https:\/\/api.w.org\/{rel}","templated":true}]}}