{"id":340086,"date":"2026-04-08T19:23:07","date_gmt":"2026-04-08T16:23:07","guid":{"rendered":"https:\/\/baldumarket.lt\/product\/tina-lentyna\/"},"modified":"2026-04-08T21:55:14","modified_gmt":"2026-04-08T18:55:14","slug":"tina-lentyna","status":"publish","type":"product","link":"https:\/\/baldumarket.lt\/lt\/product\/tina-lentyna\/","title":{"rendered":"TINA Lentyna"},"content":{"rendered":"<p>TINA knyg\u0173 lentyna \u2013 prakti\u0161kas, ta\u010diau ne\u012ftik\u0117tinai \u012fsp\u016bdingas baldas. Ji puikiai tinka bet kokiam interjerui, kuriame jau yra \u201eTina\u201c kolekcijos bald\u0173. Ji pasi\u017eymi visais \u0161ios serijos bruo\u017eais. Pagaminta i\u0161 med\u017eio masyvo \u2013 priekin\u0117 dalis \u2013 faneruota. Lentos kruop\u0161\u010diai apdorotos nat\u016braliais augaliniais aliejais. Ry\u0161kus abiej\u0173 spinteli\u0173 akcentas \u2013 \u0161e\u0161\u0117liuotas lent\u0173 motyvas. Spintel\u0117 turi dvi lentynas, einan\u010dias per vis\u0105 vitrinos plot\u012f. Taip pat yra ma\u017eesni\u0173 vitrin\u0173.<\/p>\n<p>Pagaminta i\u0161 med\u017eio masyvo \u2013 priekis yra baldas, korpusas faneruotas, o lentynos pagamintos i\u0161 baldin\u0117s plok\u0161t\u0117s.<\/p>\n<p>Savyb\u0117s:<\/p>\n<p>Auk\u0161tis: 1400 mm<\/p>\n<p>Plotis: 675 mm<\/p>\n<p>Gylis: 400 mm<\/p>\n<p>Matin\u0117s juodos metalin\u0117s kojel\u0117s ir rankenos<\/p>","protected":false},"excerpt":{"rendered":"<p>TINA knyg\u0173 lentyna yra prakti\u0161kas, ta\u010diau ne\u012ftik\u0117tinai \u012fsp\u016bdingas baldas. Ji puikiai tinka bet kokiam interjerui, kuriame jau yra \u201eTina\u201c kolekcijos bald\u0173. Ji pasi\u017eymi visais \u0161ios serijos bruo\u017eais. Ji pagaminta i\u0161 med\u017eio masyvo \u2013 priekin\u0117 dalis yra faneruota plok\u0161t\u0117. Lentos buvo kruop\u0161\u010diai apdorotos nat\u016bralia [\u2026]<\/p>","protected":false},"featured_media":340087,"comment_status":"open","ping_status":"open","template":"","meta":[],"product_brand":[],"product_cat":[10176,1987],"product_tag":[],"class_list":{"0":"post-340086","1":"product","2":"type-product","3":"status-publish","4":"has-post-thumbnail","6":"product_cat-hugon-meble","7":"product_cat-shelving-units","9":"first","10":"instock","11":"purchasable","12":"product-type-simple"},"_links":{"self":[{"href":"https:\/\/baldumarket.lt\/lt\/wp-json\/wp\/v2\/product\/340086","targetHints":{"allow":["GET"]}}],"collection":[{"href":"https:\/\/baldumarket.lt\/lt\/wp-json\/wp\/v2\/product"}],"about":[{"href":"https:\/\/baldumarket.lt\/lt\/wp-json\/wp\/v2\/types\/product"}],"replies":[{"embeddable":true,"href":"https:\/\/baldumarket.lt\/lt\/wp-json\/wp\/v2\/comments?post=340086"}],"wp:featuredmedia":[{"embeddable":true,"href":"https:\/\/baldumarket.lt\/lt\/wp-json\/wp\/v2\/media\/340087"}],"wp:attachment":[{"href":"https:\/\/baldumarket.lt\/lt\/wp-json\/wp\/v2\/media?parent=340086"}],"wp:term":[{"taxonomy":"product_brand","embeddable":true,"href":"https:\/\/baldumarket.lt\/lt\/wp-json\/wp\/v2\/product_brand?post=340086"},{"taxonomy":"product_cat","embeddable":true,"href":"https:\/\/baldumarket.lt\/lt\/wp-json\/wp\/v2\/product_cat?post=340086"},{"taxonomy":"product_tag","embeddable":true,"href":"https:\/\/baldumarket.lt\/lt\/wp-json\/wp\/v2\/product_tag?post=340086"}],"curies":[{"name":"wp","href":"https:\/\/api.w.org\/{rel}","templated":true}]}}