{"id":340076,"date":"2026-04-08T19:22:53","date_gmt":"2026-04-08T16:22:53","guid":{"rendered":"https:\/\/baldumarket.lt\/product\/azuolinis-kavos-staliukas-su-lentyna-115x65\/"},"modified":"2026-04-08T21:55:14","modified_gmt":"2026-04-08T18:55:14","slug":"azuolinis-kavos-staliukas-su-lentyna-115x65","status":"publish","type":"product","link":"https:\/\/baldumarket.lt\/lt\/product\/azuolinis-kavos-staliukas-su-lentyna-115x65\/","title":{"rendered":"\u0104\u017euolinis kavos staliukas su lentyna 115\u00d765"},"content":{"rendered":"<p>Universalus \u201eTabea\u201c stalas \u2013 puikus pasirinkimas modernaus interjero m\u0117g\u0117jams. Jis visi\u0161kai be dekoracij\u0173. Pagamintas i\u0161 tvirtos \u0105\u017euolo medienos (lentyna \u2013 faneruota lenta), mediena turi ry\u0161ki\u0105 tekst\u016br\u0105 ir yra apdorota nat\u016braliais augaliniais aliejais. Jis gali papildyti kit\u0173 \u0161ios serijos bald\u0173 interjer\u0105.<\/p>\n<p>Stalas turi tvirt\u0105, ilg\u0105 stalvir\u0161\u012f, ant kurio galima laikyti \u012fvairias nam\u0173 kolekcijas \u2013 nuo knyg\u0173 iki plok\u0161teli\u0173. Po stalvir\u0161iu taip pat galima naudoti lentyn\u0105. J\u012f taip pat galima naudoti kaip ilgesn\u012f kavos staliuk\u0105 keliems \u017emon\u0117ms. Jis puikiai papildys poilsio kambario komplekt\u0105 kaip svetain\u0117s, darbo kambario ar atskiros erdv\u0117s dal\u012f. Kaip ir visa serija, \u0161is baldas buvo apdorotas specialiais augaliniais aliejais. \u0160is apdorojimas ne tik apsaugo vidin\u0119 lentos strukt\u016br\u0105, bet ir gra\u017eiai i\u0161ry\u0161kina medienos gro\u017e\u012f.<\/p>\n<p>Savyb\u0117s:<br \/>\nAuk\u0161tis: 46 cm<br \/>\nPlotis: 115 cm<br \/>\nGylis: 65 cm<\/p>","protected":false},"excerpt":{"rendered":"<p>Universalus \u201eTabea\u201c stalas \u2013 puikus pasirinkimas modernaus interjero m\u0117g\u0117jams. Jis visi\u0161kai be dekoracij\u0173. Pagamintas i\u0161 tvirtos \u0105\u017euolo medienos (lentyna \u2013 faneruota lenta), mediena turi tvirt\u0105 ra\u0161t\u0105 ir yra apdorota nat\u016braliais augaliniais aliejais. Jis gali papildyti kit\u0173 \u0161ios serijos bald\u0173 interjer\u0105. Stalas turi tvirt\u0105, [\u2026]<\/p>","protected":false},"featured_media":340077,"comment_status":"open","ping_status":"open","template":"","meta":[],"product_brand":[],"product_cat":[10176,866],"product_tag":[],"class_list":{"0":"post-340076","1":"product","2":"type-product","3":"status-publish","4":"has-post-thumbnail","6":"product_cat-hugon-meble","7":"product_cat-coffee-tables","9":"first","10":"instock","11":"purchasable","12":"product-type-simple"},"_links":{"self":[{"href":"https:\/\/baldumarket.lt\/lt\/wp-json\/wp\/v2\/product\/340076","targetHints":{"allow":["GET"]}}],"collection":[{"href":"https:\/\/baldumarket.lt\/lt\/wp-json\/wp\/v2\/product"}],"about":[{"href":"https:\/\/baldumarket.lt\/lt\/wp-json\/wp\/v2\/types\/product"}],"replies":[{"embeddable":true,"href":"https:\/\/baldumarket.lt\/lt\/wp-json\/wp\/v2\/comments?post=340076"}],"wp:featuredmedia":[{"embeddable":true,"href":"https:\/\/baldumarket.lt\/lt\/wp-json\/wp\/v2\/media\/340077"}],"wp:attachment":[{"href":"https:\/\/baldumarket.lt\/lt\/wp-json\/wp\/v2\/media?parent=340076"}],"wp:term":[{"taxonomy":"product_brand","embeddable":true,"href":"https:\/\/baldumarket.lt\/lt\/wp-json\/wp\/v2\/product_brand?post=340076"},{"taxonomy":"product_cat","embeddable":true,"href":"https:\/\/baldumarket.lt\/lt\/wp-json\/wp\/v2\/product_cat?post=340076"},{"taxonomy":"product_tag","embeddable":true,"href":"https:\/\/baldumarket.lt\/lt\/wp-json\/wp\/v2\/product_tag?post=340076"}],"curies":[{"name":"wp","href":"https:\/\/api.w.org\/{rel}","templated":true}]}}