{"id":340070,"date":"2026-04-08T19:22:46","date_gmt":"2026-04-08T16:22:46","guid":{"rendered":"https:\/\/baldumarket.lt\/product\/kaimisko-stiliaus-balinto-azuolo-stalas-180x90\/"},"modified":"2026-04-08T21:02:30","modified_gmt":"2026-04-08T18:02:30","slug":"kaimisko-stiliaus-balinto-azuolo-stalas-180x90","status":"publish","type":"product","link":"https:\/\/baldumarket.lt\/lt\/product\/kaimisko-stiliaus-balinto-azuolo-stalas-180x90\/","title":{"rendered":"Kaimi\u0161ko stiliaus balinto \u0105\u017euolo stalas 180\u00d790"},"content":{"rendered":"<p>RUSTIC \u2013 balinto \u0105\u017euolo stalas<br \/>\nI\u0161sami informacija:<br \/>\nRUSTIC stalas puikiai tinka bet kokiam kambariui, ypa\u010d valgomajam. J\u012f galima naudoti virtuv\u0117je, valgomajame ir svetain\u0117je. D\u0117l universalaus stalo dizaino jis tinka \u012fvairiems interjero dizainams \u2013 nuo klasikinio iki modernesnio. Prie jo taip pat lengva priderinti k\u0117des. Stalas pagamintas i\u0161 \u0105\u017euolo masyvo, padengto nat\u016braliais augaliniais aliejais. \u0160ie aliejai ne tik apsaugo medienos strukt\u016br\u0105, bet ir pabr\u0117\u017eia nat\u016bral\u0173 jos gro\u017e\u012f. Stalas yra \u012fvairi\u0173 dyd\u017ei\u0173. Stalas pagamintas i\u0161 \u0105\u017euolo masyvo, pasi\u017eymi moderniu stiliumi. Aliejaus apdaila suteikia jam nat\u016bralios medienos i\u0161vaizd\u0105.<br \/>\nRUSTIC balinto \u0105\u017euolo stalas \u2013 matmenys ir savyb\u0117s:<br \/>\nIlgis \u2013 180 (250) cm<br \/>\nPlotis \u2013 90 cm<br \/>\nAuk\u0161tis \u2013 76 cm<br \/>\nVir\u0161uje: 2,2 cm<br \/>\nKojel\u0117s: 14 cm x 8 cm<br \/>\nKiti stal\u0173 dyd\u017eiai, kuriuos galite rasti m\u016bs\u0173 parduotuv\u0117je:<br \/>\n160 x 90 cm<br \/>\nPristatymas \/ Montavimas:<br \/>\n\u2022 Pristatoma kompakti\u0161kose d\u0117\u017e\u0117se.<br \/>\n\u2022 Stalas lengvai surenkamas. Surinkimui reikia 1\u20132 \u017emoni\u0173.<br \/>\n\u2022 Surinkimo instrukcijos ir tvirtinimo priedai<\/p>","protected":false},"excerpt":{"rendered":"<p>RUSTIC \u2013 balinto \u0105\u017euolo stalo detal\u0117s: RUSTIC stalas puikiai tinka bet kokiam kambariui, ypa\u010d valgomajam. J\u012f galima naudoti virtuv\u0117je, valgomajame ir svetain\u0117je. D\u0117l universalaus stalo dizaino jis tinka \u012fvairiems interjero dizainams \u2013 nuo klasikinio iki modernesnio. Prie jo taip pat lengva priderinti k\u0117des. [\u2026]<\/p>","protected":false},"featured_media":340071,"comment_status":"open","ping_status":"open","template":"","meta":[],"product_brand":[],"product_cat":[10176,1934],"product_tag":[],"class_list":{"0":"post-340070","1":"product","2":"type-product","3":"status-publish","4":"has-post-thumbnail","6":"product_cat-hugon-meble","7":"product_cat-tables","9":"first","10":"instock","11":"purchasable","12":"product-type-simple"},"_links":{"self":[{"href":"https:\/\/baldumarket.lt\/lt\/wp-json\/wp\/v2\/product\/340070","targetHints":{"allow":["GET"]}}],"collection":[{"href":"https:\/\/baldumarket.lt\/lt\/wp-json\/wp\/v2\/product"}],"about":[{"href":"https:\/\/baldumarket.lt\/lt\/wp-json\/wp\/v2\/types\/product"}],"replies":[{"embeddable":true,"href":"https:\/\/baldumarket.lt\/lt\/wp-json\/wp\/v2\/comments?post=340070"}],"wp:featuredmedia":[{"embeddable":true,"href":"https:\/\/baldumarket.lt\/lt\/wp-json\/wp\/v2\/media\/340071"}],"wp:attachment":[{"href":"https:\/\/baldumarket.lt\/lt\/wp-json\/wp\/v2\/media?parent=340070"}],"wp:term":[{"taxonomy":"product_brand","embeddable":true,"href":"https:\/\/baldumarket.lt\/lt\/wp-json\/wp\/v2\/product_brand?post=340070"},{"taxonomy":"product_cat","embeddable":true,"href":"https:\/\/baldumarket.lt\/lt\/wp-json\/wp\/v2\/product_cat?post=340070"},{"taxonomy":"product_tag","embeddable":true,"href":"https:\/\/baldumarket.lt\/lt\/wp-json\/wp\/v2\/product_tag?post=340070"}],"curies":[{"name":"wp","href":"https:\/\/api.w.org\/{rel}","templated":true}]}}