{"id":340058,"date":"2026-04-08T19:22:36","date_gmt":"2026-04-08T16:22:36","guid":{"rendered":"https:\/\/baldumarket.lt\/product\/anton-isskleidziamas-stalas-sonoma-azuolas-160230x90\/"},"modified":"2026-04-08T21:02:16","modified_gmt":"2026-04-08T18:02:16","slug":"anton-isskleidziamas-stalas-sonoma-azuolas-160230x90","status":"publish","type":"product","link":"https:\/\/baldumarket.lt\/lt\/product\/anton-isskleidziamas-stalas-sonoma-azuolas-160230x90\/","title":{"rendered":"Antonas i\u0161skleid\u017eiamas stalas, sonoma \u0105\u017euolas, 160(230)x90"},"content":{"rendered":"<p>Detal\u0117s: Medinis stalas \u201eAnton\u201c \u2013 puikus valgomojo kampelio baldas. Jis taip pat tinka didesn\u0117ms virtuv\u0117ms. Jis pagamintas i\u0161 \u0105\u017euolo masyvo, padengto augaliniais aliejais. Tai ne tik apsaugo medien\u0105, bet ir pagerina jos gro\u017e\u012f. D\u0117l specialiai sutvirtinto stalvir\u0161io stalas gali atlaikyti dideles apkrovas. Minimalistinis, paprastas dizainas leid\u017eia j\u012f pritaikyti \u012fvairiems interjerams. Jis dera su daugybe parduotuv\u0117je esan\u010di\u0173 k\u0117d\u017ei\u0173. \u201eAnton\u201c stalai yra \u012fvairi\u0173 dyd\u017ei\u0173. Stalas pagamintas i\u0161 \u0105\u017euolo masyvo, pasi\u017eymi moderniu stiliumi. Matmenys ir specifikacijos: Ilgis \u2013 160 (230) cm Plotis \u2013 90 cm Auk\u0161tis \u2013 76 cm Stalvir\u0161is: 1,8 cm, kra\u0161tai pastorinti iki 3,6 cm Kojel\u0117s: 12 cm x 12 cm<br \/>\nKiti m\u016bs\u0173 parduotuv\u0117je esantys stal\u0173 dyd\u017eiai: 140 x 90 cm 180 x 90 cm 200 x 100 cm Pristatymas \/ montavimas: \u2022 Pristatoma kompakti\u0161kose d\u0117\u017e\u0117se. \u2022 Stalas lengvai surenkamas. Surinkimui reikia 1\u20132 \u017emoni\u0173. \u2022 Pridedamos surinkimo instrukcijos ir tvirtinimo priedai.<\/p>","protected":false},"excerpt":{"rendered":"<p>Detal\u0117s: Medinis stalas \u201eAnton\u201c puikiai tinka valgomojo kampeliui apstatyti. Jis taip pat tinka didesn\u0117ms virtuv\u0117ms. Jis pagamintas i\u0161 tvirtos \u0105\u017euolo medienos, padengtos augaliniais aliejais. Tai ne tik apsaugo medien\u0105, bet ir pagerina jos gro\u017e\u012f. D\u0117l specialiai sutvirtinto stalvir\u0161io stalas gali atlaikyti dideles apkrovas. Jo minimalistinis, be puo\u0161men\u0173 [\u2026]<\/p>","protected":false},"featured_media":340059,"comment_status":"open","ping_status":"open","template":"","meta":[],"product_brand":[],"product_cat":[10176,1934],"product_tag":[],"class_list":{"0":"post-340058","1":"product","2":"type-product","3":"status-publish","4":"has-post-thumbnail","6":"product_cat-hugon-meble","7":"product_cat-tables","9":"first","10":"instock","11":"purchasable","12":"product-type-simple"},"_links":{"self":[{"href":"https:\/\/baldumarket.lt\/lt\/wp-json\/wp\/v2\/product\/340058","targetHints":{"allow":["GET"]}}],"collection":[{"href":"https:\/\/baldumarket.lt\/lt\/wp-json\/wp\/v2\/product"}],"about":[{"href":"https:\/\/baldumarket.lt\/lt\/wp-json\/wp\/v2\/types\/product"}],"replies":[{"embeddable":true,"href":"https:\/\/baldumarket.lt\/lt\/wp-json\/wp\/v2\/comments?post=340058"}],"wp:featuredmedia":[{"embeddable":true,"href":"https:\/\/baldumarket.lt\/lt\/wp-json\/wp\/v2\/media\/340059"}],"wp:attachment":[{"href":"https:\/\/baldumarket.lt\/lt\/wp-json\/wp\/v2\/media?parent=340058"}],"wp:term":[{"taxonomy":"product_brand","embeddable":true,"href":"https:\/\/baldumarket.lt\/lt\/wp-json\/wp\/v2\/product_brand?post=340058"},{"taxonomy":"product_cat","embeddable":true,"href":"https:\/\/baldumarket.lt\/lt\/wp-json\/wp\/v2\/product_cat?post=340058"},{"taxonomy":"product_tag","embeddable":true,"href":"https:\/\/baldumarket.lt\/lt\/wp-json\/wp\/v2\/product_tag?post=340058"}],"curies":[{"name":"wp","href":"https:\/\/api.w.org\/{rel}","templated":true}]}}