{"id":340052,"date":"2026-04-08T19:22:31","date_gmt":"2026-04-08T16:22:31","guid":{"rendered":"https:\/\/baldumarket.lt\/product\/anton-isskleidziamas-stalas-sonoma-azuolas-180250x90\/"},"modified":"2026-04-08T21:02:16","modified_gmt":"2026-04-08T18:02:16","slug":"anton-isskleidziamas-stalas-sonoma-azuolas-180250x90","status":"publish","type":"product","link":"https:\/\/baldumarket.lt\/lt\/product\/anton-isskleidziamas-stalas-sonoma-azuolas-180250x90\/","title":{"rendered":"Antonas i\u0161skleid\u017eiamas stalas, sonoma \u0105\u017euolas, 180(250)x90"},"content":{"rendered":"<p>Anton i\u0161traukiamas stalas \u2013 Sonoma \u0105\u017euolas \u2013 I\u0161sami informacija:<br \/>\n\u201eAnton\u201c stalas yra i\u0161skirtinai tvirtas baldas, puikiai tinkantis valgomajam ar valgomojo kampeliui. Pagamintas vien i\u0161 \u0105\u017euolo masyvo, kaip ir visi m\u016bs\u0173 parduotuv\u0117je esantys baldai, jis yra apdorotas augaliniais aliejais. \u0160ie aliejai ne tik apsaugo medien\u0105, bet ir pabr\u0117\u017eia jos nat\u016bral\u0173 gro\u017e\u012f. Stalvir\u0161is yra papildomai sutvirtintas. Visas baldas yra be dekoracij\u0173 ir minimalistinis. Tai leid\u017eia j\u012f derinti prie daugelio esam\u0173 dekor\u0173. Jis taip pat lengvai papildo m\u016bs\u0173 kolekcijoje esan\u010dias k\u0117des. Galima \u012fsigyti \u012fvairi\u0173 dyd\u017ei\u0173. Stalas pagamintas i\u0161 \u0105\u017euolo masyvo, \u0161iuolaiki\u0161ku stiliumi. Per\u2026 ANTON \u0105\u017euolinio stalo matmenys ir specifikacijos:<br \/>\nIlgis \u2013 180 (250) cm<br \/>\nPlotis \u2013 90 cm<br \/>\nAuk\u0161tis \u2013 76 cm<br \/>\nVir\u0161uje: 1,8 cm, kra\u0161tai pastorinti iki 3,6 cm<br \/>\nKojel\u0117s: 12 cm x 12 cm<br \/>\nKiti stal\u0173 dyd\u017eiai, kuriuos galite rasti m\u016bs\u0173 parduotuv\u0117je:<br \/>\n140 x 90 cm<br \/>\n160 x 90 cm<br \/>\n200 x 100 cm<br \/>\nPristatymas \/ Montavimas:<br \/>\n\u2022 Pristatoma kompakti\u0161kose d\u0117\u017e\u0117se.<br \/>\n\u2022 Stalas lengvai surenkamas. Surinkimui reikia 1\u20132 \u017emoni\u0173.<br \/>\n\u2022 Surinkimo instrukcijos ir tvirtinimo priedai<\/p>","protected":false},"excerpt":{"rendered":"<p>I\u0161skleid\u017eiamas stalas \u201eAnton\u201c \u2013 Sonoma \u0105\u017euolas \u2013 I\u0161sami informacija: \u201eAnton\u201c stalas yra i\u0161skirtinai tvirtas baldas, puikiai tinkantis valgomajam ar valgomojo kampeliui. Pagamintas tik i\u0161 \u0105\u017euolo masyvo, kaip ir visi m\u016bs\u0173 parduotuv\u0117je esantys baldai, jis yra apdorotas augaliniais aliejais. \u0160ie aliejai ne tik apsaugo medien\u0105, bet ir pagerina jos [\u2026]<\/p>","protected":false},"featured_media":340053,"comment_status":"open","ping_status":"open","template":"","meta":[],"product_brand":[],"product_cat":[10176,1934],"product_tag":[],"class_list":{"0":"post-340052","1":"product","2":"type-product","3":"status-publish","4":"has-post-thumbnail","6":"product_cat-hugon-meble","7":"product_cat-tables","9":"first","10":"instock","11":"purchasable","12":"product-type-simple"},"_links":{"self":[{"href":"https:\/\/baldumarket.lt\/lt\/wp-json\/wp\/v2\/product\/340052","targetHints":{"allow":["GET"]}}],"collection":[{"href":"https:\/\/baldumarket.lt\/lt\/wp-json\/wp\/v2\/product"}],"about":[{"href":"https:\/\/baldumarket.lt\/lt\/wp-json\/wp\/v2\/types\/product"}],"replies":[{"embeddable":true,"href":"https:\/\/baldumarket.lt\/lt\/wp-json\/wp\/v2\/comments?post=340052"}],"wp:featuredmedia":[{"embeddable":true,"href":"https:\/\/baldumarket.lt\/lt\/wp-json\/wp\/v2\/media\/340053"}],"wp:attachment":[{"href":"https:\/\/baldumarket.lt\/lt\/wp-json\/wp\/v2\/media?parent=340052"}],"wp:term":[{"taxonomy":"product_brand","embeddable":true,"href":"https:\/\/baldumarket.lt\/lt\/wp-json\/wp\/v2\/product_brand?post=340052"},{"taxonomy":"product_cat","embeddable":true,"href":"https:\/\/baldumarket.lt\/lt\/wp-json\/wp\/v2\/product_cat?post=340052"},{"taxonomy":"product_tag","embeddable":true,"href":"https:\/\/baldumarket.lt\/lt\/wp-json\/wp\/v2\/product_tag?post=340052"}],"curies":[{"name":"wp","href":"https:\/\/api.w.org\/{rel}","templated":true}]}}