{"id":340046,"date":"2026-04-08T19:22:26","date_gmt":"2026-04-08T16:22:26","guid":{"rendered":"https:\/\/baldumarket.lt\/product\/anton-isskleidziamas-stalas-sonoma-azuolas-200270x100\/"},"modified":"2026-04-08T21:02:16","modified_gmt":"2026-04-08T18:02:16","slug":"anton-isskleidziamas-stalas-sonoma-azuolas-200270x100","status":"publish","type":"product","link":"https:\/\/baldumarket.lt\/lt\/product\/anton-isskleidziamas-stalas-sonoma-azuolas-200270x100\/","title":{"rendered":"Antonas i\u0161skleid\u017eiamas stalas, sonoma \u0105\u017euolas, 200(270)x100"},"content":{"rendered":"<p>Detal\u0117s: \u201eAnton\u201c stalas \u2013 klasikinis baldas, puikiai tinkantis valgomajam ar kampeliui. Jis pagamintas vien i\u0161 \u0105\u017euolo, padengto nat\u016braliais augaliniais aliejais. \u0160ie aliejai ne tik apsaugo, bet ir pagerina medienos gro\u017e\u012f. Stalas turi sutvirtint\u0105 stalvir\u0161\u012f, u\u017etikrinant\u012f stabilum\u0105. D\u0117l universalaus dizaino j\u012f galima derinti su bet kuria m\u016bs\u0173 parduotuv\u0117je esan\u010dia k\u0117de. Jis papildys \u012fvairius interjerus \u2013 nuo modernaus iki stilingesnio, pavyzd\u017eiui, kaimi\u0161ko. Taip pat si\u016blomi \u0161iek tiek kitoki\u0173 dyd\u017ei\u0173 stalai. Stalas pagamintas i\u0161 tvirtos \u0105\u017euolo medienos, \u0161iuolaiki\u0161ku stiliumi. Matmenys ir specifikacijos: Ilgis \u2013 200 (270) cm Plotis \u2013 100 cm Auk\u0161tis \u2013 76 cm Stalvir\u0161is: 1,8 cm, kra\u0161tai pastorinti iki 3,6 cm Kojel\u0117s: 12 cm x 12 cm<br \/>\nKiti m\u016bs\u0173 parduotuv\u0117je esantys stal\u0173 dyd\u017eiai: 140 x 90 cm 160 x 90 cm 180 x 90 cm Pristatymas \/ montavimas: \u2022 Pristatoma kompakti\u0161kose d\u0117\u017e\u0117se. \u2022 Stalas lengvai surenkamas. Surinkimui reikia 1\u20132 \u017emoni\u0173. \u2022 Pridedamos surinkimo instrukcijos ir tvirtinimo priedai.<\/p>","protected":false},"excerpt":{"rendered":"<p>Detal\u0117s: \u201eAnton\u201c stalas yra klasikinis baldas, puikiai tinkantis valgomajam ar kampeliui. Jis pagamintas i\u0161 \u0105\u017euolo, padengto nat\u016braliais augaliniais aliejais. \u0160ie aliejai ne tik apsaugo, bet ir pagerina medienos gro\u017e\u012f. Stalas turi sutvirtint\u0105 stalvir\u0161\u012f, u\u017etikrinant\u012f stabilum\u0105. Universalus dizainas leid\u017eia j\u012f derinti su [\u2026]<\/p>","protected":false},"featured_media":340047,"comment_status":"open","ping_status":"open","template":"","meta":[],"product_brand":[],"product_cat":[10176,1934],"product_tag":[],"class_list":{"0":"post-340046","1":"product","2":"type-product","3":"status-publish","4":"has-post-thumbnail","6":"product_cat-hugon-meble","7":"product_cat-tables","9":"first","10":"instock","11":"purchasable","12":"product-type-simple"},"_links":{"self":[{"href":"https:\/\/baldumarket.lt\/lt\/wp-json\/wp\/v2\/product\/340046","targetHints":{"allow":["GET"]}}],"collection":[{"href":"https:\/\/baldumarket.lt\/lt\/wp-json\/wp\/v2\/product"}],"about":[{"href":"https:\/\/baldumarket.lt\/lt\/wp-json\/wp\/v2\/types\/product"}],"replies":[{"embeddable":true,"href":"https:\/\/baldumarket.lt\/lt\/wp-json\/wp\/v2\/comments?post=340046"}],"wp:featuredmedia":[{"embeddable":true,"href":"https:\/\/baldumarket.lt\/lt\/wp-json\/wp\/v2\/media\/340047"}],"wp:attachment":[{"href":"https:\/\/baldumarket.lt\/lt\/wp-json\/wp\/v2\/media?parent=340046"}],"wp:term":[{"taxonomy":"product_brand","embeddable":true,"href":"https:\/\/baldumarket.lt\/lt\/wp-json\/wp\/v2\/product_brand?post=340046"},{"taxonomy":"product_cat","embeddable":true,"href":"https:\/\/baldumarket.lt\/lt\/wp-json\/wp\/v2\/product_cat?post=340046"},{"taxonomy":"product_tag","embeddable":true,"href":"https:\/\/baldumarket.lt\/lt\/wp-json\/wp\/v2\/product_tag?post=340046"}],"curies":[{"name":"wp","href":"https:\/\/api.w.org\/{rel}","templated":true}]}}