{"id":340040,"date":"2026-04-08T19:22:18","date_gmt":"2026-04-08T16:22:18","guid":{"rendered":"https:\/\/baldumarket.lt\/product\/isskleidziamas-stalas-sonoma-azuolas-bornholm-140190x90\/"},"modified":"2026-04-08T21:02:16","modified_gmt":"2026-04-08T18:02:16","slug":"isskleidziamas-stalas-sonoma-azuolas-bornholm-140190x90","status":"publish","type":"product","link":"https:\/\/baldumarket.lt\/lt\/product\/isskleidziamas-stalas-sonoma-azuolas-bornholm-140190x90\/","title":{"rendered":"I\u0161skleid\u017eiamas stalas, Sonoma \u0105\u017euolas, BORNHOLM, 140(190)x90"},"content":{"rendered":"<p>Detal\u0117s: Stalas su papildomu \u012fd\u0117klu puikiai tinka valgomajam. Jis taip pat gali puikiai tikti kitame kambaryje, kuriame bus sukurtas valgomojo kampelis. Jo pavir\u0161i\u0173 bet kada galima i\u0161pl\u0117sti papildomu \u012fd\u0117klu. \u201eBornholm\u201c stalas pagamintas i\u0161 \u0105\u017euolo masyvo. Siekiant geresn\u0117s apsaugos, lenta yra alyvuota. \u0160is papildomas efektas taip pat pabr\u0117\u017eia nat\u016bralias medienos savybes. Stalas pasi\u017eymi universalia i\u0161vaizda, kuri puikiai der\u0117s prie daugelio stili\u0173 \u2013 nuo klasikinio iki modernaus. J\u012f taip pat lengva priderinti prie k\u0117d\u017ei\u0173 i\u0161 turim\u0173 kolekcij\u0173. Stalas pagamintas i\u0161 \u0105\u017euolo masyvo, pasi\u017eymin\u010dio moderniu stiliumi. Balinta apdaila suteikia jam labai stiling\u0105 i\u0161vaizd\u0105. Matmenys ir charakteristikos: Ilgis \u2013 140 cm Plotis \u2013 90 cm Auk\u0161tis \u2013 76 cm Stalvir\u0161is: 2,2 cm Kojel\u0117s: 8 cm x 8 cm Pristatymas \/ montavimas: \u2022 Pristatoma kompakti\u0161kose d\u0117\u017e\u0117se. \u2022 Stal\u0105 lengva surinkti. Surinkimui reikia 1\u20132 \u017emoni\u0173. \u2022 Surinkimo instrukcijos ir surinkimo priedai<\/p>","protected":false},"excerpt":{"rendered":"<p>Detal\u0117s: Stalas su papildomu \u012fd\u0117klu puikiai tinka valgomajam. Jis taip pat gali puikiai tikti kitame kambaryje, kuriame bus sukurtas valgomojo kampelis. Jo pavir\u0161i\u0173 bet kada galima i\u0161pl\u0117sti papildomu \u012fd\u0117klu. \u201eBornholm\u201c stalas pagamintas i\u0161 \u0105\u017euolo masyvo. Siekiant geresn\u0117s apsaugos, lenta [\u2026]<\/p>","protected":false},"featured_media":340041,"comment_status":"open","ping_status":"open","template":"","meta":[],"product_brand":[],"product_cat":[10176,1934],"product_tag":[],"class_list":{"0":"post-340040","1":"product","2":"type-product","3":"status-publish","4":"has-post-thumbnail","6":"product_cat-hugon-meble","7":"product_cat-tables","9":"first","10":"instock","11":"purchasable","12":"product-type-simple"},"_links":{"self":[{"href":"https:\/\/baldumarket.lt\/lt\/wp-json\/wp\/v2\/product\/340040","targetHints":{"allow":["GET"]}}],"collection":[{"href":"https:\/\/baldumarket.lt\/lt\/wp-json\/wp\/v2\/product"}],"about":[{"href":"https:\/\/baldumarket.lt\/lt\/wp-json\/wp\/v2\/types\/product"}],"replies":[{"embeddable":true,"href":"https:\/\/baldumarket.lt\/lt\/wp-json\/wp\/v2\/comments?post=340040"}],"wp:featuredmedia":[{"embeddable":true,"href":"https:\/\/baldumarket.lt\/lt\/wp-json\/wp\/v2\/media\/340041"}],"wp:attachment":[{"href":"https:\/\/baldumarket.lt\/lt\/wp-json\/wp\/v2\/media?parent=340040"}],"wp:term":[{"taxonomy":"product_brand","embeddable":true,"href":"https:\/\/baldumarket.lt\/lt\/wp-json\/wp\/v2\/product_brand?post=340040"},{"taxonomy":"product_cat","embeddable":true,"href":"https:\/\/baldumarket.lt\/lt\/wp-json\/wp\/v2\/product_cat?post=340040"},{"taxonomy":"product_tag","embeddable":true,"href":"https:\/\/baldumarket.lt\/lt\/wp-json\/wp\/v2\/product_tag?post=340040"}],"curies":[{"name":"wp","href":"https:\/\/api.w.org\/{rel}","templated":true}]}}