{"id":340034,"date":"2026-04-08T19:22:09","date_gmt":"2026-04-08T16:22:09","guid":{"rendered":"https:\/\/baldumarket.lt\/product\/isskleidziamas-stalas-sonoma-azuolas-bornholm-160210x90\/"},"modified":"2026-04-08T21:02:16","modified_gmt":"2026-04-08T18:02:16","slug":"isskleidziamas-stalas-sonoma-azuolas-bornholm-160210x90","status":"publish","type":"product","link":"https:\/\/baldumarket.lt\/lt\/product\/isskleidziamas-stalas-sonoma-azuolas-bornholm-160210x90\/","title":{"rendered":"I\u0161skleid\u017eiamas stalas, Sonoma \u0105\u017euolas, BORNHOLM, 160(210)x90"},"content":{"rendered":"<p>Detal\u0117s: \u201eBornholm\u201c stalas yra minimalistinis valgomojo stalas. Jis pagamintas i\u0161 \u0105\u017euolo masyvo. Lentos papildomai apdorotos augaliniais aliejais, kurie ne tik apsaugo, bet ir i\u0161ry\u0161kina nat\u016bral\u0173 medienos gro\u017e\u012f. Stalas yra \u0161iek tiek balintas, suteikiant jam lengvumo. Jo spalvos puikiai dera prie kaimi\u0161ko ir angli\u0161ko interjero. J\u012f galima derinti su daugeliu bald\u0173 i\u0161 turim\u0173 kolekcij\u0173, ypa\u010d su baltai balintais. Nor\u0117dami padidinti jo pavir\u0161i\u0173, naudokite \u012fd\u0117kl\u0105. Stalas yra \u012fvairi\u0173 dyd\u017ei\u0173. Stalas pagamintas i\u0161 \u0105\u017euolo masyvo, modernaus stiliaus. Baltai balinta apdaila suteikia jam labai stiling\u0105 i\u0161vaizd\u0105. Matmenys ir charakteristikos: Ilgis \u2013 160 cm Plotis \u2013 90 cm Auk\u0161tis \u2013 76 cm Stalvir\u0161is: 2,2 cm Kojel\u0117s: 8 cm x 8 cm Pristatymas \/ montavimas: \u2022 Pristatoma kompakti\u0161kose d\u0117\u017e\u0117se. \u2022 Stal\u0105 lengva surinkti. Surinkimui reikia 1\u20132 \u017emoni\u0173. \u2022 Surinkimo instrukcijos ir surinkimo priedai<\/p>","protected":false},"excerpt":{"rendered":"<p>Detal\u0117s: \u201eBornholm\u201c stalas yra minimalistinis valgomojo stalas. Jis pagamintas i\u0161 tvirtos \u0105\u017euolo medienos. Lentos papildomai apdorotos augaliniais aliejais, kurie ne tik apsaugo, bet ir i\u0161ry\u0161kina nat\u016bral\u0173 medienos gro\u017e\u012f. Stalas yra \u0161iek tiek balintas, suteikiant baldui lengvumo. Jo spalvos puikiai dera su kaimi\u0161ku ir [\u2026]<\/p>","protected":false},"featured_media":340035,"comment_status":"open","ping_status":"open","template":"","meta":[],"product_brand":[],"product_cat":[10176,1934],"product_tag":[],"class_list":{"0":"post-340034","1":"product","2":"type-product","3":"status-publish","4":"has-post-thumbnail","6":"product_cat-hugon-meble","7":"product_cat-tables","9":"first","10":"instock","11":"purchasable","12":"product-type-simple"},"_links":{"self":[{"href":"https:\/\/baldumarket.lt\/lt\/wp-json\/wp\/v2\/product\/340034","targetHints":{"allow":["GET"]}}],"collection":[{"href":"https:\/\/baldumarket.lt\/lt\/wp-json\/wp\/v2\/product"}],"about":[{"href":"https:\/\/baldumarket.lt\/lt\/wp-json\/wp\/v2\/types\/product"}],"replies":[{"embeddable":true,"href":"https:\/\/baldumarket.lt\/lt\/wp-json\/wp\/v2\/comments?post=340034"}],"wp:featuredmedia":[{"embeddable":true,"href":"https:\/\/baldumarket.lt\/lt\/wp-json\/wp\/v2\/media\/340035"}],"wp:attachment":[{"href":"https:\/\/baldumarket.lt\/lt\/wp-json\/wp\/v2\/media?parent=340034"}],"wp:term":[{"taxonomy":"product_brand","embeddable":true,"href":"https:\/\/baldumarket.lt\/lt\/wp-json\/wp\/v2\/product_brand?post=340034"},{"taxonomy":"product_cat","embeddable":true,"href":"https:\/\/baldumarket.lt\/lt\/wp-json\/wp\/v2\/product_cat?post=340034"},{"taxonomy":"product_tag","embeddable":true,"href":"https:\/\/baldumarket.lt\/lt\/wp-json\/wp\/v2\/product_tag?post=340034"}],"curies":[{"name":"wp","href":"https:\/\/api.w.org\/{rel}","templated":true}]}}