{"id":340028,"date":"2026-04-08T19:21:59","date_gmt":"2026-04-08T16:21:59","guid":{"rendered":"https:\/\/baldumarket.lt\/product\/isskleidziamas-stalas-sonoma-azuolas-bornholm-180230x90\/"},"modified":"2026-04-08T21:02:16","modified_gmt":"2026-04-08T18:02:16","slug":"isskleidziamas-stalas-sonoma-azuolas-bornholm-180230x90","status":"publish","type":"product","link":"https:\/\/baldumarket.lt\/lt\/product\/isskleidziamas-stalas-sonoma-azuolas-bornholm-180230x90\/","title":{"rendered":"I\u0161skleid\u017eiamas stalas, Sonoma \u0105\u017euolas, BORNHOLM, 180(230)x90"},"content":{"rendered":"<p>I\u0161skleid\u017eiamas Sonoma \u0105\u017euolo stalas BORNHOLM, 180(230)x90cm<br \/>\nI\u0161sami informacija:<br \/>\n\u201eBornholm\u201c stalas yra vienas i\u0161 m\u016bs\u0173 valgomojo stal\u0173 variant\u0173. Jis pagamintas i\u0161 tvirtos, \u0161iek tiek balintos \u0105\u017euolo medienos. Visas stalas yra alyvuotas, tod\u0117l ne tik apsaugo medien\u0105, bet ir gra\u017eiai i\u0161ry\u0161kina nat\u016brali\u0105 medienos tekst\u016br\u0105. Stalvir\u0161\u012f galima padidinti specialiu \u012fd\u0117klu. \u0160is baldas puikiai papildys daugelio serij\u0173 k\u0117des. Jis gali der\u0117ti prie interjero su balintos ir nat\u016bralios medienos baldais. \u201eBornholm\u201c stalai yra \u012fvairi\u0173 dyd\u017ei\u0173, \u012fskaitant du \u012fd\u0117klus. Juos galima surinkti patiems. Stalas pagamintas i\u0161 tvirtos \u0105\u017euolo medienos, pasi\u017eymi moderniu stiliumi. Balinta apdaila sukuria labai stiling\u0105 vaizd\u0105.<br \/>\nMatmenys ir specifikacijos:<br \/>\n\u00a0<br \/>\nIlgis \u2013 180 cm<br \/>\nPlotis \u2013 90 cm<br \/>\nAuk\u0161tis \u2013 76 cm<br \/>\nStalvir\u0161is: 2,2 cm<br \/>\nKojel\u0117s: 8 cm x 8 cm<br \/>\nPristatymas \/ Montavimas:<br \/>\n\u00a0<br \/>\n\u2022 Pristatoma kompakti\u0161kose d\u0117\u017e\u0117se.<br \/>\n\u2022 Stalas lengvai surenkamas. Surinkimui reikia 1\u20132 \u017emoni\u0173.<br \/>\n\u2022 Surinkimo instrukcijos ir tvirtinimo priedai<\/p>","protected":false},"excerpt":{"rendered":"<p>Extendable Sonoma Oak Table BORNHOLM, 180(230)x90cm Details: The Bornholm table is one of our dining table options. It&#8217;s made of solid, slightly bleached oak. The entire table has been oiled, which not only protects the wood but also beautifully highlights the natural grain. The tabletop can be enlarged with a special insert. This piece will [&hellip;]<\/p>","protected":false},"featured_media":340029,"comment_status":"open","ping_status":"open","template":"","meta":[],"product_brand":[],"product_cat":[10176,1934],"product_tag":[],"class_list":{"0":"post-340028","1":"product","2":"type-product","3":"status-publish","4":"has-post-thumbnail","6":"product_cat-hugon-meble","7":"product_cat-tables","9":"first","10":"instock","11":"purchasable","12":"product-type-simple"},"_links":{"self":[{"href":"https:\/\/baldumarket.lt\/lt\/wp-json\/wp\/v2\/product\/340028","targetHints":{"allow":["GET"]}}],"collection":[{"href":"https:\/\/baldumarket.lt\/lt\/wp-json\/wp\/v2\/product"}],"about":[{"href":"https:\/\/baldumarket.lt\/lt\/wp-json\/wp\/v2\/types\/product"}],"replies":[{"embeddable":true,"href":"https:\/\/baldumarket.lt\/lt\/wp-json\/wp\/v2\/comments?post=340028"}],"wp:featuredmedia":[{"embeddable":true,"href":"https:\/\/baldumarket.lt\/lt\/wp-json\/wp\/v2\/media\/340029"}],"wp:attachment":[{"href":"https:\/\/baldumarket.lt\/lt\/wp-json\/wp\/v2\/media?parent=340028"}],"wp:term":[{"taxonomy":"product_brand","embeddable":true,"href":"https:\/\/baldumarket.lt\/lt\/wp-json\/wp\/v2\/product_brand?post=340028"},{"taxonomy":"product_cat","embeddable":true,"href":"https:\/\/baldumarket.lt\/lt\/wp-json\/wp\/v2\/product_cat?post=340028"},{"taxonomy":"product_tag","embeddable":true,"href":"https:\/\/baldumarket.lt\/lt\/wp-json\/wp\/v2\/product_tag?post=340028"}],"curies":[{"name":"wp","href":"https:\/\/api.w.org\/{rel}","templated":true}]}}