{"id":340009,"date":"2026-04-08T19:21:37","date_gmt":"2026-04-08T16:21:37","guid":{"rendered":"https:\/\/baldumarket.lt\/product\/falko-azuolinis-stalas-180x100\/"},"modified":"2026-04-08T21:02:05","modified_gmt":"2026-04-08T18:02:05","slug":"falko-azuolinis-stalas-180x100","status":"publish","type":"product","link":"https:\/\/baldumarket.lt\/lt\/product\/falko-azuolinis-stalas-180x100\/","title":{"rendered":"FALKO \u0105\u017euolinis stalas 180\u00d7100"},"content":{"rendered":"<p>I\u0161sami informacija:<br \/>\n\u00a0<br \/>\nStalas pagamintas i\u0161 tvirtos \u0105\u017euolo medienos. Aliejaus apdaila suteikia jam nat\u016bralios medienos i\u0161vaizd\u0105. Metalin\u0117s kojel\u0117s yra da\u017eytos milteliniu b\u016bdu juoda spalva.<br \/>\n\u00a0<br \/>\nMatmenys ir specifikacijos:<br \/>\n\u00a0<br \/>\nIlgis \u2013 180 cm<br \/>\nPlotis \u2013 100 cm<br \/>\nAuk\u0161tis \u2013 76 cm<br \/>\nVir\u0161uje: 1,8 cm, vir\u0161utiniai kra\u0161tai 6 cm<br \/>\nKoj\u0173 spalvos: juoda, pilka<br \/>\nPristatymas \/ Montavimas:<br \/>\n\u00a0<br \/>\n\u2022 Pristatoma kompakti\u0161kose d\u0117\u017e\u0117se.<br \/>\n\u2022 Stalas lengvai surenkamas. Surinkimui reikia 1\u20132 \u017emoni\u0173.<br \/>\n\u2022 Pridedamos surinkimo instrukcijos ir tvirtinimo priedai.<\/p>","protected":false},"excerpt":{"rendered":"<p>Detal\u0117s: Stalas pagamintas i\u0161 tvirtos \u0105\u017euolo medienos. Aliejaus apdaila suteikia jam nat\u016bralaus med\u017eio i\u0161vaizd\u0105. Metalin\u0117s kojel\u0117s yra da\u017eytos milteliniu b\u016bdu juodai. Matmenys ir specifikacijos: Ilgis \u2013 180 cm Plotis \u2013 100 cm Auk\u0161tis \u2013 76 cm Vir\u0161us: 1,8 cm, vir\u0161utiniai kra\u0161tai 6 cm Koj\u0173 spalvos: juoda, pilka Pristatymas [\u2026]<\/p>","protected":false},"featured_media":340010,"comment_status":"open","ping_status":"open","template":"","meta":[],"product_brand":[],"product_cat":[10176,1934],"product_tag":[],"class_list":{"0":"post-340009","1":"product","2":"type-product","3":"status-publish","4":"has-post-thumbnail","6":"product_cat-hugon-meble","7":"product_cat-tables","9":"first","10":"instock","11":"purchasable","12":"product-type-simple"},"_links":{"self":[{"href":"https:\/\/baldumarket.lt\/lt\/wp-json\/wp\/v2\/product\/340009","targetHints":{"allow":["GET"]}}],"collection":[{"href":"https:\/\/baldumarket.lt\/lt\/wp-json\/wp\/v2\/product"}],"about":[{"href":"https:\/\/baldumarket.lt\/lt\/wp-json\/wp\/v2\/types\/product"}],"replies":[{"embeddable":true,"href":"https:\/\/baldumarket.lt\/lt\/wp-json\/wp\/v2\/comments?post=340009"}],"wp:featuredmedia":[{"embeddable":true,"href":"https:\/\/baldumarket.lt\/lt\/wp-json\/wp\/v2\/media\/340010"}],"wp:attachment":[{"href":"https:\/\/baldumarket.lt\/lt\/wp-json\/wp\/v2\/media?parent=340009"}],"wp:term":[{"taxonomy":"product_brand","embeddable":true,"href":"https:\/\/baldumarket.lt\/lt\/wp-json\/wp\/v2\/product_brand?post=340009"},{"taxonomy":"product_cat","embeddable":true,"href":"https:\/\/baldumarket.lt\/lt\/wp-json\/wp\/v2\/product_cat?post=340009"},{"taxonomy":"product_tag","embeddable":true,"href":"https:\/\/baldumarket.lt\/lt\/wp-json\/wp\/v2\/product_tag?post=340009"}],"curies":[{"name":"wp","href":"https:\/\/api.w.org\/{rel}","templated":true}]}}