{"id":339996,"date":"2026-04-08T19:21:26","date_gmt":"2026-04-08T16:21:26","guid":{"rendered":"https:\/\/baldumarket.lt\/product\/falko-azuolinis-stalas-240x100\/"},"modified":"2026-04-08T21:02:05","modified_gmt":"2026-04-08T18:02:05","slug":"falko-azuolinis-stalas-240x100","status":"publish","type":"product","link":"https:\/\/baldumarket.lt\/lt\/product\/falko-azuolinis-stalas-240x100\/","title":{"rendered":"FALKO \u0105\u017euolinis stalas 240\u00d7100"},"content":{"rendered":"<p>I\u0161sami informacija:<br \/>\n\u00a0<br \/>\nStalas pagamintas i\u0161 tvirtos \u0105\u017euolo medienos. Aliejaus apdaila suteikia jam nat\u016bralios medienos i\u0161vaizd\u0105. Kojos \u2013 juodos, milteliniu b\u016bdu da\u017eytos metalin\u0117s.<br \/>\n\u00a0 Matmenys ir specifikacijos:<br \/>\n\u00a0<br \/>\nIlgis \u2013 240 cm<br \/>\nPlotis \u2013 100 cm<br \/>\nAuk\u0161tis \u2013 76 cm<br \/>\nStalvir\u0161is: 1,8 cm, stalvir\u0161io kra\u0161tai 6 cm<br \/>\nKoj\u0173 spalva: juoda<br \/>\nPristatymas \/ Montavimas:<br \/>\n\u00a0<br \/>\n\u2022 Pristatoma kompakti\u0161kose d\u0117\u017e\u0117se.<br \/>\n\u2022 Stalas lengvai surenkamas. Surinkimui reikia 1\u20132 \u017emoni\u0173.<br \/>\n\u2022 Pridedamos surinkimo instrukcijos ir tvirtinimo priedai.<\/p>","protected":false},"excerpt":{"rendered":"<p>Detal\u0117s: Stalas pagamintas i\u0161 tvirtos \u0105\u017euolo medienos. Aliejaus apdaila suteikia jam nat\u016bralios medienos i\u0161vaizd\u0105. Kojos \u2013 juodos, milteliniu b\u016bdu da\u017eytos metalin\u0117s. Matmenys ir specifikacijos: Ilgis \u2013 240 cm Plotis \u2013 100 cm Auk\u0161tis \u2013 76 cm Stalvir\u0161is: 1,8 cm, stalvir\u0161io kra\u0161tai 6 cm Koj\u0173 spalva: juoda Pristatymas \/ Montavimas: \u2022 [\u2026]<\/p>","protected":false},"featured_media":339997,"comment_status":"open","ping_status":"open","template":"","meta":[],"product_brand":[],"product_cat":[10176,1934],"product_tag":[],"class_list":{"0":"post-339996","1":"product","2":"type-product","3":"status-publish","4":"has-post-thumbnail","6":"product_cat-hugon-meble","7":"product_cat-tables","9":"first","10":"instock","11":"purchasable","12":"product-type-simple"},"_links":{"self":[{"href":"https:\/\/baldumarket.lt\/lt\/wp-json\/wp\/v2\/product\/339996","targetHints":{"allow":["GET"]}}],"collection":[{"href":"https:\/\/baldumarket.lt\/lt\/wp-json\/wp\/v2\/product"}],"about":[{"href":"https:\/\/baldumarket.lt\/lt\/wp-json\/wp\/v2\/types\/product"}],"replies":[{"embeddable":true,"href":"https:\/\/baldumarket.lt\/lt\/wp-json\/wp\/v2\/comments?post=339996"}],"wp:featuredmedia":[{"embeddable":true,"href":"https:\/\/baldumarket.lt\/lt\/wp-json\/wp\/v2\/media\/339997"}],"wp:attachment":[{"href":"https:\/\/baldumarket.lt\/lt\/wp-json\/wp\/v2\/media?parent=339996"}],"wp:term":[{"taxonomy":"product_brand","embeddable":true,"href":"https:\/\/baldumarket.lt\/lt\/wp-json\/wp\/v2\/product_brand?post=339996"},{"taxonomy":"product_cat","embeddable":true,"href":"https:\/\/baldumarket.lt\/lt\/wp-json\/wp\/v2\/product_cat?post=339996"},{"taxonomy":"product_tag","embeddable":true,"href":"https:\/\/baldumarket.lt\/lt\/wp-json\/wp\/v2\/product_tag?post=339996"}],"curies":[{"name":"wp","href":"https:\/\/api.w.org\/{rel}","templated":true}]}}