{"id":339972,"date":"2026-04-08T19:21:01","date_gmt":"2026-04-08T16:21:01","guid":{"rendered":"https:\/\/baldumarket.lt\/product\/irys-azuolinis-stalas-200x100\/"},"modified":"2026-04-08T21:02:05","modified_gmt":"2026-04-08T18:02:05","slug":"irys-azuolinis-stalas-200x100","status":"publish","type":"product","link":"https:\/\/baldumarket.lt\/lt\/product\/irys-azuolinis-stalas-200x100\/","title":{"rendered":"IRYS \u0105\u017euolinis stalas 200&#215;100"},"content":{"rendered":"<p>I\u0161sami informacija:<br \/>\n\u00a0<br \/>\nStalas pagamintas i\u0161 tvirtos \u0105\u017euolo medienos. Aliejaus apdaila suteikia jam nat\u016bralios medienos i\u0161vaizd\u0105. Kojos \u2013 juodos, milteliniu b\u016bdu da\u017eytos metalin\u0117s.<br \/>\nKojeli\u0173 pasirinkimas (TSS \u2013 voratinklin\u0117s, TUS \u2013 U formos, TXS \u2013 X formos)<br \/>\nMatmenys ir specifikacijos:<br \/>\n\u00a0<br \/>\nIlgis \u2013 200 cm<br \/>\nPlotis \u2013 100 cm<br \/>\nAuk\u0161tis \u2013 76 cm<br \/>\nStalvir\u0161is: 2 cm, stalvir\u0161io kra\u0161tai 4 cm<br \/>\nKoj\u0173 spalva: juoda<br \/>\nPristatymas \/ Montavimas:<br \/>\n\u00a0<br \/>\n\u2022 Pristatoma kompakti\u0161kose d\u0117\u017e\u0117se.<br \/>\n\u2022 Stalas lengvai surenkamas. Surinkimui reikia 1\u20132 \u017emoni\u0173.<br \/>\n\u2022 Pridedamos surinkimo instrukcijos ir tvirtinimo priedai.<\/p>","protected":false},"excerpt":{"rendered":"<p>Details: \u00a0 The table is made of solid oak wood. An oil finish gives it a natural wood look. Black powder-coated metal legs. Choice of legs (TSS &#8211; spider, TUS &#8211; U-shape, TXS &#8211; X-shape) Dimensions and specifications: \u00a0 Length &#8211; 200 cm Width &#8211; 100 cm Height &#8211; 76 cm Tabletop: 2 cm, tabletop [&hellip;]<\/p>","protected":false},"featured_media":339973,"comment_status":"open","ping_status":"open","template":"","meta":[],"product_brand":[],"product_cat":[10176,1934],"product_tag":[],"class_list":{"0":"post-339972","1":"product","2":"type-product","3":"status-publish","4":"has-post-thumbnail","6":"product_cat-hugon-meble","7":"product_cat-tables","9":"first","10":"instock","11":"purchasable","12":"product-type-simple"},"_links":{"self":[{"href":"https:\/\/baldumarket.lt\/lt\/wp-json\/wp\/v2\/product\/339972","targetHints":{"allow":["GET"]}}],"collection":[{"href":"https:\/\/baldumarket.lt\/lt\/wp-json\/wp\/v2\/product"}],"about":[{"href":"https:\/\/baldumarket.lt\/lt\/wp-json\/wp\/v2\/types\/product"}],"replies":[{"embeddable":true,"href":"https:\/\/baldumarket.lt\/lt\/wp-json\/wp\/v2\/comments?post=339972"}],"wp:featuredmedia":[{"embeddable":true,"href":"https:\/\/baldumarket.lt\/lt\/wp-json\/wp\/v2\/media\/339973"}],"wp:attachment":[{"href":"https:\/\/baldumarket.lt\/lt\/wp-json\/wp\/v2\/media?parent=339972"}],"wp:term":[{"taxonomy":"product_brand","embeddable":true,"href":"https:\/\/baldumarket.lt\/lt\/wp-json\/wp\/v2\/product_brand?post=339972"},{"taxonomy":"product_cat","embeddable":true,"href":"https:\/\/baldumarket.lt\/lt\/wp-json\/wp\/v2\/product_cat?post=339972"},{"taxonomy":"product_tag","embeddable":true,"href":"https:\/\/baldumarket.lt\/lt\/wp-json\/wp\/v2\/product_tag?post=339972"}],"curies":[{"name":"wp","href":"https:\/\/api.w.org\/{rel}","templated":true}]}}