{"id":339950,"date":"2026-04-08T19:20:43","date_gmt":"2026-04-08T16:20:43","guid":{"rendered":"https:\/\/baldumarket.lt\/product\/azuolo-paneliu-stalas-modena-200x100\/"},"modified":"2026-04-08T21:01:51","modified_gmt":"2026-04-08T18:01:51","slug":"azuolo-paneliu-stalas-modena-200x100","status":"publish","type":"product","link":"https:\/\/baldumarket.lt\/lt\/product\/azuolo-paneliu-stalas-modena-200x100\/","title":{"rendered":"\u0104\u017euolo paneli\u0173 stalas MODENA 200&#215;100"},"content":{"rendered":"<p>I\u0161sami informacija:<br \/>\n\u00a0<br \/>\nStalas pagamintas i\u0161 tvirtos \u0105\u017euolo medienos. Aliejaus apdaila suteikia jam nat\u016bralios medienos i\u0161vaizd\u0105. Metalin\u0117s kojel\u0117s yra da\u017eytos milteliniu b\u016bdu juoda spalva.<br \/>\nMatmenys ir specifikacijos:<br \/>\n\u00a0<br \/>\nIlgis \u2013 200 cm<br \/>\nPlotis \u2013 100 cm<br \/>\nAuk\u0161tis \u2013 76 cm<br \/>\nStalvir\u0161is: 2 cm, stalvir\u0161io kra\u0161tai 4 cm<br \/>\nKoj\u0173 spalva: juoda<br \/>\nPristatymas \/ Montavimas:<br \/>\n\u00a0<br \/>\n\u2022 Pristatoma kompakti\u0161kose d\u0117\u017e\u0117se.<br \/>\n\u2022 Stalas lengvai surenkamas. Surinkimui reikia 1\u20132 \u017emoni\u0173.<br \/>\n\u2022 Pridedamos surinkimo instrukcijos ir tvirtinimo priedai.<\/p>","protected":false},"excerpt":{"rendered":"<p>Details: \u00a0 The table is made of solid oak wood. An oil finish gives it a natural wood look. The metal legs are powder-coated in black. Dimensions and specifications: \u00a0 Length \u2013 200 cm Width \u2013 100 cm Height \u2013 76 cm Tabletop: 2 cm, tabletop edges 4 cm Leg color: black Delivery \/ Installation: [&hellip;]<\/p>","protected":false},"featured_media":339951,"comment_status":"open","ping_status":"open","template":"","meta":[],"product_brand":[],"product_cat":[10176,1934],"product_tag":[],"class_list":{"0":"post-339950","1":"product","2":"type-product","3":"status-publish","4":"has-post-thumbnail","6":"product_cat-hugon-meble","7":"product_cat-tables","9":"first","10":"instock","11":"purchasable","12":"product-type-simple"},"_links":{"self":[{"href":"https:\/\/baldumarket.lt\/lt\/wp-json\/wp\/v2\/product\/339950","targetHints":{"allow":["GET"]}}],"collection":[{"href":"https:\/\/baldumarket.lt\/lt\/wp-json\/wp\/v2\/product"}],"about":[{"href":"https:\/\/baldumarket.lt\/lt\/wp-json\/wp\/v2\/types\/product"}],"replies":[{"embeddable":true,"href":"https:\/\/baldumarket.lt\/lt\/wp-json\/wp\/v2\/comments?post=339950"}],"wp:featuredmedia":[{"embeddable":true,"href":"https:\/\/baldumarket.lt\/lt\/wp-json\/wp\/v2\/media\/339951"}],"wp:attachment":[{"href":"https:\/\/baldumarket.lt\/lt\/wp-json\/wp\/v2\/media?parent=339950"}],"wp:term":[{"taxonomy":"product_brand","embeddable":true,"href":"https:\/\/baldumarket.lt\/lt\/wp-json\/wp\/v2\/product_brand?post=339950"},{"taxonomy":"product_cat","embeddable":true,"href":"https:\/\/baldumarket.lt\/lt\/wp-json\/wp\/v2\/product_cat?post=339950"},{"taxonomy":"product_tag","embeddable":true,"href":"https:\/\/baldumarket.lt\/lt\/wp-json\/wp\/v2\/product_tag?post=339950"}],"curies":[{"name":"wp","href":"https:\/\/api.w.org\/{rel}","templated":true}]}}