{"id":339932,"date":"2026-04-08T19:20:23","date_gmt":"2026-04-08T16:20:23","guid":{"rendered":"https:\/\/baldumarket.lt\/product\/anton-isskleidziamas-azuolinis-stalas-140210x90-naturalaus-azuolo\/"},"modified":"2026-04-08T21:01:51","modified_gmt":"2026-04-08T18:01:51","slug":"anton-isskleidziamas-azuolinis-stalas-140210x90-naturalaus-azuolo","status":"publish","type":"product","link":"https:\/\/baldumarket.lt\/lt\/product\/anton-isskleidziamas-azuolinis-stalas-140210x90-naturalaus-azuolo\/","title":{"rendered":"Anton i\u0161skleid\u017eiamas \u0105\u017euolinis stalas 140(210)x90 nat\u016bralaus \u0105\u017euolo"},"content":{"rendered":"<p>Detal\u0117s: \u201eAnton\u201c stalas puikiai tinka bet kokiam kambariui, ypa\u010d valgomajam. J\u012f galima naudoti virtuv\u0117je, valgomajame ir svetain\u0117je. D\u0117l universalaus stalo dizaino jis tinka \u012fvairiems interjerams \u2013 nuo klasikinio iki modernesnio. Prie jo taip pat lengva priderinti k\u0117des. Pastorintas stalvir\u0161is garantuoja ilgaam\u017ei\u0161kum\u0105. Stalas pagamintas i\u0161 \u0105\u017euolo masyvo, padengto nat\u016braliais augaliniais aliejais. \u0160ie aliejai ne tik apsaugo medienos strukt\u016br\u0105, bet ir pabr\u0117\u017eia nat\u016bral\u0173 jos gro\u017e\u012f. Stalas yra \u012fvairi\u0173 dyd\u017ei\u0173. Stalas pagamintas i\u0161 \u0105\u017euolo masyvo, pasi\u017eymi moderniu stiliumi. Aliejaus apdaila suteikia jam nat\u016bralios medienos i\u0161vaizd\u0105. Matmenys ir specifikacijos: Ilgis \u2013 140 (210) cm Plotis \u2013 90 cm Auk\u0161tis \u2013 76 cm Stalvir\u0161is: 1,8 cm, kra\u0161tai pastorinti iki 3,6 cm Kojel\u0117s: 12 cm x 12 cm<br \/>\nKiti m\u016bs\u0173 parduotuv\u0117je esantys stal\u0173 dyd\u017eiai: 160 x 90 cm 180 x 90 cm 200 x 100 cm Pristatymas \/ montavimas: \u2022 Pristatoma kompakti\u0161kose d\u0117\u017e\u0117se. \u2022 Stalas lengvai surenkamas. Surinkimui reikia 1\u20132 \u017emoni\u0173. \u2022 Pridedamos surinkimo instrukcijos ir tvirtinimo priedai<\/p>","protected":false},"excerpt":{"rendered":"<p>Details: The Anton table is a perfect choice for any room, especially for dining. It can be used in the kitchen, dining room, and living room. The table&#8217;s versatile design makes it suitable for a variety of interiors, from classic to more modern. It&#8217;s also easy to match chairs. Its thickened tabletop guarantees durability. The [&hellip;]<\/p>","protected":false},"featured_media":339933,"comment_status":"open","ping_status":"open","template":"","meta":[],"product_brand":[],"product_cat":[10176,1934],"product_tag":[],"class_list":{"0":"post-339932","1":"product","2":"type-product","3":"status-publish","4":"has-post-thumbnail","6":"product_cat-hugon-meble","7":"product_cat-tables","9":"first","10":"instock","11":"purchasable","12":"product-type-simple"},"_links":{"self":[{"href":"https:\/\/baldumarket.lt\/lt\/wp-json\/wp\/v2\/product\/339932","targetHints":{"allow":["GET"]}}],"collection":[{"href":"https:\/\/baldumarket.lt\/lt\/wp-json\/wp\/v2\/product"}],"about":[{"href":"https:\/\/baldumarket.lt\/lt\/wp-json\/wp\/v2\/types\/product"}],"replies":[{"embeddable":true,"href":"https:\/\/baldumarket.lt\/lt\/wp-json\/wp\/v2\/comments?post=339932"}],"wp:featuredmedia":[{"embeddable":true,"href":"https:\/\/baldumarket.lt\/lt\/wp-json\/wp\/v2\/media\/339933"}],"wp:attachment":[{"href":"https:\/\/baldumarket.lt\/lt\/wp-json\/wp\/v2\/media?parent=339932"}],"wp:term":[{"taxonomy":"product_brand","embeddable":true,"href":"https:\/\/baldumarket.lt\/lt\/wp-json\/wp\/v2\/product_brand?post=339932"},{"taxonomy":"product_cat","embeddable":true,"href":"https:\/\/baldumarket.lt\/lt\/wp-json\/wp\/v2\/product_cat?post=339932"},{"taxonomy":"product_tag","embeddable":true,"href":"https:\/\/baldumarket.lt\/lt\/wp-json\/wp\/v2\/product_tag?post=339932"}],"curies":[{"name":"wp","href":"https:\/\/api.w.org\/{rel}","templated":true}]}}