{"id":339926,"date":"2026-04-08T19:20:17","date_gmt":"2026-04-08T16:20:17","guid":{"rendered":"https:\/\/baldumarket.lt\/product\/anton-isskleidziamas-azuolinis-stalas-160230x90-naturalaus-azuolo\/"},"modified":"2026-04-08T21:01:51","modified_gmt":"2026-04-08T18:01:51","slug":"anton-isskleidziamas-azuolinis-stalas-160230x90-naturalaus-azuolo","status":"publish","type":"product","link":"https:\/\/baldumarket.lt\/lt\/product\/anton-isskleidziamas-azuolinis-stalas-160230x90-naturalaus-azuolo\/","title":{"rendered":"Anton i\u0161skleid\u017eiamas \u0105\u017euolinis stalas 160(230)x90 nat\u016bralaus \u0105\u017euolo"},"content":{"rendered":"<p>Anton i\u0161traukiamas stalas \u2013 nat\u016bralus \u0105\u017euolas \u2013 detal\u0117s<br \/>\nMedinis stalas \u201eAnton\u201c \u2013 puikus baldas valgomojo kampeliui. Jis taip pat tinka didesnei virtuvei. Stalas pagamintas i\u0161 \u0105\u017euolo masyvo, apdoroto augaliniais aliejais. Tai ne tik apsaugo medien\u0105, bet ir suteikia jai gra\u017ei\u0105 i\u0161vaizd\u0105. D\u0117l specialiai sutvirtinto stalvir\u0161io stalas gali atlaikyti dideles apkrovas. Minimalistinis, paprastas dizainas leid\u017eia j\u012f pritaikyti \u012fvairiems interjerams. Parduotuv\u0117je galite \u012fsigyti \u012fvairi\u0173 k\u0117d\u017ei\u0173. \u201eAnton\u201c stalai yra \u012fvairi\u0173 dyd\u017ei\u0173. Stalas pagamintas i\u0161 \u0105\u017euolo masyvo, \u0161iuolaiki\u0161ko stiliaus. Aliejaus apdaila suteikia jam nat\u016bralios medienos i\u0161vaizd\u0105.<br \/>\nAntono stalo matmenys ir savyb\u0117s:<br \/>\nIlgis \u2013 160 (230) cm<br \/>\nPlotis \u2013 90 cm<br \/>\nAuk\u0161tis \u2013 76 cm<br \/>\nStalvir\u0161is: 1,8 cm, kra\u0161tai pastorinti iki 3,6 cm<br \/>\nKojel\u0117s: 12 cm x 12 cm<br \/>\nKiti stal\u0173 dyd\u017eiai, kuriuos galite rasti m\u016bs\u0173 parduotuv\u0117je:<br \/>\n140 x 90 cm<br \/>\n180 x 90 cm<br \/>\n200 x 100 cm<br \/>\nAntono \u0105\u017euolo stalo pristatymas \/ montavimas:<br \/>\n\u2022 Pristatoma kompakti\u0161kose d\u0117\u017e\u0117se.<br \/>\n\u2022 Stalas lengvai surenkamas. Surinkimui reikia 1\u20132 \u017emoni\u0173.<br \/>\n\u2022 Surinkimo instrukcijos ir tvirtinimo priedai<\/p>","protected":false},"excerpt":{"rendered":"<p>Anton Extendable Table &#8211; Natural Oak &#8211; Details The Anton wooden table is the perfect piece of furniture for a dining nook. It&#8217;s also suitable for a larger kitchen. The table is made of solid oak, sealed with vegetable oils. This not only protects the wood but also adds a beautiful look. The table can [&hellip;]<\/p>","protected":false},"featured_media":339927,"comment_status":"open","ping_status":"open","template":"","meta":[],"product_brand":[],"product_cat":[10176,1934],"product_tag":[],"class_list":{"0":"post-339926","1":"product","2":"type-product","3":"status-publish","4":"has-post-thumbnail","6":"product_cat-hugon-meble","7":"product_cat-tables","9":"first","10":"instock","11":"purchasable","12":"product-type-simple"},"_links":{"self":[{"href":"https:\/\/baldumarket.lt\/lt\/wp-json\/wp\/v2\/product\/339926","targetHints":{"allow":["GET"]}}],"collection":[{"href":"https:\/\/baldumarket.lt\/lt\/wp-json\/wp\/v2\/product"}],"about":[{"href":"https:\/\/baldumarket.lt\/lt\/wp-json\/wp\/v2\/types\/product"}],"replies":[{"embeddable":true,"href":"https:\/\/baldumarket.lt\/lt\/wp-json\/wp\/v2\/comments?post=339926"}],"wp:featuredmedia":[{"embeddable":true,"href":"https:\/\/baldumarket.lt\/lt\/wp-json\/wp\/v2\/media\/339927"}],"wp:attachment":[{"href":"https:\/\/baldumarket.lt\/lt\/wp-json\/wp\/v2\/media?parent=339926"}],"wp:term":[{"taxonomy":"product_brand","embeddable":true,"href":"https:\/\/baldumarket.lt\/lt\/wp-json\/wp\/v2\/product_brand?post=339926"},{"taxonomy":"product_cat","embeddable":true,"href":"https:\/\/baldumarket.lt\/lt\/wp-json\/wp\/v2\/product_cat?post=339926"},{"taxonomy":"product_tag","embeddable":true,"href":"https:\/\/baldumarket.lt\/lt\/wp-json\/wp\/v2\/product_tag?post=339926"}],"curies":[{"name":"wp","href":"https:\/\/api.w.org\/{rel}","templated":true}]}}