{"id":339920,"date":"2026-04-08T19:20:11","date_gmt":"2026-04-08T16:20:11","guid":{"rendered":"https:\/\/baldumarket.lt\/product\/anton-isskleidziamas-azuolinis-stalas-180250x90-naturalaus-azuolo\/"},"modified":"2026-04-08T21:01:51","modified_gmt":"2026-04-08T18:01:51","slug":"anton-isskleidziamas-azuolinis-stalas-180250x90-naturalaus-azuolo","status":"publish","type":"product","link":"https:\/\/baldumarket.lt\/lt\/product\/anton-isskleidziamas-azuolinis-stalas-180250x90-naturalaus-azuolo\/","title":{"rendered":"Anton i\u0161skleid\u017eiamas \u0105\u017euolinis stalas 180(250)x90 nat\u016bralaus \u0105\u017euolo"},"content":{"rendered":"<p>Detal\u0117s: \u201eAnton\u201c stalas yra i\u0161skirtinai tvirtas baldas, puikiai tinkantis valgomajam ar valgomojo kampeliui. Pagamintas vien i\u0161 \u0105\u017euolo masyvo, kaip ir visi parduotuv\u0117je esantys baldai, jis apdorotas augaliniais aliejais. \u0160ie aliejai ne tik apsaugo medien\u0105, bet ir pabr\u0117\u017eia jos nat\u016bral\u0173 gro\u017e\u012f. Stalvir\u0161is papildomai sutvirtintas. Visas baldas yra be dekoracij\u0173 ir minimalistinis, tod\u0117l puikiai tinka daugeliui esam\u0173 dekoro element\u0173. Jis taip pat lengvai papildo m\u016bs\u0173 kolekcijoje esan\u010dias k\u0117des. Stalas, pagamintas i\u0161 \u0105\u017euolo masyvo, yra \u012fvairi\u0173 dyd\u017ei\u0173 ir pasi\u017eymi moderniu stiliumi. Aliejaus apdaila suteikia jam nat\u016bralaus med\u017eio i\u0161vaizd\u0105. Matmenys ir specifikacijos: Ilgis \u2013 180 (250) cm Plotis \u2013 90 cm Auk\u0161tis \u2013 76 cm Stalvir\u0161is: 1,8 cm, kra\u0161tai pastorinti iki 3,6 cm Kojel\u0117s: 12 cm x 12 cm<br \/>\nKiti m\u016bs\u0173 parduotuv\u0117je esantys stal\u0173 dyd\u017eiai: 140 x 90 cm 160 x 90 cm 200 x 100 cm Pristatymas \/ montavimas: \u2022 Pristatoma kompakti\u0161kose d\u0117\u017e\u0117se. \u2022 Stalas lengvai surenkamas. Surinkimui reikia 1\u20132 \u017emoni\u0173. \u2022 Pridedamos surinkimo instrukcijos ir tvirtinimo priedai.<\/p>","protected":false},"excerpt":{"rendered":"<p>Details: The Anton table is an exceptionally sturdy piece of furniture, perfect for a dining room or dining nook. Crafted entirely from solid oak, like all the furniture in the store, it&#8217;s treated with vegetable oils. These oils not only protect the wood but also enhance its natural beauty. The tabletop is additionally reinforced. The [&hellip;]<\/p>","protected":false},"featured_media":339921,"comment_status":"open","ping_status":"open","template":"","meta":[],"product_brand":[],"product_cat":[10176,1934],"product_tag":[],"class_list":{"0":"post-339920","1":"product","2":"type-product","3":"status-publish","4":"has-post-thumbnail","6":"product_cat-hugon-meble","7":"product_cat-tables","9":"first","10":"instock","11":"purchasable","12":"product-type-simple"},"_links":{"self":[{"href":"https:\/\/baldumarket.lt\/lt\/wp-json\/wp\/v2\/product\/339920","targetHints":{"allow":["GET"]}}],"collection":[{"href":"https:\/\/baldumarket.lt\/lt\/wp-json\/wp\/v2\/product"}],"about":[{"href":"https:\/\/baldumarket.lt\/lt\/wp-json\/wp\/v2\/types\/product"}],"replies":[{"embeddable":true,"href":"https:\/\/baldumarket.lt\/lt\/wp-json\/wp\/v2\/comments?post=339920"}],"wp:featuredmedia":[{"embeddable":true,"href":"https:\/\/baldumarket.lt\/lt\/wp-json\/wp\/v2\/media\/339921"}],"wp:attachment":[{"href":"https:\/\/baldumarket.lt\/lt\/wp-json\/wp\/v2\/media?parent=339920"}],"wp:term":[{"taxonomy":"product_brand","embeddable":true,"href":"https:\/\/baldumarket.lt\/lt\/wp-json\/wp\/v2\/product_brand?post=339920"},{"taxonomy":"product_cat","embeddable":true,"href":"https:\/\/baldumarket.lt\/lt\/wp-json\/wp\/v2\/product_cat?post=339920"},{"taxonomy":"product_tag","embeddable":true,"href":"https:\/\/baldumarket.lt\/lt\/wp-json\/wp\/v2\/product_tag?post=339920"}],"curies":[{"name":"wp","href":"https:\/\/api.w.org\/{rel}","templated":true}]}}