{"id":339902,"date":"2026-04-08T19:19:49","date_gmt":"2026-04-08T16:19:49","guid":{"rendered":"https:\/\/baldumarket.lt\/product\/isskleidziamas-azuolinis-stalas-bornholm-140190x90\/"},"modified":"2026-04-08T21:01:40","modified_gmt":"2026-04-08T18:01:40","slug":"isskleidziamas-azuolinis-stalas-bornholm-140190x90","status":"publish","type":"product","link":"https:\/\/baldumarket.lt\/lt\/product\/isskleidziamas-azuolinis-stalas-bornholm-140190x90\/","title":{"rendered":"I\u0161skleid\u017eiamas \u0105\u017euolinis stalas BORNHOLM 140(190)x90"},"content":{"rendered":"<p>I\u0161sami informacija: Alyvuotas \u201eBornholm\u201c stalas yra vienas i\u0161 daugelio valgomojo ar valgomojo kampelio variant\u0173. Jis pagamintas i\u0161 universalaus stiliaus \u0105\u017euolo masyvo, tod\u0117l puikiai tinka \u012fvairioms aplinkoms \u2013 nuo klasikin\u0117s iki modernios. \u0160is minimalistinis baldas papildomai apsaugotas nat\u016braliomis med\u017eiagomis. Aliejaus apdaila suteikia visam baldui nat\u016bralaus med\u017eio i\u0161vaizd\u0105. Stalas turi vien\u0105 \u012fd\u0117kl\u0105, kuris, \u012fd\u0117jus, padidina jo nauding\u0105 pavir\u0161i\u0173. J\u012f galima derinti su bet kuria k\u0117de i\u0161 bet kurios kolekcijos. \u201eBornholm\u201c stalas yra \u012fvairi\u0173 dyd\u017ei\u0173. Stalas pagamintas i\u0161 modernaus stiliaus \u0105\u017euolo masyvo. Aliejaus apdaila suteikia jam nat\u016bralaus med\u017eio i\u0161vaizd\u0105. Matmenys ir charakteristikos: Ilgis \u2013 140 cm Plotis \u2013 90 cm Auk\u0161tis \u2013 76 cm Stalvir\u0161is: 2,2 cm Kojel\u0117s: 8 cm x 8 cm Pristatymas \/ montavimas: \u2022 Pristatoma kompakti\u0161kose d\u0117\u017e\u0117se. \u2022 Stalas lengvai surenkamas. Surinkimui reikia 1\u20132 \u017emoni\u0173. \u2022 Surinkimo instrukcijos ir priedai<\/p>","protected":false},"excerpt":{"rendered":"<p>Details: The Bornholm oiled table is one of many options for dining rooms or dining nooks. It is made of solid oak in a universal style, making it a perfect fit for a variety of settings, from classic to modern. This minimalist piece of furniture has been additionally protected with natural materials. The oil finish [&hellip;]<\/p>","protected":false},"featured_media":339903,"comment_status":"open","ping_status":"open","template":"","meta":[],"product_brand":[],"product_cat":[10176,1934],"product_tag":[],"class_list":{"0":"post-339902","1":"product","2":"type-product","3":"status-publish","4":"has-post-thumbnail","6":"product_cat-hugon-meble","7":"product_cat-tables","9":"first","10":"instock","11":"purchasable","12":"product-type-simple"},"_links":{"self":[{"href":"https:\/\/baldumarket.lt\/lt\/wp-json\/wp\/v2\/product\/339902","targetHints":{"allow":["GET"]}}],"collection":[{"href":"https:\/\/baldumarket.lt\/lt\/wp-json\/wp\/v2\/product"}],"about":[{"href":"https:\/\/baldumarket.lt\/lt\/wp-json\/wp\/v2\/types\/product"}],"replies":[{"embeddable":true,"href":"https:\/\/baldumarket.lt\/lt\/wp-json\/wp\/v2\/comments?post=339902"}],"wp:featuredmedia":[{"embeddable":true,"href":"https:\/\/baldumarket.lt\/lt\/wp-json\/wp\/v2\/media\/339903"}],"wp:attachment":[{"href":"https:\/\/baldumarket.lt\/lt\/wp-json\/wp\/v2\/media?parent=339902"}],"wp:term":[{"taxonomy":"product_brand","embeddable":true,"href":"https:\/\/baldumarket.lt\/lt\/wp-json\/wp\/v2\/product_brand?post=339902"},{"taxonomy":"product_cat","embeddable":true,"href":"https:\/\/baldumarket.lt\/lt\/wp-json\/wp\/v2\/product_cat?post=339902"},{"taxonomy":"product_tag","embeddable":true,"href":"https:\/\/baldumarket.lt\/lt\/wp-json\/wp\/v2\/product_tag?post=339902"}],"curies":[{"name":"wp","href":"https:\/\/api.w.org\/{rel}","templated":true}]}}