{"id":339896,"date":"2026-04-08T19:19:39","date_gmt":"2026-04-08T16:19:39","guid":{"rendered":"https:\/\/baldumarket.lt\/product\/isskleidziamas-azuolinis-stalas-bornholm-160210x90\/"},"modified":"2026-04-08T21:01:40","modified_gmt":"2026-04-08T18:01:40","slug":"isskleidziamas-azuolinis-stalas-bornholm-160210x90","status":"publish","type":"product","link":"https:\/\/baldumarket.lt\/lt\/product\/isskleidziamas-azuolinis-stalas-bornholm-160210x90\/","title":{"rendered":"I\u0161skleid\u017eiamas \u0105\u017euolinis stalas BORNHOLM 160(210)x90"},"content":{"rendered":"<p>Detal\u0117s: Klasikinis \u201eBornholm\u201c medinis stalas puikiai tinka valgomiesiems ir kambariams. Jis pagamintas i\u0161 \u0105\u017euolo masyvo. Apdaila padengta augaliniais aliejais, suteikian\u010diais estetin\u012f akcent\u0105. Stalas yra pakankamai universalus, kad papildyt\u0173 bet kok\u012f stili\u0173 \u2013 nuo modernaus iki i\u0161skirtinesnio, pavyzd\u017eiui, kaimi\u0161ko. J\u012f taip pat galima lengvai derinti su pana\u0161i\u0173 kolekcij\u0173 baldais, taip pat su keli\u0173 serij\u0173 k\u0117d\u0117mis. Stalvir\u0161\u012f galima prailginti vienu \u012fd\u0117klu. Surinkimas paprastas. Stalas pagamintas i\u0161 \u0105\u017euolo masyvo, \u0161iuolaiki\u0161ko stiliaus. Aliejaus apdaila suteikia jam nat\u016bralaus med\u017eio i\u0161vaizd\u0105. Matmenys ir specifikacijos: Ilgis \u2013 160 cm Plotis \u2013 90 cm Auk\u0161tis \u2013 76 cm Stalvir\u0161is: 2,2 cm Kojel\u0117s: 8 cm x 8 cm Pristatymas \/ montavimas: \u2022 Pristatoma kompakti\u0161kose d\u0117\u017e\u0117se. \u2022 Stal\u0105 lengva surinkti. Surinkimui reikia 1\u20132 \u017emoni\u0173. \u2022 Surinkimo instrukcijos ir tvirtinimo priedai<\/p>","protected":false},"excerpt":{"rendered":"<p>Details: The classic Bornholm wooden table is perfect for dining rooms and nooks. It&#8217;s crafted from solid oak. It&#8217;s finished with vegetable oils, adding a touch of aesthetic appeal. The table is versatile enough to complement any style, from modern to more distinctive, such as rustic. It can also be easily paired with furniture from [&hellip;]<\/p>","protected":false},"featured_media":339897,"comment_status":"open","ping_status":"open","template":"","meta":[],"product_brand":[],"product_cat":[10176,1934],"product_tag":[],"class_list":{"0":"post-339896","1":"product","2":"type-product","3":"status-publish","4":"has-post-thumbnail","6":"product_cat-hugon-meble","7":"product_cat-tables","9":"first","10":"instock","11":"purchasable","12":"product-type-simple"},"_links":{"self":[{"href":"https:\/\/baldumarket.lt\/lt\/wp-json\/wp\/v2\/product\/339896","targetHints":{"allow":["GET"]}}],"collection":[{"href":"https:\/\/baldumarket.lt\/lt\/wp-json\/wp\/v2\/product"}],"about":[{"href":"https:\/\/baldumarket.lt\/lt\/wp-json\/wp\/v2\/types\/product"}],"replies":[{"embeddable":true,"href":"https:\/\/baldumarket.lt\/lt\/wp-json\/wp\/v2\/comments?post=339896"}],"wp:featuredmedia":[{"embeddable":true,"href":"https:\/\/baldumarket.lt\/lt\/wp-json\/wp\/v2\/media\/339897"}],"wp:attachment":[{"href":"https:\/\/baldumarket.lt\/lt\/wp-json\/wp\/v2\/media?parent=339896"}],"wp:term":[{"taxonomy":"product_brand","embeddable":true,"href":"https:\/\/baldumarket.lt\/lt\/wp-json\/wp\/v2\/product_brand?post=339896"},{"taxonomy":"product_cat","embeddable":true,"href":"https:\/\/baldumarket.lt\/lt\/wp-json\/wp\/v2\/product_cat?post=339896"},{"taxonomy":"product_tag","embeddable":true,"href":"https:\/\/baldumarket.lt\/lt\/wp-json\/wp\/v2\/product_tag?post=339896"}],"curies":[{"name":"wp","href":"https:\/\/api.w.org\/{rel}","templated":true}]}}