{"id":339890,"date":"2026-04-08T19:19:30","date_gmt":"2026-04-08T16:19:30","guid":{"rendered":"https:\/\/baldumarket.lt\/product\/isskleidziamas-azuolinis-stalas-bornholm-180230x90\/"},"modified":"2026-04-08T21:01:40","modified_gmt":"2026-04-08T18:01:40","slug":"isskleidziamas-azuolinis-stalas-bornholm-180230x90","status":"publish","type":"product","link":"https:\/\/baldumarket.lt\/lt\/product\/isskleidziamas-azuolinis-stalas-bornholm-180230x90\/","title":{"rendered":"I\u0161skleid\u017eiamas \u0105\u017euolinis stalas BORNHOLM 180(230)x90"},"content":{"rendered":"<p>I\u0161sami informacija: \u201eBornholm\u201c stalas yra universalus valgomojo stalas. Jis pagamintas vien i\u0161 \u0105\u017euolo. Jo gro\u017e\u012f sustiprina alyvavimas augaliniais aliejais, kurie dar labiau apsaugo lent\u0105, \u012fsiskverbdami \u012f jos strukt\u016br\u0105. \u0160\u012f bald\u0105 galima naudoti \u012fvairiose aplinkose \u2013 nuo klasikin\u0117s iki modernios. Jis taip pat lengvai dera su k\u0117d\u0117mis i\u0161 esam\u0173 serij\u0173. \u201eBornholm\u201c stalai yra \u012fvairi\u0173 versij\u0173 \u2013 nuo nat\u016bralios medienos spalv\u0173 iki \u0161iek tiek balint\u0173. Jie taip pat turi skirting\u0105 \u012fd\u0117kl\u0173 skai\u010di\u0173, tod\u0117l padid\u0117ja naudingas pavir\u0161iaus plotas. \u0160is modelis turi vien\u0105 \u012fd\u0117kl\u0105. Bald\u0105 galima surinkti savaranki\u0161kai. Stalas pagamintas i\u0161 tvirto \u0105\u017euolo, \u0161iuolaiki\u0161ko stiliaus. Aliejaus apdaila suteikia jam nat\u016bralaus med\u017eio i\u0161vaizd\u0105. Matmenys ir charakteristikos: Ilgis \u2013 180 cm Plotis \u2013 90 cm Auk\u0161tis \u2013 76 cm Stalvir\u0161is: 2,2 cm Kojel\u0117s: 8 cm x 8 cm Pristatymas \/ montavimas: \u2022 Pristatoma kompakti\u0161kose d\u0117\u017e\u0117se. \u2022 Stalas lengvai surenkamas. Surinkimui reikia 1\u20132 \u017emoni\u0173. \u2022 Surinkimo instrukcijos ir tvirtinimo priedai<\/p>","protected":false},"excerpt":{"rendered":"<p>Details: The Bornholm table is a universal dining table. It is made entirely of oak. Its beauty is enhanced by an oiling treatment with vegetable oils, which further protect the board by penetrating its structure. This piece of furniture can be used in a variety of settings, from classic to modern. It also easily matches [&hellip;]<\/p>","protected":false},"featured_media":339891,"comment_status":"open","ping_status":"open","template":"","meta":[],"product_brand":[],"product_cat":[10176,1934],"product_tag":[],"class_list":{"0":"post-339890","1":"product","2":"type-product","3":"status-publish","4":"has-post-thumbnail","6":"product_cat-hugon-meble","7":"product_cat-tables","9":"first","10":"instock","11":"purchasable","12":"product-type-simple"},"_links":{"self":[{"href":"https:\/\/baldumarket.lt\/lt\/wp-json\/wp\/v2\/product\/339890","targetHints":{"allow":["GET"]}}],"collection":[{"href":"https:\/\/baldumarket.lt\/lt\/wp-json\/wp\/v2\/product"}],"about":[{"href":"https:\/\/baldumarket.lt\/lt\/wp-json\/wp\/v2\/types\/product"}],"replies":[{"embeddable":true,"href":"https:\/\/baldumarket.lt\/lt\/wp-json\/wp\/v2\/comments?post=339890"}],"wp:featuredmedia":[{"embeddable":true,"href":"https:\/\/baldumarket.lt\/lt\/wp-json\/wp\/v2\/media\/339891"}],"wp:attachment":[{"href":"https:\/\/baldumarket.lt\/lt\/wp-json\/wp\/v2\/media?parent=339890"}],"wp:term":[{"taxonomy":"product_brand","embeddable":true,"href":"https:\/\/baldumarket.lt\/lt\/wp-json\/wp\/v2\/product_brand?post=339890"},{"taxonomy":"product_cat","embeddable":true,"href":"https:\/\/baldumarket.lt\/lt\/wp-json\/wp\/v2\/product_cat?post=339890"},{"taxonomy":"product_tag","embeddable":true,"href":"https:\/\/baldumarket.lt\/lt\/wp-json\/wp\/v2\/product_tag?post=339890"}],"curies":[{"name":"wp","href":"https:\/\/api.w.org\/{rel}","templated":true}]}}