{"id":339883,"date":"2026-04-08T19:19:24","date_gmt":"2026-04-08T16:19:24","guid":{"rendered":"https:\/\/baldumarket.lt\/product\/clifton-isskleidziamas-azuolinis-stalas-1402x40x90\/"},"modified":"2026-04-08T21:01:40","modified_gmt":"2026-04-08T18:01:40","slug":"clifton-isskleidziamas-azuolinis-stalas-1402x40x90","status":"publish","type":"product","link":"https:\/\/baldumarket.lt\/lt\/product\/clifton-isskleidziamas-azuolinis-stalas-1402x40x90\/","title":{"rendered":"Clifton i\u0161skleid\u017eiamas \u0105\u017euolinis stalas 140(2&#215;40)x90"},"content":{"rendered":"<p>Detal\u0117s: \u201eClifton\u201c stalas \u2013 modernus interjero dizaino pasi\u016blymas. Jis puikiai tinka valgomajam ar kitai erdvei, pavyzd\u017eiui, valgomojo kampeliui. Pagamintas i\u0161 alyvuot\u0173 \u0105\u017euolo lent\u0173. Tai ne tik apsaugo medien\u0105, bet ir i\u0161ry\u0161kina lent\u0173 ra\u0161t\u0105. Tiesus stalvir\u0161is turi \u012fdubas keturi\u0173 masyvi\u0173 koj\u0173 auk\u0161tyje. Jo pavir\u0161i\u0173 galima dar labiau padidinti dviem \u012fd\u0117klais. \u0160is baldas tiks daugeliui interjer\u0173 \u2013 ne tik moderniems, bet ir klasikiniams. Stalas taip pat gali b\u016bti ir kit\u0173 dyd\u017ei\u0173. Tinka surinkti patiems. Stalas pagamintas i\u0161 modernaus stiliaus \u0105\u017euolo masyvo. Aliejaus danga suteikia jam nat\u016bralaus med\u017eio i\u0161vaizd\u0105. Matmenys ir charakteristikos: Ilgis \u2013 140 (2 \u00d7 40) cm Plotis \u2013 90 cm Auk\u0161tis \u2013 76 cm Stalvir\u0161is: 2,2 cm Pristatymas \/ montavimas: \u2022 Pristatoma kompakti\u0161kose d\u0117\u017e\u0117se. \u2022 Stalas lengvai surenkamas. Surinkimui reikia 1\u20132 \u017emoni\u0173. \u2022 Surinkimo instrukcijos ir surinkimo priedai<\/p>","protected":false},"excerpt":{"rendered":"<p>Details: The Clifton table is a modern interior design proposition. It&#8217;s perfect for a dining room or other space, such as a dining nook. Made of oak boards that have been oiled. This not only protects the wood but also highlights the grain of the boards. The straight tabletop has recesses at the height of [&hellip;]<\/p>","protected":false},"featured_media":339884,"comment_status":"open","ping_status":"open","template":"","meta":[],"product_brand":[],"product_cat":[10176,1934],"product_tag":[],"class_list":{"0":"post-339883","1":"product","2":"type-product","3":"status-publish","4":"has-post-thumbnail","6":"product_cat-hugon-meble","7":"product_cat-tables","9":"first","10":"instock","11":"purchasable","12":"product-type-simple"},"_links":{"self":[{"href":"https:\/\/baldumarket.lt\/lt\/wp-json\/wp\/v2\/product\/339883","targetHints":{"allow":["GET"]}}],"collection":[{"href":"https:\/\/baldumarket.lt\/lt\/wp-json\/wp\/v2\/product"}],"about":[{"href":"https:\/\/baldumarket.lt\/lt\/wp-json\/wp\/v2\/types\/product"}],"replies":[{"embeddable":true,"href":"https:\/\/baldumarket.lt\/lt\/wp-json\/wp\/v2\/comments?post=339883"}],"wp:featuredmedia":[{"embeddable":true,"href":"https:\/\/baldumarket.lt\/lt\/wp-json\/wp\/v2\/media\/339884"}],"wp:attachment":[{"href":"https:\/\/baldumarket.lt\/lt\/wp-json\/wp\/v2\/media?parent=339883"}],"wp:term":[{"taxonomy":"product_brand","embeddable":true,"href":"https:\/\/baldumarket.lt\/lt\/wp-json\/wp\/v2\/product_brand?post=339883"},{"taxonomy":"product_cat","embeddable":true,"href":"https:\/\/baldumarket.lt\/lt\/wp-json\/wp\/v2\/product_cat?post=339883"},{"taxonomy":"product_tag","embeddable":true,"href":"https:\/\/baldumarket.lt\/lt\/wp-json\/wp\/v2\/product_tag?post=339883"}],"curies":[{"name":"wp","href":"https:\/\/api.w.org\/{rel}","templated":true}]}}