{"id":339868,"date":"2026-04-08T19:19:04","date_gmt":"2026-04-08T16:19:04","guid":{"rendered":"https:\/\/baldumarket.lt\/product\/clifton-isskleidziamas-azuolinis-stalas-1802x40x90\/"},"modified":"2026-04-08T21:01:40","modified_gmt":"2026-04-08T18:01:40","slug":"clifton-isskleidziamas-azuolinis-stalas-1802x40x90","status":"publish","type":"product","link":"https:\/\/baldumarket.lt\/lt\/product\/clifton-isskleidziamas-azuolinis-stalas-1802x40x90\/","title":{"rendered":"Clifton i\u0161skleid\u017eiamas \u0105\u017euolinis stalas 180(2&#215;40)x90"},"content":{"rendered":"<p>I\u0161sami informacija:<br \/>\n\u201eClifton\u201c stalas \u2013 modernus interjero dizaino elementas. Jis puikiai tinka valgomajam ar kitai erdvei, pavyzd\u017eiui, kampeliui. Pagamintas i\u0161 alyvuot\u0173 \u0105\u017euolo lent\u0173. Tai ne tik apsaugo medien\u0105, bet ir i\u0161ry\u0161kina lent\u0173 ra\u0161t\u0105. Tiesaus stalvir\u0161io keturios tvirtos kojel\u0117s turi \u012fdubimus. Jo pavir\u0161i\u0173 galima dar labiau i\u0161pl\u0117sti dviem \u012fd\u0117klais. \u0160is baldas papildys \u012fvairius interjerus \u2013 tiek modernius, tiek klasikinius. Stalas taip pat gali b\u016bti ir kit\u0173 dyd\u017ei\u0173. J\u012f galima surinkti patiems. Stalas pagamintas i\u0161 modernaus \u0105\u017euolo masyvo. Aliejaus apdaila suteikia jam nat\u016bralios medienos i\u0161vaizd\u0105.<br \/>\nMatmenys ir specifikacijos:<br \/>\nIlgis \u2013 180 (2 \u00d7 40) cm<br \/>\nPlotis \u2013 90 cm<br \/>\nAuk\u0161tis \u2013 75 cm<br \/>\nStalvir\u0161is: 2,2 cm<br \/>\nPristatymas \/ Montavimas:<br \/>\n\u2022 Pristatoma kompakti\u0161kose d\u0117\u017e\u0117se.<br \/>\n\u2022 Stalas lengvai surenkamas. Surinkimui reikalingas 1\u20132 \u017emoni\u0173 skai\u010dius. Surinkimo instrukcijos ir priedai pridedami.<\/p>","protected":false},"excerpt":{"rendered":"<p>Details: The Clifton table is a modern interior design piece. It&#8217;s perfect for a dining room or other space, such as a nook. Made of oak planks that have been oiled. This not only protects the wood but also highlights the grain of the planks. The straight tabletop features recesses along the four solid legs. [&hellip;]<\/p>","protected":false},"featured_media":339869,"comment_status":"open","ping_status":"open","template":"","meta":[],"product_brand":[],"product_cat":[10176,1934],"product_tag":[],"class_list":{"0":"post-339868","1":"product","2":"type-product","3":"status-publish","4":"has-post-thumbnail","6":"product_cat-hugon-meble","7":"product_cat-tables","9":"first","10":"instock","11":"purchasable","12":"product-type-simple"},"_links":{"self":[{"href":"https:\/\/baldumarket.lt\/lt\/wp-json\/wp\/v2\/product\/339868","targetHints":{"allow":["GET"]}}],"collection":[{"href":"https:\/\/baldumarket.lt\/lt\/wp-json\/wp\/v2\/product"}],"about":[{"href":"https:\/\/baldumarket.lt\/lt\/wp-json\/wp\/v2\/types\/product"}],"replies":[{"embeddable":true,"href":"https:\/\/baldumarket.lt\/lt\/wp-json\/wp\/v2\/comments?post=339868"}],"wp:featuredmedia":[{"embeddable":true,"href":"https:\/\/baldumarket.lt\/lt\/wp-json\/wp\/v2\/media\/339869"}],"wp:attachment":[{"href":"https:\/\/baldumarket.lt\/lt\/wp-json\/wp\/v2\/media?parent=339868"}],"wp:term":[{"taxonomy":"product_brand","embeddable":true,"href":"https:\/\/baldumarket.lt\/lt\/wp-json\/wp\/v2\/product_brand?post=339868"},{"taxonomy":"product_cat","embeddable":true,"href":"https:\/\/baldumarket.lt\/lt\/wp-json\/wp\/v2\/product_cat?post=339868"},{"taxonomy":"product_tag","embeddable":true,"href":"https:\/\/baldumarket.lt\/lt\/wp-json\/wp\/v2\/product_tag?post=339868"}],"curies":[{"name":"wp","href":"https:\/\/api.w.org\/{rel}","templated":true}]}}