{"id":339857,"date":"2026-04-08T19:18:50","date_gmt":"2026-04-08T16:18:50","guid":{"rendered":"https:\/\/baldumarket.lt\/product\/azuoline-tv-spintele-120-denver\/"},"modified":"2026-04-08T21:35:05","modified_gmt":"2026-04-08T18:35:05","slug":"azuoline-tv-spintele-120-denver","status":"publish","type":"product","link":"https:\/\/baldumarket.lt\/lt\/product\/azuoline-tv-spintele-120-denver\/","title":{"rendered":"\u0104\u017euolin\u0117 TV spintel\u0117 120 Denver"},"content":{"rendered":"<p>Pristatome vien\u0105 i\u0161 \u201eDenver Natural Oiled Oak\u201c kolekcijos bald\u0173. \u0160ie baldai sukurti tiems, kurie ie\u0161ko \u012fdomi\u0173, moderni\u0173 sprendim\u0173, \u012frengdami savo svajoni\u0173 interjer\u0105.<br \/>\n\u0160i\u0105 kolekcij\u0105 sudaro 10 skirting\u0173, nepriklausom\u0173 bald\u0173, kuriuos galima laisvai konfig\u016bruoti pridedant nauj\u0173 arba pertvarkant esamus. \u0160i kolekcija nuolat yra sand\u0117lyje, tod\u0117l jei pavargsite nuo bald\u0173 i\u0161vaizdos, gal\u0117site lengvai pa\u012fvairinti savo nam\u0173 dekor\u0105 nekeisdami viso komplekto.<br \/>\nTelevizoriaus staliukas pagamintas moderniu stiliumi i\u0161 \u0105\u017euolo masyvo. Alyvuota apdaila sukuria nat\u016bralaus med\u017eio \u012fvaizd\u012f.<br \/>\nSavyb\u0117s:<br \/>\n\u2022 Auk\u0161tis: 54,5 cm<br \/>\n\u2022 Plotis: 120,8 cm<br \/>\n\u2022 Gylis: 48 cm<br \/>\nTelevizoriaus staliukas \u2013 tai baldas, skirtas televizoriui laikyti. Sunku \u012fsivaizduoti interjer\u0105 be \u0161io prietaiso, tod\u0117l \u201eDenver Oiled Oak\u201c kolekcija \u012ftrauk\u0117 \u0161\u012f element\u0105 \u012f savo asortiment\u0105. Serij\u0105 sudaro modern\u016bs, ta\u010diau itin funkcional\u016bs baldai. J\u0173 did\u017eiausias privalumas yra tas, kad juos galima laisvai konfig\u016bruoti. Jie tinka daugeliui kambari\u0173 \u2013 nuo svetain\u0117s iki miegamojo. Visas staliukas yra apsaugotas specialiais augaliniais aliejais.<br \/>\n\u017demas televizoriaus staliukas \u2013 puikus sprendimas bet kokiam kambariui, kuriame norite pastatyti televizori\u0173. \u0160is kompakti\u0161kas baldas tinka net ir intymesn\u0117ms erdv\u0117ms. Jis gali tapti svetain\u0117s, miegamojo ar poilsio zonos akcentu, ypa\u010d kartu su patogia sofa. Balde yra nedidel\u0117 ni\u0161a su stal\u010diumi apa\u010dioje. Spintel\u0117s \u0161one yra erdvi spintel\u0117. Ni\u0161a tinka laikyti su televizoriumi veikian\u010dius prietaisus. Televizoriaus staliukas geriausiai derinamas su kitais \u201eDenver\u201c kolekcijos elementais.<\/p>","protected":false},"excerpt":{"rendered":"<p>We present to you one of the pieces from the Denver Natural Oiled Oak collection. This furniture was designed for those seeking interesting, modern solutions when furnishing their dream interiors. This collection consists of 10 different, independent pieces that can be freely configured by adding new pieces or rearranging existing ones. This collection is constantly [&hellip;]<\/p>","protected":false},"featured_media":339858,"comment_status":"open","ping_status":"open","template":"","meta":[],"product_brand":[],"product_cat":[10176,1175],"product_tag":[],"class_list":{"0":"post-339857","1":"product","2":"type-product","3":"status-publish","4":"has-post-thumbnail","6":"product_cat-hugon-meble","7":"product_cat-tv-stands","9":"first","10":"instock","11":"purchasable","12":"product-type-simple"},"_links":{"self":[{"href":"https:\/\/baldumarket.lt\/lt\/wp-json\/wp\/v2\/product\/339857","targetHints":{"allow":["GET"]}}],"collection":[{"href":"https:\/\/baldumarket.lt\/lt\/wp-json\/wp\/v2\/product"}],"about":[{"href":"https:\/\/baldumarket.lt\/lt\/wp-json\/wp\/v2\/types\/product"}],"replies":[{"embeddable":true,"href":"https:\/\/baldumarket.lt\/lt\/wp-json\/wp\/v2\/comments?post=339857"}],"wp:featuredmedia":[{"embeddable":true,"href":"https:\/\/baldumarket.lt\/lt\/wp-json\/wp\/v2\/media\/339858"}],"wp:attachment":[{"href":"https:\/\/baldumarket.lt\/lt\/wp-json\/wp\/v2\/media?parent=339857"}],"wp:term":[{"taxonomy":"product_brand","embeddable":true,"href":"https:\/\/baldumarket.lt\/lt\/wp-json\/wp\/v2\/product_brand?post=339857"},{"taxonomy":"product_cat","embeddable":true,"href":"https:\/\/baldumarket.lt\/lt\/wp-json\/wp\/v2\/product_cat?post=339857"},{"taxonomy":"product_tag","embeddable":true,"href":"https:\/\/baldumarket.lt\/lt\/wp-json\/wp\/v2\/product_tag?post=339857"}],"curies":[{"name":"wp","href":"https:\/\/api.w.org\/{rel}","templated":true}]}}