{"id":339847,"date":"2026-04-08T19:18:37","date_gmt":"2026-04-08T16:18:37","guid":{"rendered":"https:\/\/baldumarket.lt\/product\/nena-125-televizoriaus-spintele\/"},"modified":"2026-04-11T09:52:06","modified_gmt":"2026-04-11T06:52:06","slug":"nena-125-televizoriaus-spintele","status":"publish","type":"product","link":"https:\/\/baldumarket.lt\/lt\/product\/nena-125-televizoriaus-spintele\/","title":{"rendered":"NENA 125 televizoriaus spintel\u0117"},"content":{"rendered":"<p>Pristatome vien\u0105 i\u0161 NENA kolekcijos bald\u0173. \u0160ie baldai sukurti tiems, kurie ie\u0161ko \u012fdomi\u0173, moderni\u0173 sprendim\u0173, \u012frengdami savo svajoni\u0173 interjer\u0105.<br \/>\n\u0160i\u0105 kolekcij\u0105 sudaro 15 skirting\u0173, nepriklausom\u0173 bald\u0173, kuriuos galima laisvai konfig\u016bruoti pridedant nauj\u0173 arba pertvarkant esamus. \u0160i kolekcija nuolat yra sand\u0117lyje, tod\u0117l jei pabost\u0173 bald\u0173 i\u0161vaizda, gal\u0117tum\u0117te lengvai pa\u012fvairinti savo nam\u0173 dekor\u0105 nekeisdami viso komplekto.<br \/>\n\u0160is televizoriaus staliukas yra vienas i\u0161 keli\u0173 NENA nat\u016bralaus \u0105\u017euolo kolekcijos gamini\u0173. Baldai buvo sukurti tiems, kurie ie\u0161ko \u012fdomi\u0173, moderni\u0173 sprendim\u0173, pagr\u012fst\u0173 nat\u016braliomis med\u017eiagomis. Visi kolekcijos baldai pagaminti i\u0161 \u0105\u017euolo masyvo. Siekiant geriau apsaugoti konstrukcij\u0105, lentos buvo alyvuotos nat\u016braliais augaliniais aliejais, kurie taip pat pagerina baldo estetik\u0105.<br \/>\nTelevizoriaus staliukas yra naudingas baldas bet kuriame kambaryje, kuriame planuojate \u012frengti televizori\u0173. Platus stalvir\u0161is suteikia vietos bet kokiam \u012frenginiui, nepriklausomai nuo jo dyd\u017eio. Be tvirto stalvir\u0161io, staliukas taip pat turi dvi \u012fdubas susijusiems \u012frenginiams ar nuotolinio valdymo pultams laikyti. Kair\u0117je spintel\u0117s pus\u0117je yra ma\u017ea spintel\u0117, kuri\u0105 galima atidaryti metaline rankena. Televizoriaus staliukai yra \u012fvairi\u0173 variant\u0173. Taip pat yra modeli\u0173, pagamint\u0173 i\u0161 buko lentos.<br \/>\n\u0160is modernaus stiliaus televizoriaus staliukas su dviem durel\u0117mis ir dviem atviromis lentynomis pagamintas i\u0161 \u0105\u017euolo masyvo. Priekin\u0117 dalis, stal\u010diai, durel\u0117s ir kojel\u0117s yra pagaminti i\u0161 \u0105\u017euolo masyvo faneros. Lentynos, pertvaros ir \u0161onai yra pagaminti i\u0161 \u0105\u017euolo faneros. Alyvuota apdaila suteikia jam nat\u016bralios medienos i\u0161vaizd\u0105.<br \/>\nSavyb\u0117s:<br \/>\nAuk\u0161tis: 53 cm<br \/>\nPlotis: 125 cm<br \/>\nGylis: 50 cm<br \/>\nTelevizoriaus staliukas supakuotas kompakti\u0161kose d\u0117\u017e\u0117se su surinkimo instrukcijomis ir tvirtinimo priedais.<br \/>\nU\u017esakymo apdorojimo laikas yra 6\u20138 savait\u0117s nuo apmok\u0117jimo datos. Didesniems u\u017esakymams susisiekite su mumis ir aptarsime siuntimo galimybes. Raginame jus pirkti ir u\u017eduoti klausimus; mielai pad\u0117sime jums sukonfig\u016bruoti tinkam\u0105 paket\u0105.<\/p>","protected":false},"excerpt":{"rendered":"<p>We present to you one of the pieces from the NENA collection. This furniture was designed for those seeking interesting, modern solutions when furnishing their dream interiors. This collection consists of 15 different, independent pieces that can be freely configured by adding new pieces or rearranging existing ones. This collection is constantly in stock, so [&hellip;]<\/p>","protected":false},"featured_media":339848,"comment_status":"open","ping_status":"open","template":"","meta":[],"product_brand":[],"product_cat":[10186,10176,1175],"product_tag":[],"class_list":{"0":"post-339847","1":"product","2":"type-product","3":"status-publish","4":"has-post-thumbnail","6":"product_cat-furniture-system-nena-hugon-meble","7":"product_cat-hugon-meble","8":"product_cat-tv-stands","10":"first","11":"instock","12":"purchasable","13":"product-type-simple"},"_links":{"self":[{"href":"https:\/\/baldumarket.lt\/lt\/wp-json\/wp\/v2\/product\/339847","targetHints":{"allow":["GET"]}}],"collection":[{"href":"https:\/\/baldumarket.lt\/lt\/wp-json\/wp\/v2\/product"}],"about":[{"href":"https:\/\/baldumarket.lt\/lt\/wp-json\/wp\/v2\/types\/product"}],"replies":[{"embeddable":true,"href":"https:\/\/baldumarket.lt\/lt\/wp-json\/wp\/v2\/comments?post=339847"}],"wp:featuredmedia":[{"embeddable":true,"href":"https:\/\/baldumarket.lt\/lt\/wp-json\/wp\/v2\/media\/339848"}],"wp:attachment":[{"href":"https:\/\/baldumarket.lt\/lt\/wp-json\/wp\/v2\/media?parent=339847"}],"wp:term":[{"taxonomy":"product_brand","embeddable":true,"href":"https:\/\/baldumarket.lt\/lt\/wp-json\/wp\/v2\/product_brand?post=339847"},{"taxonomy":"product_cat","embeddable":true,"href":"https:\/\/baldumarket.lt\/lt\/wp-json\/wp\/v2\/product_cat?post=339847"},{"taxonomy":"product_tag","embeddable":true,"href":"https:\/\/baldumarket.lt\/lt\/wp-json\/wp\/v2\/product_tag?post=339847"}],"curies":[{"name":"wp","href":"https:\/\/api.w.org\/{rel}","templated":true}]}}