{"id":339842,"date":"2026-04-08T19:18:34","date_gmt":"2026-04-08T16:18:34","guid":{"rendered":"https:\/\/baldumarket.lt\/product\/nena-155-televizoriaus-spintele\/"},"modified":"2026-04-11T09:52:15","modified_gmt":"2026-04-11T06:52:15","slug":"nena-155-televizoriaus-spintele","status":"publish","type":"product","link":"https:\/\/baldumarket.lt\/lt\/product\/nena-155-televizoriaus-spintele\/","title":{"rendered":"NENA 155 televizoriaus spintel\u0117"},"content":{"rendered":"<p>Pristatome vien\u0105 i\u0161 NENA kolekcijos element\u0173. \u0160ie baldai buvo sukurti tiems, kurie ie\u0161ko \u012fdomi\u0173, moderni\u0173 sprendim\u0173, \u012frengdami savo svajoni\u0173 interjer\u0105.<br \/>\n\u0160i\u0105 kolekcij\u0105 sudaro 15 skirting\u0173 atskir\u0173 bald\u0173, kuriuos galima laisvai konfig\u016bruoti pridedant nauj\u0173 arba pertvarkant esamus. \u0160i kolekcija nuolat yra sand\u0117lyje, tod\u0117l jei pabost\u0173 bald\u0173 i\u0161vaizda, gal\u0117tum\u0117te lengvai pa\u012fvairinti savo nam\u0173 dekor\u0105 nekeisdami viso komplekto.<br \/>\n\u0160is televizoriaus staliukas yra populiarios NENA nat\u016bralaus \u0105\u017euolo kolekcijos dalis. J\u012f sudaro daugiau nei tuzinas atskir\u0173 dali\u0173, tinkan\u010di\u0173 bet kokiam i\u0161d\u0117stymui. \u0160ie baldai prad\u017eiugins \u0161viesi\u0173 interjer\u0173 m\u0117g\u0117jus, kurie vertina vientis\u0105 medien\u0105. Kiekvienas kolekcijos baldas yra auk\u0161\u010diausio meistri\u0161kumo pavyzdys. Baldai yra kruop\u0161\u010diai pagaminti ir apsaugoti augaliniais aliejais. Alyvavimas ne tik pagerina atskir\u0173 lent\u0173 gro\u017e\u012f, bet ir apsaugo j\u0173 strukt\u016br\u0105.<br \/>\nSunku \u012fsivaizduoti kambar\u012f be televizoriaus. \u0160iam prietaisui reikalingas tinkamas baldas, ant kurio b\u016bt\u0173 galima pad\u0117ti susijusius daiktus. Televizoriaus staliukas yra kompakti\u0161kas baldas, puikiai tinkantis bet kuriam kambariui, kuriame planuojate laikyti televizori\u0173. Platus stalvir\u0161is tinka net dideliems prietaisams laikyti. Po juo yra patogi lentyna, sukurianti ni\u0161as. Erdvios spintel\u0117s yra kair\u0117je ir de\u0161in\u0117je spintel\u0117s pus\u0117se. Stovas yra \u012fvairi\u0173 versij\u0173, \u012fskaitant \u0161iek tiek \u0161viesesni\u0173 spalv\u0173.<br \/>\n\u0160is modernaus stiliaus televizoriaus staliukas su dviem durel\u0117mis ir dviem atviromis lentynomis pagamintas i\u0161 \u0105\u017euolo masyvo. Priekin\u0117 dalis, stal\u010diai, durel\u0117s ir kojel\u0117s \u2013 i\u0161 \u0105\u017euolo faneruot\u0117s, o lentynos, pertvaros ir \u0161onai \u2013 i\u0161 \u0105\u017euolo faneruot\u0117s. Alyvuota apdaila suteikia jam nat\u016bralaus med\u017eio i\u0161vaizd\u0105.<br \/>\nSavyb\u0117s:<br \/>\nAuk\u0161tis: 53 cm<br \/>\nPlotis: 155 cm<br \/>\nGylis: 50 cm<br \/>\nTelevizoriaus staliukas supakuotas kompakti\u0161kose d\u0117\u017e\u0117se su surinkimo instrukcijomis ir tvirtinimo priedais.<br \/>\nU\u017esakymo apdorojimo laikas yra 6\u20138 savait\u0117s nuo apmok\u0117jimo datos.<br \/>\nDidesniems u\u017esakymams pra\u0161ome susisiekti su mumis, kad susitartume d\u0117l pristatymo.<br \/>\nRaginame jus pirkti ir u\u017eduoti klausimus; mielai pad\u0117sime jums sukonfig\u016bruoti tinkamiausi\u0105 paket\u0105.<\/p>","protected":false},"excerpt":{"rendered":"<p>We present to you one of the elements of the NENA collection. This furniture was designed for those seeking interesting, modern solutions when furnishing their dream interiors. This collection consists of 15 different individual pieces that can be freely configured by adding new pieces or rearranging existing ones. This collection is constantly in stock, so [&hellip;]<\/p>","protected":false},"featured_media":339843,"comment_status":"open","ping_status":"open","template":"","meta":[],"product_brand":[],"product_cat":[10186,10176,1175],"product_tag":[],"class_list":{"0":"post-339842","1":"product","2":"type-product","3":"status-publish","4":"has-post-thumbnail","6":"product_cat-furniture-system-nena-hugon-meble","7":"product_cat-hugon-meble","8":"product_cat-tv-stands","10":"first","11":"instock","12":"purchasable","13":"product-type-simple"},"_links":{"self":[{"href":"https:\/\/baldumarket.lt\/lt\/wp-json\/wp\/v2\/product\/339842","targetHints":{"allow":["GET"]}}],"collection":[{"href":"https:\/\/baldumarket.lt\/lt\/wp-json\/wp\/v2\/product"}],"about":[{"href":"https:\/\/baldumarket.lt\/lt\/wp-json\/wp\/v2\/types\/product"}],"replies":[{"embeddable":true,"href":"https:\/\/baldumarket.lt\/lt\/wp-json\/wp\/v2\/comments?post=339842"}],"wp:featuredmedia":[{"embeddable":true,"href":"https:\/\/baldumarket.lt\/lt\/wp-json\/wp\/v2\/media\/339843"}],"wp:attachment":[{"href":"https:\/\/baldumarket.lt\/lt\/wp-json\/wp\/v2\/media?parent=339842"}],"wp:term":[{"taxonomy":"product_brand","embeddable":true,"href":"https:\/\/baldumarket.lt\/lt\/wp-json\/wp\/v2\/product_brand?post=339842"},{"taxonomy":"product_cat","embeddable":true,"href":"https:\/\/baldumarket.lt\/lt\/wp-json\/wp\/v2\/product_cat?post=339842"},{"taxonomy":"product_tag","embeddable":true,"href":"https:\/\/baldumarket.lt\/lt\/wp-json\/wp\/v2\/product_tag?post=339842"}],"curies":[{"name":"wp","href":"https:\/\/api.w.org\/{rel}","templated":true}]}}