{"id":339832,"date":"2026-04-08T19:18:25","date_gmt":"2026-04-08T16:18:25","guid":{"rendered":"https:\/\/baldumarket.lt\/product\/nena-195-televizoriaus-spintele\/"},"modified":"2026-04-11T09:52:15","modified_gmt":"2026-04-11T06:52:15","slug":"nena-195-televizoriaus-spintele","status":"publish","type":"product","link":"https:\/\/baldumarket.lt\/lt\/product\/nena-195-televizoriaus-spintele\/","title":{"rendered":"NENA 195 televizoriaus spintel\u0117"},"content":{"rendered":"<p>Pristatome vien\u0105 i\u0161 NENA kolekcijos bald\u0173. \u0160ie baldai sukurti tiems, kurie ie\u0161ko \u012fdomi\u0173, moderni\u0173 sprendim\u0173, \u012frengdami savo svajoni\u0173 interjer\u0105.<br \/>\n\u0160i\u0105 kolekcij\u0105 sudaro 15 skirting\u0173 atskir\u0173 bald\u0173, kuriuos galima laisvai konfig\u016bruoti pridedant nauj\u0173 arba pertvarkant esamus. \u0160i kolekcija nuolat yra sand\u0117lyje, tod\u0117l jei pabost\u0173 bald\u0173 i\u0161vaizda, gal\u0117tum\u0117te lengvai pa\u012fvairinti savo nam\u0173 dekor\u0105 nekeisdami viso komplekto.<br \/>\n\u0160is televizoriaus staliukas yra vienas i\u0161 NENA nat\u016bralaus \u0105\u017euolo kolekcijos gamini\u0173. J\u012f sudaro kelios atskiros dalys, kurias galima laisvai konfig\u016bruoti. Visas baldas pagamintas i\u0161 auk\u0161tos kokyb\u0117s, aliejumi apdoroto \u0105\u017euolo. Lent\u0173 vidinei strukt\u016brai apsaugoti naudojami special\u016bs augaliniai aliejai. Gra\u017eus, subtilus blizgesys suteikia papildomo \u017eavesio.<br \/>\n\u0160is ilgas televizoriaus staliukas puikiai tiks bet kokiam kambariui, kuriame planuojate demonstruoti televizori\u0173. Ant jo vir\u0161aus tilps net ir didelis prietaisas. Visi susij\u0119 elementai telpa \u012f dvi ni\u0161as, kurias sukuria medine lentyna. Spintel\u0117s \u0161onai yra spintel\u0117s, pasiekiamos metalin\u0117mis rankenomis. Visas spintel\u0117 puikiai der\u0117s prie interjero, kuriame jau yra bald\u0173 i\u0161 NENA kolekcijos. Visi elementai taip pat galimi \u0161iek tiek baltesni\u0173 spalv\u0173. Taip pat galimi modeliai, pagaminti i\u0161 buko lent\u0173.<br \/>\n\u0160is modernaus stiliaus televizoriaus staliukas su dviem durel\u0117mis ir dviem atviromis lentynomis pagamintas i\u0161 \u0105\u017euolo masyvo. Priekin\u0117 dalis, stal\u010diai, durel\u0117s ir kojel\u0117s yra pagaminti i\u0161 \u0105\u017euolo masyvo faneros. Lentynos, pertvaros ir \u0161onai yra pagaminti i\u0161 \u0105\u017euolo faneros. Alyvuota apdaila suteikia jam nat\u016bralios medienos i\u0161vaizd\u0105.<br \/>\nSavyb\u0117s:<br \/>\nAuk\u0161tis: 65 cm<br \/>\nPlotis: 193 cm<br \/>\nGylis: 50 cm<br \/>\nDidesniems u\u017esakymams pra\u0161ome susisiekti su mumis, kad susitartume d\u0117l pristatymo.<br \/>\nKvie\u010diame \u012fsigyti ir u\u017eduoti klausimus; mielai pad\u0117sime jums susikurti tobul\u0105 rinkin\u012f.<\/p>","protected":false},"excerpt":{"rendered":"<p>We present to you one of the pieces from the NENA collection. This furniture was designed for those seeking interesting, modern solutions when furnishing their dream interiors. This collection consists of 15 different individual pieces that can be freely configured by adding new pieces or rearranging existing ones. This collection is constantly in stock, so [&hellip;]<\/p>","protected":false},"featured_media":339833,"comment_status":"open","ping_status":"open","template":"","meta":[],"product_brand":[],"product_cat":[10186,10176,1175],"product_tag":[],"class_list":{"0":"post-339832","1":"product","2":"type-product","3":"status-publish","4":"has-post-thumbnail","6":"product_cat-furniture-system-nena-hugon-meble","7":"product_cat-hugon-meble","8":"product_cat-tv-stands","10":"first","11":"instock","12":"purchasable","13":"product-type-simple"},"_links":{"self":[{"href":"https:\/\/baldumarket.lt\/lt\/wp-json\/wp\/v2\/product\/339832","targetHints":{"allow":["GET"]}}],"collection":[{"href":"https:\/\/baldumarket.lt\/lt\/wp-json\/wp\/v2\/product"}],"about":[{"href":"https:\/\/baldumarket.lt\/lt\/wp-json\/wp\/v2\/types\/product"}],"replies":[{"embeddable":true,"href":"https:\/\/baldumarket.lt\/lt\/wp-json\/wp\/v2\/comments?post=339832"}],"wp:featuredmedia":[{"embeddable":true,"href":"https:\/\/baldumarket.lt\/lt\/wp-json\/wp\/v2\/media\/339833"}],"wp:attachment":[{"href":"https:\/\/baldumarket.lt\/lt\/wp-json\/wp\/v2\/media?parent=339832"}],"wp:term":[{"taxonomy":"product_brand","embeddable":true,"href":"https:\/\/baldumarket.lt\/lt\/wp-json\/wp\/v2\/product_brand?post=339832"},{"taxonomy":"product_cat","embeddable":true,"href":"https:\/\/baldumarket.lt\/lt\/wp-json\/wp\/v2\/product_cat?post=339832"},{"taxonomy":"product_tag","embeddable":true,"href":"https:\/\/baldumarket.lt\/lt\/wp-json\/wp\/v2\/product_tag?post=339832"}],"curies":[{"name":"wp","href":"https:\/\/api.w.org\/{rel}","templated":true}]}}