{"id":339826,"date":"2026-04-08T19:18:21","date_gmt":"2026-04-08T16:18:21","guid":{"rendered":"https:\/\/baldumarket.lt\/product\/stalcius-dviaukstei-lovai-mike-denis-balta\/"},"modified":"2026-04-08T21:17:55","modified_gmt":"2026-04-08T18:17:55","slug":"stalcius-dviaukstei-lovai-mike-denis-balta","status":"publish","type":"product","link":"https:\/\/baldumarket.lt\/lt\/product\/stalcius-dviaukstei-lovai-mike-denis-balta\/","title":{"rendered":"Stal\u010dius dviauk\u0161tei lovai MIKE\/DENIS, balta"},"content":{"rendered":"<p>Dviauk\u0161t\u0117s lovos \u201eMike\u201c stal\u010dius \u2013 puiki vieta patalynei laikyti. Tai sutaupys vietos vaiko kambaryje. Stal\u010dius tur\u0117t\u0173 b\u016bti dedamas po apatine lovos dalimi. Jame taip pat galima laikyti \u017eaislus ir kitus vaik\u0173 aksesuarus. Jis pagamintas i\u0161 pu\u0161ies medienos, padengtos augaliniais aliejais. Pu\u0161is laikoma tinkamiausia mediena vaik\u0173 baldams, net ir alergi\u0161kiems \u017emon\u0117ms, i\u0161 dalies d\u0117l to, kad sugeria ma\u017eiau dulki\u0173 nei kitos medienos r\u016b\u0161ys. Stal\u010dius taip pat gali b\u016bti su nat\u016bralios medienos apdaila. Stal\u010dius pagamintas i\u0161 pu\u0161ies medienos, pasi\u017eymin\u010dios stabilia konstrukcija. Stal\u010dius suteikia vietos patalynei laikyti. Pristatymas \/ montavimas: Pristatoma kompakti\u0161kose d\u0117\u017e\u0117se. Lov\u0105 lengva surinkti. Surinkimui reikalingas vienas asmuo. Surinkimo instrukcijos ir tvirtinimo priedai yra prid\u0117tos.<\/p>","protected":false},"excerpt":{"rendered":"<p>The Mike bunk bed drawer is the perfect place to store bedding. This will save space in the child&#8217;s room. The drawer should be placed under the lower tier of the bed. It can also be used to store toys and other children&#8217;s accessories. It is made of pine wood, coated with vegetable oils. Pine [&hellip;]<\/p>","protected":false},"featured_media":339827,"comment_status":"open","ping_status":"open","template":"","meta":[],"product_brand":[],"product_cat":[10176,1043],"product_tag":[],"class_list":{"0":"post-339826","1":"product","2":"type-product","3":"status-publish","4":"has-post-thumbnail","6":"product_cat-hugon-meble","7":"product_cat-extras","9":"first","10":"instock","11":"purchasable","12":"product-type-simple"},"_links":{"self":[{"href":"https:\/\/baldumarket.lt\/lt\/wp-json\/wp\/v2\/product\/339826","targetHints":{"allow":["GET"]}}],"collection":[{"href":"https:\/\/baldumarket.lt\/lt\/wp-json\/wp\/v2\/product"}],"about":[{"href":"https:\/\/baldumarket.lt\/lt\/wp-json\/wp\/v2\/types\/product"}],"replies":[{"embeddable":true,"href":"https:\/\/baldumarket.lt\/lt\/wp-json\/wp\/v2\/comments?post=339826"}],"wp:featuredmedia":[{"embeddable":true,"href":"https:\/\/baldumarket.lt\/lt\/wp-json\/wp\/v2\/media\/339827"}],"wp:attachment":[{"href":"https:\/\/baldumarket.lt\/lt\/wp-json\/wp\/v2\/media?parent=339826"}],"wp:term":[{"taxonomy":"product_brand","embeddable":true,"href":"https:\/\/baldumarket.lt\/lt\/wp-json\/wp\/v2\/product_brand?post=339826"},{"taxonomy":"product_cat","embeddable":true,"href":"https:\/\/baldumarket.lt\/lt\/wp-json\/wp\/v2\/product_cat?post=339826"},{"taxonomy":"product_tag","embeddable":true,"href":"https:\/\/baldumarket.lt\/lt\/wp-json\/wp\/v2\/product_tag?post=339826"}],"curies":[{"name":"wp","href":"https:\/\/api.w.org\/{rel}","templated":true}]}}