{"id":339823,"date":"2026-04-08T19:18:19","date_gmt":"2026-04-08T16:18:19","guid":{"rendered":"https:\/\/baldumarket.lt\/product\/stalcius-dviaukstei-lovai-oli-oli-2\/"},"modified":"2026-04-08T21:17:55","modified_gmt":"2026-04-08T18:17:55","slug":"stalcius-dviaukstei-lovai-oli-oli-2","status":"publish","type":"product","link":"https:\/\/baldumarket.lt\/lt\/product\/stalcius-dviaukstei-lovai-oli-oli-2\/","title":{"rendered":"Stal\u010dius dviauk\u0161tei lovai OLI, OLI-2"},"content":{"rendered":"<p>Stal\u010dius OLI dviauk\u0161tei lovai, OLI-2<br \/>\nStal\u010dius pagamintas i\u0161 buko medienos \u2013 stal\u010diaus priekis, \u0161onai ir nugar\u0117l\u0117 pagaminti i\u0161 buko spalvos med\u017eio dro\u017eli\u0173 plok\u0161t\u0117s, pasi\u017eymi tvirta konstrukcija. Stal\u010diuje yra vietos patalynei laikyti.<br \/>\nPristatoma kompakti\u0161kose d\u0117\u017eut\u0117se.<br \/>\nStal\u010di\u0173 lengva surinkti. Surinkimui reikia vieno \u017emogaus.<br \/>\nPridedamos instrukcijos ir tvirtinimo priedai.<br \/>\nKaina nurodyta u\u017e vien\u0105 stal\u010di\u0173!<\/p>","protected":false},"excerpt":{"rendered":"<p>Drawer for OLI Bunk Bed, OLI-2 The drawer is made of beech wood &#8211; the drawer front, sides, and back are made of beech-colored chipboard, with a sturdy construction. The drawer provides storage space for bedding. Delivered in compact boxes. The drawer is easy to assemble. Assembly requires one person. Instructions and mounting accessories included. [&hellip;]<\/p>","protected":false},"featured_media":339824,"comment_status":"open","ping_status":"open","template":"","meta":[],"product_brand":[],"product_cat":[10176,1043],"product_tag":[],"class_list":{"0":"post-339823","1":"product","2":"type-product","3":"status-publish","4":"has-post-thumbnail","6":"product_cat-hugon-meble","7":"product_cat-extras","9":"first","10":"instock","11":"purchasable","12":"product-type-simple"},"_links":{"self":[{"href":"https:\/\/baldumarket.lt\/lt\/wp-json\/wp\/v2\/product\/339823","targetHints":{"allow":["GET"]}}],"collection":[{"href":"https:\/\/baldumarket.lt\/lt\/wp-json\/wp\/v2\/product"}],"about":[{"href":"https:\/\/baldumarket.lt\/lt\/wp-json\/wp\/v2\/types\/product"}],"replies":[{"embeddable":true,"href":"https:\/\/baldumarket.lt\/lt\/wp-json\/wp\/v2\/comments?post=339823"}],"wp:featuredmedia":[{"embeddable":true,"href":"https:\/\/baldumarket.lt\/lt\/wp-json\/wp\/v2\/media\/339824"}],"wp:attachment":[{"href":"https:\/\/baldumarket.lt\/lt\/wp-json\/wp\/v2\/media?parent=339823"}],"wp:term":[{"taxonomy":"product_brand","embeddable":true,"href":"https:\/\/baldumarket.lt\/lt\/wp-json\/wp\/v2\/product_brand?post=339823"},{"taxonomy":"product_cat","embeddable":true,"href":"https:\/\/baldumarket.lt\/lt\/wp-json\/wp\/v2\/product_cat?post=339823"},{"taxonomy":"product_tag","embeddable":true,"href":"https:\/\/baldumarket.lt\/lt\/wp-json\/wp\/v2\/product_tag?post=339823"}],"curies":[{"name":"wp","href":"https:\/\/api.w.org\/{rel}","templated":true}]}}