{"id":339820,"date":"2026-04-08T19:18:16","date_gmt":"2026-04-08T16:18:16","guid":{"rendered":"https:\/\/baldumarket.lt\/product\/stalcius-dviaukstei-lovai-oli-oli-2-balta\/"},"modified":"2026-04-08T21:17:55","modified_gmt":"2026-04-08T18:17:55","slug":"stalcius-dviaukstei-lovai-oli-oli-2-balta","status":"publish","type":"product","link":"https:\/\/baldumarket.lt\/lt\/product\/stalcius-dviaukstei-lovai-oli-oli-2-balta\/","title":{"rendered":"Stal\u010dius dviauk\u0161tei lovai OLI, OLI-2 &#8211; BALTA"},"content":{"rendered":"<p>Stal\u010dius pagamintas i\u0161 pu\u0161ies medienos \u2013 priekin\u0117, \u0161onin\u0117 ir galin\u0117 dalys. Stal\u010diuje yra vietos patalynei.<br \/>\nStal\u010diaus priekin\u0117s dalies matmenys: 157 x 16 cm,<br \/>\nStal\u010diaus gylis: 90 cm.<br \/>\nPristatoma kompakti\u0161kose d\u0117\u017eut\u0117se.<br \/>\nStal\u010di\u0173 lengva surinkti. Surinkimui reikia vieno \u017emogaus.<br \/>\nPridedamos surinkimo instrukcijos ir tvirtinimo priedai.<br \/>\nKaina nurodyta u\u017e vien\u0105 stal\u010di\u0173!<\/p>","protected":false},"excerpt":{"rendered":"<p>Stal\u010dius pagamintas i\u0161 pu\u0161ies medienos \u2013 priekin\u0117, \u0161onin\u0117 ir galin\u0117 dalys. Stal\u010diuje yra vietos patalynei. Stal\u010diaus priekin\u0117s dalies matmenys: 157 x 16 cm, stal\u010diaus gylis: 90 cm. Pristatoma kompakti\u0161kose d\u0117\u017e\u0117se. Stal\u010di\u0173 lengva surinkti. Surinkimui reikia vieno \u017emogaus. Surinkimo instrukcijos ir tvirtinimo priedai yra \u012ftraukti. Kaina nurodyta u\u017e vien\u0105 stal\u010di\u0173!<\/p>","protected":false},"featured_media":339821,"comment_status":"open","ping_status":"open","template":"","meta":[],"product_brand":[],"product_cat":[10176,1043],"product_tag":[],"class_list":{"0":"post-339820","1":"product","2":"type-product","3":"status-publish","4":"has-post-thumbnail","6":"product_cat-hugon-meble","7":"product_cat-extras","9":"first","10":"instock","11":"purchasable","12":"product-type-simple"},"_links":{"self":[{"href":"https:\/\/baldumarket.lt\/lt\/wp-json\/wp\/v2\/product\/339820","targetHints":{"allow":["GET"]}}],"collection":[{"href":"https:\/\/baldumarket.lt\/lt\/wp-json\/wp\/v2\/product"}],"about":[{"href":"https:\/\/baldumarket.lt\/lt\/wp-json\/wp\/v2\/types\/product"}],"replies":[{"embeddable":true,"href":"https:\/\/baldumarket.lt\/lt\/wp-json\/wp\/v2\/comments?post=339820"}],"wp:featuredmedia":[{"embeddable":true,"href":"https:\/\/baldumarket.lt\/lt\/wp-json\/wp\/v2\/media\/339821"}],"wp:attachment":[{"href":"https:\/\/baldumarket.lt\/lt\/wp-json\/wp\/v2\/media?parent=339820"}],"wp:term":[{"taxonomy":"product_brand","embeddable":true,"href":"https:\/\/baldumarket.lt\/lt\/wp-json\/wp\/v2\/product_brand?post=339820"},{"taxonomy":"product_cat","embeddable":true,"href":"https:\/\/baldumarket.lt\/lt\/wp-json\/wp\/v2\/product_cat?post=339820"},{"taxonomy":"product_tag","embeddable":true,"href":"https:\/\/baldumarket.lt\/lt\/wp-json\/wp\/v2\/product_tag?post=339820"}],"curies":[{"name":"wp","href":"https:\/\/api.w.org\/{rel}","templated":true}]}}