{"id":339817,"date":"2026-04-08T19:18:14","date_gmt":"2026-04-08T16:18:14","guid":{"rendered":"https:\/\/baldumarket.lt\/product\/tunelis-dviaukstei-lovai-delfin-didelei\/"},"modified":"2026-04-08T21:17:55","modified_gmt":"2026-04-08T18:17:55","slug":"tunelis-dviaukstei-lovai-delfin-didelei","status":"publish","type":"product","link":"https:\/\/baldumarket.lt\/lt\/product\/tunelis-dviaukstei-lovai-delfin-didelei\/","title":{"rendered":"Tunelis dviauk\u0161tei lovai DELFIN didelei"},"content":{"rendered":"<p>Didelis tunelis \u2013 puikus sprendimas dviauk\u0161tei lovai. Jis ne tik suteikia pastog\u0119 miegant, bet ir gali b\u016bti puiki sl\u0117ptuv\u0117 bei vaik\u0173 \u017eaidim\u0173 baz\u0117. Be to, m\u0117lynos spalvos ir dekoratyviniai delfinai greitai nukels j\u016bs\u0173 vaik\u0105 \u012f vandens nuotyki\u0173 ir net pirat\u0173 \u0161al\u012f. Dekoracija turi du langus \u2013 angas, kurias galima bet kada u\u017edengti. Tunelis yra ilgas, 150 cm, ir t\u0119siasi per vis\u0105 vir\u0161utinio gulto ilg\u012f iki laipt\u0173 prad\u017eios. Jis pagamintas i\u0161 medviln\u0117s. Visos surinkimo med\u017eiagos yra \u012fskai\u010diuotos. \u0160iam \u017eaislui si\u016blome daug variant\u0173, \u012fskaitant dvigub\u0105 bok\u0161t\u0105 ir u\u017euolaid\u0105 apatiniam gultui. Spalva: dangaus m\u0117lyna<br \/>\n100% medviln\u0117<br \/>\n\u012e komplekt\u0105 \u012feina r\u0117mai ir surinkimo med\u017eiagos<br \/>\nReikalingas savaranki\u0161kas surinkimas su surinkimo instrukcijomis. Gaminio matmenys: plotis \u2013 90 cm, ilgis \u2013 150 cm, auk\u0161tis 75 cm.<\/p>","protected":false},"excerpt":{"rendered":"<p>A large tunnel is the perfect solution for a bunk bed. Not only does it provide shelter while sleeping, but it can also be a great hiding place and base for children&#8217;s play. What&#8217;s more, its blue colors and decorative dolphins will quickly transport your child to a land of aquatic adventures and even pirates. [&hellip;]<\/p>","protected":false},"featured_media":339818,"comment_status":"open","ping_status":"open","template":"","meta":[],"product_brand":[],"product_cat":[10176,1043],"product_tag":[],"class_list":{"0":"post-339817","1":"product","2":"type-product","3":"status-publish","4":"has-post-thumbnail","6":"product_cat-hugon-meble","7":"product_cat-extras","9":"first","10":"instock","11":"purchasable","12":"product-type-simple"},"_links":{"self":[{"href":"https:\/\/baldumarket.lt\/lt\/wp-json\/wp\/v2\/product\/339817","targetHints":{"allow":["GET"]}}],"collection":[{"href":"https:\/\/baldumarket.lt\/lt\/wp-json\/wp\/v2\/product"}],"about":[{"href":"https:\/\/baldumarket.lt\/lt\/wp-json\/wp\/v2\/types\/product"}],"replies":[{"embeddable":true,"href":"https:\/\/baldumarket.lt\/lt\/wp-json\/wp\/v2\/comments?post=339817"}],"wp:featuredmedia":[{"embeddable":true,"href":"https:\/\/baldumarket.lt\/lt\/wp-json\/wp\/v2\/media\/339818"}],"wp:attachment":[{"href":"https:\/\/baldumarket.lt\/lt\/wp-json\/wp\/v2\/media?parent=339817"}],"wp:term":[{"taxonomy":"product_brand","embeddable":true,"href":"https:\/\/baldumarket.lt\/lt\/wp-json\/wp\/v2\/product_brand?post=339817"},{"taxonomy":"product_cat","embeddable":true,"href":"https:\/\/baldumarket.lt\/lt\/wp-json\/wp\/v2\/product_cat?post=339817"},{"taxonomy":"product_tag","embeddable":true,"href":"https:\/\/baldumarket.lt\/lt\/wp-json\/wp\/v2\/product_tag?post=339817"}],"curies":[{"name":"wp","href":"https:\/\/api.w.org\/{rel}","templated":true}]}}