{"id":339814,"date":"2026-04-08T19:18:11","date_gmt":"2026-04-08T16:18:11","guid":{"rendered":"https:\/\/baldumarket.lt\/product\/tunelis-dviaukstei-lovai-delfin-maza\/"},"modified":"2026-04-08T21:17:45","modified_gmt":"2026-04-08T18:17:45","slug":"tunelis-dviaukstei-lovai-delfin-maza","status":"publish","type":"product","link":"https:\/\/baldumarket.lt\/lt\/product\/tunelis-dviaukstei-lovai-delfin-maza\/","title":{"rendered":"Tunelis dviauk\u0161tei lovai DELFIN ma\u017ea"},"content":{"rendered":"<p>Ma\u017eas delfin\u0173 tunelis \u2013 puikus b\u016bdas pagyvinti vaiko dviauk\u0161t\u0119 lov\u0105. Jo vir\u0161utinis auk\u0161tas gali b\u016bti visi\u0161kai arba i\u0161 dalies u\u017edengtas, kaip ir ma\u017eesnis tunelis. Jis pagamintas vien i\u0161 medviln\u0117s. Surinkimo rinkinyje yra visi tunelio surinkimui reikalingi komponentai. Tunelis yra tamsiai m\u0117lynos ir \u0161viesiai m\u0117lynos spalvos su dekoratyviniu delfin\u0173 motyvu. Jis lengvai nukels j\u016bs\u0173 vaik\u0105 \u012f fantazijos ir pasak\u0173 pasaul\u012f. Jis gali b\u016bti ne tik miego pastog\u0117, bet ir pagrindas daugeliui i\u0161rading\u0173 \u017eaidim\u0173. \u017daislas taip pat yra ilgesn\u0117s versijos. Kartu su juo yra delfin\u0173 bok\u0161tas ir u\u017euolaida apatiniam auk\u0161tam. Spalva: \u0161viesiai m\u0117lyna<br \/>\nMed\u017eiaga: 100% medviln\u0117<br \/>\n\u012e komplekt\u0105 \u012feina r\u0117mai ir surinkimo med\u017eiagos<br \/>\nSavaranki\u0161kas surinkimas su surinkimo instrukcijomis.<\/p>","protected":false},"excerpt":{"rendered":"<p>The Small Dolphin Tunnel is the perfect way to enhance a child&#8217;s bunk bed. Its upper tier can be completely or partially covered, like the smaller tunnel. It&#8217;s made entirely of cotton. The assembly kit includes all the necessary components for assembling the tunnel. The tunnel is navy blue and light blue with a decorative [&hellip;]<\/p>","protected":false},"featured_media":339815,"comment_status":"open","ping_status":"open","template":"","meta":[],"product_brand":[],"product_cat":[10176,1043],"product_tag":[],"class_list":{"0":"post-339814","1":"product","2":"type-product","3":"status-publish","4":"has-post-thumbnail","6":"product_cat-hugon-meble","7":"product_cat-extras","9":"first","10":"instock","11":"purchasable","12":"product-type-simple"},"_links":{"self":[{"href":"https:\/\/baldumarket.lt\/lt\/wp-json\/wp\/v2\/product\/339814","targetHints":{"allow":["GET"]}}],"collection":[{"href":"https:\/\/baldumarket.lt\/lt\/wp-json\/wp\/v2\/product"}],"about":[{"href":"https:\/\/baldumarket.lt\/lt\/wp-json\/wp\/v2\/types\/product"}],"replies":[{"embeddable":true,"href":"https:\/\/baldumarket.lt\/lt\/wp-json\/wp\/v2\/comments?post=339814"}],"wp:featuredmedia":[{"embeddable":true,"href":"https:\/\/baldumarket.lt\/lt\/wp-json\/wp\/v2\/media\/339815"}],"wp:attachment":[{"href":"https:\/\/baldumarket.lt\/lt\/wp-json\/wp\/v2\/media?parent=339814"}],"wp:term":[{"taxonomy":"product_brand","embeddable":true,"href":"https:\/\/baldumarket.lt\/lt\/wp-json\/wp\/v2\/product_brand?post=339814"},{"taxonomy":"product_cat","embeddable":true,"href":"https:\/\/baldumarket.lt\/lt\/wp-json\/wp\/v2\/product_cat?post=339814"},{"taxonomy":"product_tag","embeddable":true,"href":"https:\/\/baldumarket.lt\/lt\/wp-json\/wp\/v2\/product_tag?post=339814"}],"curies":[{"name":"wp","href":"https:\/\/api.w.org\/{rel}","templated":true}]}}