{"id":339811,"date":"2026-04-08T19:18:08","date_gmt":"2026-04-08T16:18:08","guid":{"rendered":"https:\/\/baldumarket.lt\/product\/indianin-dviaukste-lova-su-tuneliu-didele\/"},"modified":"2026-04-08T21:17:45","modified_gmt":"2026-04-08T18:17:45","slug":"indianin-dviaukste-lova-su-tuneliu-didele","status":"publish","type":"product","link":"https:\/\/baldumarket.lt\/lt\/product\/indianin-dviaukste-lova-su-tuneliu-didele\/","title":{"rendered":"INDIANIN dviauk\u0161t\u0117 lova su tuneliu, didel\u0117"},"content":{"rendered":"<p>Didelis ind\u0117ni\u0161kas tunelis yra daugiafunkcis \u017eaislas. Jis ne tik apsaugo vaikus nuo miego, pavyzd\u017eiui, nuo \u0161viesos, bet ir suteikia puiki\u0105 erdv\u0119 vaikams \u017eaisti. \u017dalias ir oran\u017einis tunelis puo\u0161tas ma\u017eomis ind\u0117ni\u0161ko stiliaus dekoracijomis. Jis \u012fkv\u0117ps j\u016bs\u0173 vaik\u0105 akimirksniu u\u017esiimti daugybe \u012fdomi\u0173 veikl\u0173. Jis t\u0119siasi per vis\u0105 dviauk\u0161t\u0117s lovos ilg\u012f, iki pat kop\u0117\u010di\u0173. Tunelis taip pat turi dvi angas lang\u0173 pavidalu, kuriuos galima bet kada u\u017edengti. Visa konstrukcija pagaminta i\u0161 medviln\u0117s. \u017daislas taip pat yra \u0161iek tiek trumpesn\u0117s versijos. Jis tinka vienam i\u0161 turim\u0173 bok\u0161teli\u0173 ir u\u017euolaidai apatiniam lygiui. 100% medviln\u0117<br \/>\nSavaranki\u0161kas surinkimas su surinkimo instrukcijomis<\/p>","protected":false},"excerpt":{"rendered":"<p>The Large Indian Tunnel is a multifunctional toy. It not only provides a sleep shield, for example, from the light, but also provides a perfect space for children to play. The green and orange tunnel features small Indian-style decorations. It will inspire your child to engage in many exciting activities in no time. It stretches [&hellip;]<\/p>","protected":false},"featured_media":339812,"comment_status":"open","ping_status":"open","template":"","meta":[],"product_brand":[],"product_cat":[10176,1043],"product_tag":[],"class_list":{"0":"post-339811","1":"product","2":"type-product","3":"status-publish","4":"has-post-thumbnail","6":"product_cat-hugon-meble","7":"product_cat-extras","9":"first","10":"instock","11":"purchasable","12":"product-type-simple"},"_links":{"self":[{"href":"https:\/\/baldumarket.lt\/lt\/wp-json\/wp\/v2\/product\/339811","targetHints":{"allow":["GET"]}}],"collection":[{"href":"https:\/\/baldumarket.lt\/lt\/wp-json\/wp\/v2\/product"}],"about":[{"href":"https:\/\/baldumarket.lt\/lt\/wp-json\/wp\/v2\/types\/product"}],"replies":[{"embeddable":true,"href":"https:\/\/baldumarket.lt\/lt\/wp-json\/wp\/v2\/comments?post=339811"}],"wp:featuredmedia":[{"embeddable":true,"href":"https:\/\/baldumarket.lt\/lt\/wp-json\/wp\/v2\/media\/339812"}],"wp:attachment":[{"href":"https:\/\/baldumarket.lt\/lt\/wp-json\/wp\/v2\/media?parent=339811"}],"wp:term":[{"taxonomy":"product_brand","embeddable":true,"href":"https:\/\/baldumarket.lt\/lt\/wp-json\/wp\/v2\/product_brand?post=339811"},{"taxonomy":"product_cat","embeddable":true,"href":"https:\/\/baldumarket.lt\/lt\/wp-json\/wp\/v2\/product_cat?post=339811"},{"taxonomy":"product_tag","embeddable":true,"href":"https:\/\/baldumarket.lt\/lt\/wp-json\/wp\/v2\/product_tag?post=339811"}],"curies":[{"name":"wp","href":"https:\/\/api.w.org\/{rel}","templated":true}]}}