{"id":339808,"date":"2026-04-08T19:18:06","date_gmt":"2026-04-08T16:18:06","guid":{"rendered":"https:\/\/baldumarket.lt\/product\/indianin-dviaukste-lova-tuneliu-maza\/"},"modified":"2026-04-08T21:17:45","modified_gmt":"2026-04-08T18:17:45","slug":"indianin-dviaukste-lova-tuneliu-maza","status":"publish","type":"product","link":"https:\/\/baldumarket.lt\/lt\/product\/indianin-dviaukste-lova-tuneliu-maza\/","title":{"rendered":"INDIANIN dviauk\u0161t\u0117 lova tuneliu ma\u017ea"},"content":{"rendered":"<p>Ma\u017eas ind\u0117n\u0173 tunelis \u2013 \u012fdomi dekoravimo id\u0117ja vir\u0161utiniam dviauk\u0161t\u0117s lovos auk\u0161tui. Tunelis t\u0119siasi iki pus\u0117s lovos ir yra pritvirtintas prie laipt\u0173. \u017dalia ir oran\u017ein\u0117 spalvos bei motyvai tunelio \u0161onuose puikiai tinka \u017eaisti ind\u0117nus. J\u012f galima naudoti kaip sl\u0117ptuv\u0119 arba kaip pagrind\u0105 vaikams, kurie gali j\u012f naudoti kurdami daugyb\u0119 k\u016brybini\u0173 veikl\u0173. Tunelis turi vien\u0105 ang\u0105 stoge lango pavidalu, kur\u012f galima bet kada u\u017edaryti. Visa konstrukcija pagaminta i\u0161 medviln\u0117s, kuri\u0105 lengva nuimti ir i\u0161skalbti. Taip pat galima \u012fsigyti ilgesn\u0119 tunelio versij\u0105, taip pat pana\u0161\u0173 bok\u0161t\u0105 ir u\u017euolaid\u0105 apatiniam auk\u0161tui. Spalva: \u017ealia\/oran\u017ein\u0117.<br \/>\nMed\u017eiaga: 100% medviln\u0117<br \/>\nR\u0117mai ir tvirtinimo med\u017eiagos \u012fskai\u010diuoti<br \/>\nReikalingas savaranki\u0161kas surinkimas, pateikiant surinkimo instrukcijas. Gaminio matmenys: plotis \u2013 90 cm, ilgis \u2013 75 cm, auk\u0161tis \u2013 75 cm.<\/p>","protected":false},"excerpt":{"rendered":"<p>Ma\u017eas ind\u0117n\u0173 tunelis yra \u012fdomi dekoravimo id\u0117ja dviauk\u0161t\u0117s lovos vir\u0161utiniam auk\u0161tams. Tunelis t\u0119siasi iki pus\u0117s lovos ir yra pritvirtintas prie laipt\u0173. \u017dalia ir oran\u017ein\u0117 spalvos bei motyvai tunelio \u0161one puikiai tinka \u017eaisti ind\u0117nus. Jis gali b\u016bti naudojamas kaip [\u2026]<\/p>","protected":false},"featured_media":339809,"comment_status":"open","ping_status":"open","template":"","meta":[],"product_brand":[],"product_cat":[10176,1043],"product_tag":[],"class_list":{"0":"post-339808","1":"product","2":"type-product","3":"status-publish","4":"has-post-thumbnail","6":"product_cat-hugon-meble","7":"product_cat-extras","9":"first","10":"instock","11":"purchasable","12":"product-type-simple"},"_links":{"self":[{"href":"https:\/\/baldumarket.lt\/lt\/wp-json\/wp\/v2\/product\/339808","targetHints":{"allow":["GET"]}}],"collection":[{"href":"https:\/\/baldumarket.lt\/lt\/wp-json\/wp\/v2\/product"}],"about":[{"href":"https:\/\/baldumarket.lt\/lt\/wp-json\/wp\/v2\/types\/product"}],"replies":[{"embeddable":true,"href":"https:\/\/baldumarket.lt\/lt\/wp-json\/wp\/v2\/comments?post=339808"}],"wp:featuredmedia":[{"embeddable":true,"href":"https:\/\/baldumarket.lt\/lt\/wp-json\/wp\/v2\/media\/339809"}],"wp:attachment":[{"href":"https:\/\/baldumarket.lt\/lt\/wp-json\/wp\/v2\/media?parent=339808"}],"wp:term":[{"taxonomy":"product_brand","embeddable":true,"href":"https:\/\/baldumarket.lt\/lt\/wp-json\/wp\/v2\/product_brand?post=339808"},{"taxonomy":"product_cat","embeddable":true,"href":"https:\/\/baldumarket.lt\/lt\/wp-json\/wp\/v2\/product_cat?post=339808"},{"taxonomy":"product_tag","embeddable":true,"href":"https:\/\/baldumarket.lt\/lt\/wp-json\/wp\/v2\/product_tag?post=339808"}],"curies":[{"name":"wp","href":"https:\/\/api.w.org\/{rel}","templated":true}]}}