{"id":339805,"date":"2026-04-08T19:18:02","date_gmt":"2026-04-08T16:18:02","guid":{"rendered":"https:\/\/baldumarket.lt\/product\/tunelis-dviaukstei-lovai-melynai-raudonai-mazas\/"},"modified":"2026-04-08T21:17:45","modified_gmt":"2026-04-08T18:17:45","slug":"tunelis-dviaukstei-lovai-melynai-raudonai-mazas","status":"publish","type":"product","link":"https:\/\/baldumarket.lt\/lt\/product\/tunelis-dviaukstei-lovai-melynai-raudonai-mazas\/","title":{"rendered":"Tunelis dviauk\u0161tei lovai m\u0117lynai raudonai ma\u017eas"},"content":{"rendered":"<p>\u0160is m\u0117lynai raudonas tunelis puikiai tinka vaiko kambariui. Jis puikiai dera su esamomis dviauk\u0161t\u0117mis lovomis. Tunelis dengia didel\u0119 vir\u0161utinio auk\u0161to dal\u012f. Jis ne tik apsaugo nuo \u0161viesos, bet ir suteikia puiki\u0105 viet\u0105 vaikams \u017eaisti. J\u012f galima naudoti kaip pagrind\u0105 arba sl\u0117ptuv\u0119 vaik\u0173 i\u0161daigoms. Tunelis turi vien\u0105 lang\u0105, kuris suteikia ang\u0105 ir \u012fleid\u017eia daugiau \u0161viesos. J\u012f galima bet kada u\u017edengti. Visas komplektas pagamintas i\u0161 medviln\u0117s. Visos surinkimo dalys yra \u012fskai\u010diuotos. Gaminys taip pat yra \u0161iek tiek ilgesn\u0117s versijos. J\u012f galima derinti su vienu i\u0161 dviej\u0173 bok\u0161t\u0173 atitinkamos spalvos ir u\u017euolaida apatiniam gultui. Spalva: m\u0117lyna\/raudona.<br \/>\nMed\u017eiaga: 100% medviln\u0117<br \/>\n\u012e komplekt\u0105 \u012feina r\u0117mai ir surinkimo med\u017eiagos<br \/>\nReikalingas savaranki\u0161kas surinkimas, pateikiant surinkimo instrukcijas. Gaminio matmenys: plotis \u2013 90 cm, ilgis \u2013 75 cm, auk\u0161tis \u2013 75 cm.<\/p>","protected":false},"excerpt":{"rendered":"<p>This blue and red tunnel is perfect for a child&#8217;s room. It pairs perfectly with the available bunk beds. The tunnel covers a large portion of the upper tier. It not only protects from light but also provides a perfect place for children to play. It can be used as a base or a hideout [&hellip;]<\/p>","protected":false},"featured_media":339806,"comment_status":"open","ping_status":"open","template":"","meta":[],"product_brand":[],"product_cat":[10176,1043],"product_tag":[],"class_list":{"0":"post-339805","1":"product","2":"type-product","3":"status-publish","4":"has-post-thumbnail","6":"product_cat-hugon-meble","7":"product_cat-extras","9":"first","10":"instock","11":"purchasable","12":"product-type-simple"},"_links":{"self":[{"href":"https:\/\/baldumarket.lt\/lt\/wp-json\/wp\/v2\/product\/339805","targetHints":{"allow":["GET"]}}],"collection":[{"href":"https:\/\/baldumarket.lt\/lt\/wp-json\/wp\/v2\/product"}],"about":[{"href":"https:\/\/baldumarket.lt\/lt\/wp-json\/wp\/v2\/types\/product"}],"replies":[{"embeddable":true,"href":"https:\/\/baldumarket.lt\/lt\/wp-json\/wp\/v2\/comments?post=339805"}],"wp:featuredmedia":[{"embeddable":true,"href":"https:\/\/baldumarket.lt\/lt\/wp-json\/wp\/v2\/media\/339806"}],"wp:attachment":[{"href":"https:\/\/baldumarket.lt\/lt\/wp-json\/wp\/v2\/media?parent=339805"}],"wp:term":[{"taxonomy":"product_brand","embeddable":true,"href":"https:\/\/baldumarket.lt\/lt\/wp-json\/wp\/v2\/product_brand?post=339805"},{"taxonomy":"product_cat","embeddable":true,"href":"https:\/\/baldumarket.lt\/lt\/wp-json\/wp\/v2\/product_cat?post=339805"},{"taxonomy":"product_tag","embeddable":true,"href":"https:\/\/baldumarket.lt\/lt\/wp-json\/wp\/v2\/product_tag?post=339805"}],"curies":[{"name":"wp","href":"https:\/\/api.w.org\/{rel}","templated":true}]}}