{"id":339799,"date":"2026-04-08T19:17:50","date_gmt":"2026-04-08T16:17:50","guid":{"rendered":"https:\/\/baldumarket.lt\/product\/didelis-pirat-dviaukstes-lovos-tunelis\/"},"modified":"2026-04-08T21:55:03","modified_gmt":"2026-04-08T18:55:03","slug":"didelis-pirat-dviaukstes-lovos-tunelis","status":"publish","type":"product","link":"https:\/\/baldumarket.lt\/lt\/product\/didelis-pirat-dviaukstes-lovos-tunelis\/","title":{"rendered":"Didelis PIRAT dviauk\u0161t\u0117s lovos tunelis"},"content":{"rendered":"<p>Didelis, juodai baltas Pirat\u0173 tunelis \u2013 puikus \u017eaislas vaikams. Jis universalus, pavyzd\u017eiui, apsaugo vir\u0161utin\u0119 dviauk\u0161t\u0117s lovos dal\u012f nuo \u0161viesos. Jis taip pat gali b\u016bti puiki baz\u0117 arba sl\u0117ptuv\u0117 vaik\u0173 \u017eaidimams. Ypa\u010d d\u0117l to, kad tunelis puo\u0161tas dekoratyviniais pirat\u0173 motyvais, jis akimirksniu nukels j\u016bs\u0173 vaik\u0105 \u012f pasak\u0173 pasaul\u012f. Tunelis turi du langus stoge, kuriuos galima bet kada u\u017edaryti. Jis pagamintas i\u0161 medviln\u0117s. \u017daislas taip pat yra \u0161iek tiek ma\u017eesn\u0117s versijos. Jis taip pat tinka Pirat\u0173 bok\u0161tui ir apatin\u0117s dviauk\u0161t\u0117s lovos u\u017euolaidai. Spalva: balta\/juoda.<br \/>\n100% medviln\u0117<br \/>\n\u012e komplekt\u0105 \u012feina r\u0117mai ir surinkimo med\u017eiagos<br \/>\nReikalingas savaranki\u0161kas surinkimas su surinkimo instrukcijomis. Gaminio matmenys: plotis \u2013 90 cm, ilgis \u2013 150 cm, auk\u0161tis 75 cm.<\/p>","protected":false},"excerpt":{"rendered":"<p>Didelis, juodai baltas pirat\u0173 tunelis yra puikus \u017eaislas vaikams. Jis universalus, pavyzd\u017eiui, apsaugo vir\u0161utin\u0119 dviauk\u0161t\u0117s lovos dal\u012f nuo \u0161viesos. Jis taip pat gali b\u016bti puiki baz\u0117 arba sl\u0117ptuv\u0117 vaik\u0173 \u017eaidimams. Ypa\u010d d\u0117l to, kad tunelis puo\u0161tas dekoratyviniais pirat\u0173 motyvais, jis nukels j\u016bs\u0173 vaik\u0105 \u012f [\u2026]<\/p>","protected":false},"featured_media":339800,"comment_status":"open","ping_status":"open","template":"","meta":[],"product_brand":[],"product_cat":[10176,1043],"product_tag":[],"class_list":{"0":"post-339799","1":"product","2":"type-product","3":"status-publish","4":"has-post-thumbnail","6":"product_cat-hugon-meble","7":"product_cat-extras","9":"first","10":"instock","11":"purchasable","12":"product-type-simple"},"_links":{"self":[{"href":"https:\/\/baldumarket.lt\/lt\/wp-json\/wp\/v2\/product\/339799","targetHints":{"allow":["GET"]}}],"collection":[{"href":"https:\/\/baldumarket.lt\/lt\/wp-json\/wp\/v2\/product"}],"about":[{"href":"https:\/\/baldumarket.lt\/lt\/wp-json\/wp\/v2\/types\/product"}],"replies":[{"embeddable":true,"href":"https:\/\/baldumarket.lt\/lt\/wp-json\/wp\/v2\/comments?post=339799"}],"wp:featuredmedia":[{"embeddable":true,"href":"https:\/\/baldumarket.lt\/lt\/wp-json\/wp\/v2\/media\/339800"}],"wp:attachment":[{"href":"https:\/\/baldumarket.lt\/lt\/wp-json\/wp\/v2\/media?parent=339799"}],"wp:term":[{"taxonomy":"product_brand","embeddable":true,"href":"https:\/\/baldumarket.lt\/lt\/wp-json\/wp\/v2\/product_brand?post=339799"},{"taxonomy":"product_cat","embeddable":true,"href":"https:\/\/baldumarket.lt\/lt\/wp-json\/wp\/v2\/product_cat?post=339799"},{"taxonomy":"product_tag","embeddable":true,"href":"https:\/\/baldumarket.lt\/lt\/wp-json\/wp\/v2\/product_tag?post=339799"}],"curies":[{"name":"wp","href":"https:\/\/api.w.org\/{rel}","templated":true}]}}