{"id":339793,"date":"2026-04-08T19:17:46","date_gmt":"2026-04-08T16:17:46","guid":{"rendered":"https:\/\/baldumarket.lt\/product\/serce-dviaukstes-lovos-tunelis-didelis\/"},"modified":"2026-04-08T21:55:03","modified_gmt":"2026-04-08T18:55:03","slug":"serce-dviaukstes-lovos-tunelis-didelis","status":"publish","type":"product","link":"https:\/\/baldumarket.lt\/lt\/product\/serce-dviaukstes-lovos-tunelis-didelis\/","title":{"rendered":"SERCE dviauk\u0161t\u0117s lovos tunelis didelis"},"content":{"rendered":"<p>Didelis \u0161irdies formos tunelis yra ne\u012ftik\u0117tinai ak\u012f traukiantis ma\u017eosios princes\u0117s lovos papildymas. Jis puikiai tinka ant vir\u0161utinio dviauk\u0161t\u0117s lovos lygio. Tunelis t\u0119siasi nuo galv\u016bgalio iki laipteli\u0173. Visos surinkimo dalys yra komplekte. Tunelis yra rausvos spalvos ir dekoruotas \u0161irdel\u0117mis. Ma\u017eas langelis stoge suteikia galimyb\u0119 \u017evilgtel\u0117ti. \u0160is \u017eaislas gali b\u016bti naudojamas ne tik kaip miego skydas, bet ir kaip \u017eaidim\u0173 pagrindas mergait\u0117ms. Gaminys taip pat yra ma\u017eesnio dyd\u017eio. J\u012f galima derinti su dvigubu bok\u0161teliu dviauk\u0161tei lovai arba u\u017euolaida apatinei lovai. Spalva: ro\u017ein\u0117<br \/>\n100% medviln\u0117<br \/>\n\u012e komplekt\u0105 \u012feina r\u0117mai ir surinkimo med\u017eiagos<br \/>\nReikalingas savaranki\u0161kas surinkimas su surinkimo instrukcijomis. Gaminio matmenys: plotis \u2013 90 cm, ilgis \u2013 150 cm, auk\u0161tis 75 cm.<\/p>","protected":false},"excerpt":{"rendered":"<p>The Large Heart Tunnel is an incredibly eye-catching addition to a little princess&#8217;s bed. It fits perfectly on the top tier of a bunk bed. The tunnel extends from the headboard to the steps. All assembly components are included. The tunnel is crafted in shades of pink and features hearts as decoration. A small window [&hellip;]<\/p>","protected":false},"featured_media":339794,"comment_status":"open","ping_status":"open","template":"","meta":[],"product_brand":[],"product_cat":[10176,1043],"product_tag":[],"class_list":{"0":"post-339793","1":"product","2":"type-product","3":"status-publish","4":"has-post-thumbnail","6":"product_cat-hugon-meble","7":"product_cat-extras","9":"first","10":"instock","11":"purchasable","12":"product-type-simple"},"_links":{"self":[{"href":"https:\/\/baldumarket.lt\/lt\/wp-json\/wp\/v2\/product\/339793","targetHints":{"allow":["GET"]}}],"collection":[{"href":"https:\/\/baldumarket.lt\/lt\/wp-json\/wp\/v2\/product"}],"about":[{"href":"https:\/\/baldumarket.lt\/lt\/wp-json\/wp\/v2\/types\/product"}],"replies":[{"embeddable":true,"href":"https:\/\/baldumarket.lt\/lt\/wp-json\/wp\/v2\/comments?post=339793"}],"wp:featuredmedia":[{"embeddable":true,"href":"https:\/\/baldumarket.lt\/lt\/wp-json\/wp\/v2\/media\/339794"}],"wp:attachment":[{"href":"https:\/\/baldumarket.lt\/lt\/wp-json\/wp\/v2\/media?parent=339793"}],"wp:term":[{"taxonomy":"product_brand","embeddable":true,"href":"https:\/\/baldumarket.lt\/lt\/wp-json\/wp\/v2\/product_brand?post=339793"},{"taxonomy":"product_cat","embeddable":true,"href":"https:\/\/baldumarket.lt\/lt\/wp-json\/wp\/v2\/product_cat?post=339793"},{"taxonomy":"product_tag","embeddable":true,"href":"https:\/\/baldumarket.lt\/lt\/wp-json\/wp\/v2\/product_tag?post=339793"}],"curies":[{"name":"wp","href":"https:\/\/api.w.org\/{rel}","templated":true}]}}