{"id":339790,"date":"2026-04-08T19:17:43","date_gmt":"2026-04-08T16:17:43","guid":{"rendered":"https:\/\/baldumarket.lt\/product\/serce-lovos-tunelis-mazas\/"},"modified":"2026-04-08T21:55:03","modified_gmt":"2026-04-08T18:55:03","slug":"serce-lovos-tunelis-mazas","status":"publish","type":"product","link":"https:\/\/baldumarket.lt\/lt\/product\/serce-lovos-tunelis-mazas\/","title":{"rendered":"SERCE lovos tunelis ma\u017eas"},"content":{"rendered":"<p>Prek\u0117s apra\u0161ymas: Ma\u017eas \u0161irdel\u0117s formos tunelis yra puiki lovos puo\u0161mena ma\u017eai mergaitei. J\u012f galima montuoti ant vir\u0161utinio dviauk\u0161t\u0117s lovos lygio. Jis ne tik apsaugo mieg\u0105, bet ir yra puiki vieta \u017eaisti kaip pagrindas ar daiktad\u0117\u017e\u0117. Tunelis pagamintas i\u0161 rausvos medviln\u0117s. Dekoratyvinis motyvas yra \u0161irdel\u0117s. Ant stogo yra nedidelis langelis, u\u017etikrinantis ger\u0105 vaizd\u0105, kur\u012f galima bet kada u\u017edaryti. Tvirtinimo detal\u0117s yra prid\u0117tos. Taip pat galima \u012fsigyti ilgesn\u0119 tunelio versij\u0105 ir bok\u0161tel\u012f deran\u010di\u0173 spalv\u0173.<br \/>\nSpalva: Ro\u017ein\u0117<br \/>\nMed\u017eiaga: 100% medviln\u0117<br \/>\nR\u0117mai ir tvirtinimo detal\u0117s pridedami<br \/>\nReikalingas savaranki\u0161kas surinkimas su surinkimo instrukcijomis. Gaminio matmenys: plotis \u2013 90 cm, ilgis \u2013 75 cm, auk\u0161tis \u2013 75 cm. REKOMENDUOJU.<\/p>","protected":false},"excerpt":{"rendered":"<p>Prek\u0117s apra\u0161ymas: Ma\u017eas \u0161irdel\u0117s formos tunelis yra puiki lovos puo\u0161mena ma\u017eai mergaitei. Jis tinka montuoti ant vir\u0161utinio dviauk\u0161t\u0117s lovos lygio. Jis ne tik suteikia apsaugin\u012f u\u017edangal\u0105 miegui, bet ir yra puiki vieta \u017eaisti kaip pagrindas ar daikt\u0173 laikymo vieta. Tunelis pagamintas i\u0161 [\u2026]<\/p>","protected":false},"featured_media":339791,"comment_status":"open","ping_status":"open","template":"","meta":[],"product_brand":[],"product_cat":[10176,1043],"product_tag":[],"class_list":{"0":"post-339790","1":"product","2":"type-product","3":"status-publish","4":"has-post-thumbnail","6":"product_cat-hugon-meble","7":"product_cat-extras","9":"first","10":"instock","11":"purchasable","12":"product-type-simple"},"_links":{"self":[{"href":"https:\/\/baldumarket.lt\/lt\/wp-json\/wp\/v2\/product\/339790","targetHints":{"allow":["GET"]}}],"collection":[{"href":"https:\/\/baldumarket.lt\/lt\/wp-json\/wp\/v2\/product"}],"about":[{"href":"https:\/\/baldumarket.lt\/lt\/wp-json\/wp\/v2\/types\/product"}],"replies":[{"embeddable":true,"href":"https:\/\/baldumarket.lt\/lt\/wp-json\/wp\/v2\/comments?post=339790"}],"wp:featuredmedia":[{"embeddable":true,"href":"https:\/\/baldumarket.lt\/lt\/wp-json\/wp\/v2\/media\/339791"}],"wp:attachment":[{"href":"https:\/\/baldumarket.lt\/lt\/wp-json\/wp\/v2\/media?parent=339790"}],"wp:term":[{"taxonomy":"product_brand","embeddable":true,"href":"https:\/\/baldumarket.lt\/lt\/wp-json\/wp\/v2\/product_brand?post=339790"},{"taxonomy":"product_cat","embeddable":true,"href":"https:\/\/baldumarket.lt\/lt\/wp-json\/wp\/v2\/product_cat?post=339790"},{"taxonomy":"product_tag","embeddable":true,"href":"https:\/\/baldumarket.lt\/lt\/wp-json\/wp\/v2\/product_tag?post=339790"}],"curies":[{"name":"wp","href":"https:\/\/api.w.org\/{rel}","templated":true}]}}