{"id":339787,"date":"2026-04-08T19:17:41","date_gmt":"2026-04-08T16:17:41","guid":{"rendered":"https:\/\/baldumarket.lt\/product\/dviaukstes-lovos-uzdanga-delfin\/"},"modified":"2026-04-08T21:55:03","modified_gmt":"2026-04-08T18:55:03","slug":"dviaukstes-lovos-uzdanga-delfin","status":"publish","type":"product","link":"https:\/\/baldumarket.lt\/lt\/product\/dviaukstes-lovos-uzdanga-delfin\/","title":{"rendered":"Dviauk\u0161t\u0117s lovos u\u017edanga DELFIN"},"content":{"rendered":"<p>Vaiki\u0161ka dviauk\u0161t\u0117 lova gali b\u016bti ne tik vieta miegoti, bet ir puiki \u017eaidim\u0173 baz\u0117. Delfin\u0173 bok\u0161tas yra vienas i\u0161 variant\u0173, kuris pavers j\u016bs\u0173 vaiko laik\u0105 malonesniu. J\u012f sudaro bok\u0161tas, kuris gali papildyti \u010diuo\u017eykl\u0105 arba b\u016bti atskiras dekoratyvinis elementas. Bok\u0161tas gali tapti vieta atsipalaiduoti, paskaityti knyg\u0105 ar netgi princes\u0117s ar ma\u017eojo riterio atrama. Visi jo elementai lengvai pritvirtinami. Reikalingi komponentai yra \u012ftraukti. Audinio dalys pagamintos i\u0161 medviln\u0117s. \u017daislas puikiai dera su Delfin\u0173 tuneliu, tiek ma\u017eu, tiek dideliu, ir u\u017euolaida apatiniam auk\u0161tui. Spalva: dangaus m\u0117lyna 100% medviln\u0117<br \/>\n\u012e komplekt\u0105 \u012feina r\u0117mai ir surinkimo med\u017eiagos<br \/>\nReikalingas savaranki\u0161kas surinkimas su surinkimo instrukcijomis. Gaminio matmenys: plotis \u2013 45 cm, ilgis \u2013 45 cm, auk\u0161tis 190 cm.<\/p>","protected":false},"excerpt":{"rendered":"<p>Vaiki\u0161ka dviauk\u0161t\u0117 lova gali b\u016bti ne tik vieta miegoti, bet ir puiki \u017eaidim\u0173 baz\u0117. Delfin\u0173 bok\u0161tas yra vienas i\u0161 variant\u0173, kuris pavers j\u016bs\u0173 vaiko laik\u0105 malonesniu. J\u012f sudaro bok\u0161tas, kuris gali papildyti \u010diuo\u017eykl\u0105 arba b\u016bti atskiras dekoratyvinis elementas. Bok\u0161tas gali [\u2026]<\/p>","protected":false},"featured_media":339788,"comment_status":"open","ping_status":"open","template":"","meta":[],"product_brand":[],"product_cat":[10176,1043],"product_tag":[],"class_list":{"0":"post-339787","1":"product","2":"type-product","3":"status-publish","4":"has-post-thumbnail","6":"product_cat-hugon-meble","7":"product_cat-extras","9":"first","10":"instock","11":"purchasable","12":"product-type-simple"},"_links":{"self":[{"href":"https:\/\/baldumarket.lt\/lt\/wp-json\/wp\/v2\/product\/339787","targetHints":{"allow":["GET"]}}],"collection":[{"href":"https:\/\/baldumarket.lt\/lt\/wp-json\/wp\/v2\/product"}],"about":[{"href":"https:\/\/baldumarket.lt\/lt\/wp-json\/wp\/v2\/types\/product"}],"replies":[{"embeddable":true,"href":"https:\/\/baldumarket.lt\/lt\/wp-json\/wp\/v2\/comments?post=339787"}],"wp:featuredmedia":[{"embeddable":true,"href":"https:\/\/baldumarket.lt\/lt\/wp-json\/wp\/v2\/media\/339788"}],"wp:attachment":[{"href":"https:\/\/baldumarket.lt\/lt\/wp-json\/wp\/v2\/media?parent=339787"}],"wp:term":[{"taxonomy":"product_brand","embeddable":true,"href":"https:\/\/baldumarket.lt\/lt\/wp-json\/wp\/v2\/product_brand?post=339787"},{"taxonomy":"product_cat","embeddable":true,"href":"https:\/\/baldumarket.lt\/lt\/wp-json\/wp\/v2\/product_cat?post=339787"},{"taxonomy":"product_tag","embeddable":true,"href":"https:\/\/baldumarket.lt\/lt\/wp-json\/wp\/v2\/product_tag?post=339787"}],"curies":[{"name":"wp","href":"https:\/\/api.w.org\/{rel}","templated":true}]}}