{"id":339784,"date":"2026-04-08T19:17:39","date_gmt":"2026-04-08T16:17:39","guid":{"rendered":"https:\/\/baldumarket.lt\/product\/indianin-dviaukstes-lovos-bokstas\/"},"modified":"2026-04-08T21:55:03","modified_gmt":"2026-04-08T18:55:03","slug":"indianin-dviaukstes-lovos-bokstas","status":"publish","type":"product","link":"https:\/\/baldumarket.lt\/lt\/product\/indianin-dviaukstes-lovos-bokstas\/","title":{"rendered":"INDIANIN dviauk\u0161t\u0117s lovos bok\u0161tas"},"content":{"rendered":"<p>Ind\u0117ni\u0161kas bok\u0161tas \u2013 tai patraukli dviauk\u0161t\u0117s lovos u\u017edanga. Oran\u017einis ir \u017ealias bok\u0161tas puikiai tinka kaip \u010diuo\u017eyklos u\u017edanga, kuri da\u017enai yra papildomas lovos elementas. Visa tai ne tik padarys j\u016bs\u0173 vaiko poils\u012f \u012fdomesn\u012f, bet ir sukurs puiki\u0105 \u017eaidim\u0173 aik\u0161tel\u0119, ypa\u010d indi\u0161ku stiliumi. Visi audinio elementai pagaminti i\u0161 medviln\u0117s. Vir\u0161utiniam auk\u0161tui galima prid\u0117ti papildom\u0105 element\u0105 \u2013 ma\u017eesn\u012f ar didesn\u012f ind\u0117ni\u0161k\u0105 tunel\u012f. Bok\u0161t\u0105 taip pat galima papildyti u\u017euolaida, kuri u\u017ededama vir\u0161 apatin\u0117s lovos. Spalva: \u017ealia\/oran\u017ein\u0117<br \/>\n100% medviln\u0117<br \/>\n\u012e komplekt\u0105 \u012feina r\u0117mai ir surinkimo med\u017eiagos<br \/>\nReikalingas savaranki\u0161kas surinkimas su surinkimo instrukcijomis. Gaminio matmenys: plotis \u2013 45 cm, ilgis \u2013 45 cm, auk\u0161tis 190 cm.<\/p>","protected":false},"excerpt":{"rendered":"<p>Ind\u0117ni\u0161kas bok\u0161tas \u2013 tai patraukli dviauk\u0161t\u0117s lovos u\u017edanga. Oran\u017einis ir \u017ealias bok\u0161tas puikiai tinka kaip \u010diuo\u017eyklos u\u017edanga, kuri da\u017enai yra papildomas lovos elementas. Visa tai ne tik pa\u012fvairins j\u016bs\u0173 vaiko poils\u012f, bet ir sukurs puiki\u0105 \u017eaidim\u0173 aik\u0161tel\u0119, ypa\u010d indi\u0161ku stiliumi. Visi [\u2026]<\/p>","protected":false},"featured_media":339785,"comment_status":"open","ping_status":"open","template":"","meta":[],"product_brand":[],"product_cat":[10176,1043],"product_tag":[],"class_list":{"0":"post-339784","1":"product","2":"type-product","3":"status-publish","4":"has-post-thumbnail","6":"product_cat-hugon-meble","7":"product_cat-extras","9":"first","10":"instock","11":"purchasable","12":"product-type-simple"},"_links":{"self":[{"href":"https:\/\/baldumarket.lt\/lt\/wp-json\/wp\/v2\/product\/339784","targetHints":{"allow":["GET"]}}],"collection":[{"href":"https:\/\/baldumarket.lt\/lt\/wp-json\/wp\/v2\/product"}],"about":[{"href":"https:\/\/baldumarket.lt\/lt\/wp-json\/wp\/v2\/types\/product"}],"replies":[{"embeddable":true,"href":"https:\/\/baldumarket.lt\/lt\/wp-json\/wp\/v2\/comments?post=339784"}],"wp:featuredmedia":[{"embeddable":true,"href":"https:\/\/baldumarket.lt\/lt\/wp-json\/wp\/v2\/media\/339785"}],"wp:attachment":[{"href":"https:\/\/baldumarket.lt\/lt\/wp-json\/wp\/v2\/media?parent=339784"}],"wp:term":[{"taxonomy":"product_brand","embeddable":true,"href":"https:\/\/baldumarket.lt\/lt\/wp-json\/wp\/v2\/product_brand?post=339784"},{"taxonomy":"product_cat","embeddable":true,"href":"https:\/\/baldumarket.lt\/lt\/wp-json\/wp\/v2\/product_cat?post=339784"},{"taxonomy":"product_tag","embeddable":true,"href":"https:\/\/baldumarket.lt\/lt\/wp-json\/wp\/v2\/product_tag?post=339784"}],"curies":[{"name":"wp","href":"https:\/\/api.w.org\/{rel}","templated":true}]}}