{"id":339781,"date":"2026-04-08T19:17:35","date_gmt":"2026-04-08T16:17:35","guid":{"rendered":"https:\/\/baldumarket.lt\/product\/dviaukstes-lovos-uzdanga-bokste-melyna-raudona\/"},"modified":"2026-04-08T21:55:03","modified_gmt":"2026-04-08T18:55:03","slug":"dviaukstes-lovos-uzdanga-bokste-melyna-raudona","status":"publish","type":"product","link":"https:\/\/baldumarket.lt\/lt\/product\/dviaukstes-lovos-uzdanga-bokste-melyna-raudona\/","title":{"rendered":"Dviauk\u0161t\u0117s lovos u\u017edanga bok\u0161te M\u0116LYNA \u2013 RAUDONA"},"content":{"rendered":"<p>Vaiki\u0161ka lova \u2013 tai ne tik vieta poilsiui. Ji taip pat gali tapti puikia \u017eaidim\u0173 baze. Tereikia pasirinkti tinkamus priedus. M\u0117lynai raudonas bok\u0161tas \u2013 daugiafunkcis \u017eaislas vaikams. Jis ne tik sukuria jauk\u0173 kampel\u012f poilsiui ar skaitymui, bet ir gali b\u016bti puiki vaik\u0173 \u017eaidim\u0173 baz\u0117. Bok\u0161te galima \u012frengti kelias sl\u0117ptuves, o apatiniam auk\u0161tui \u2013 \u0161irm\u0105. Audinio elementai pagaminti i\u0161 medviln\u0117s. Surinkimo priedai yra \u012ftraukti. Taip pat galite pasirinkti dvigub\u0105 tunel\u012f vir\u0161utiniam auk\u0161tui ir \u0161irm\u0105 apatiniam auk\u0161tui. Spalva: raudona\/m\u0117lyna<br \/>\n100% medviln\u0117<br \/>\n\u012e komplekt\u0105 \u012feina r\u0117mai ir surinkimo med\u017eiagos<br \/>\nReikalingas savaranki\u0161kas surinkimas su surinkimo instrukcijomis. Gaminio matmenys: plotis \u2013 45 cm, ilgis \u2013 45 cm, auk\u0161tis 190 cm.<\/p>","protected":false},"excerpt":{"rendered":"<p>Vaiki\u0161ka lova \u2013 tai ne tik vieta poilsiui. Ji taip pat gali tapti puikiu \u017eaidim\u0173 pagrindu. Tereikia pasirinkti tinkamus priedus. M\u0117lynai raudonas bok\u0161tas \u2013 daugiafunkcis \u017eaislas vaikams. Jis ne tik sukuria jauk\u0173 kampel\u012f poilsiui ar skaitymui, bet ir gali b\u016bti puiki vieta [\u2026]<\/p>","protected":false},"featured_media":339782,"comment_status":"open","ping_status":"open","template":"","meta":[],"product_brand":[],"product_cat":[10176,1043],"product_tag":[],"class_list":{"0":"post-339781","1":"product","2":"type-product","3":"status-publish","4":"has-post-thumbnail","6":"product_cat-hugon-meble","7":"product_cat-extras","9":"first","10":"instock","11":"purchasable","12":"product-type-simple"},"_links":{"self":[{"href":"https:\/\/baldumarket.lt\/lt\/wp-json\/wp\/v2\/product\/339781","targetHints":{"allow":["GET"]}}],"collection":[{"href":"https:\/\/baldumarket.lt\/lt\/wp-json\/wp\/v2\/product"}],"about":[{"href":"https:\/\/baldumarket.lt\/lt\/wp-json\/wp\/v2\/types\/product"}],"replies":[{"embeddable":true,"href":"https:\/\/baldumarket.lt\/lt\/wp-json\/wp\/v2\/comments?post=339781"}],"wp:featuredmedia":[{"embeddable":true,"href":"https:\/\/baldumarket.lt\/lt\/wp-json\/wp\/v2\/media\/339782"}],"wp:attachment":[{"href":"https:\/\/baldumarket.lt\/lt\/wp-json\/wp\/v2\/media?parent=339781"}],"wp:term":[{"taxonomy":"product_brand","embeddable":true,"href":"https:\/\/baldumarket.lt\/lt\/wp-json\/wp\/v2\/product_brand?post=339781"},{"taxonomy":"product_cat","embeddable":true,"href":"https:\/\/baldumarket.lt\/lt\/wp-json\/wp\/v2\/product_cat?post=339781"},{"taxonomy":"product_tag","embeddable":true,"href":"https:\/\/baldumarket.lt\/lt\/wp-json\/wp\/v2\/product_tag?post=339781"}],"curies":[{"name":"wp","href":"https:\/\/api.w.org\/{rel}","templated":true}]}}