{"id":339778,"date":"2026-04-08T19:17:33","date_gmt":"2026-04-08T16:17:33","guid":{"rendered":"https:\/\/baldumarket.lt\/product\/pirat-dviaukstes-lovos-bokstas\/"},"modified":"2026-04-08T21:55:03","modified_gmt":"2026-04-08T18:55:03","slug":"pirat-dviaukstes-lovos-bokstas","status":"publish","type":"product","link":"https:\/\/baldumarket.lt\/lt\/product\/pirat-dviaukstes-lovos-bokstas\/","title":{"rendered":"PIRAT dviauk\u0161t\u0117s lovos bok\u0161tas"},"content":{"rendered":"<p>Vaiki\u0161ka lova kaip pirat\u0173 laivas? \u012emanoma. Jei norite, kad j\u016bs\u0173 vaikas dviauk\u0161t\u0117je lovoje smagiai praleist\u0173 laik\u0105, apsvarstykite Pirat\u0173 bok\u0161t\u0105. Jame yra bok\u0161telis, kur\u012f galima naudoti kaip vir\u0161utinio auk\u0161to \u010diuo\u017eyklos u\u017edangal\u0105. Juodas bok\u0161telis yra puiki vieta \u017eaisti pirat\u0173 tema, sukuriant daug \u012fdomi\u0173 kampeli\u0173 ir ply\u0161i\u0173. Visos surinkimo dalys yra komplekte. Taip pat galite pasirinkti tunel\u012f vir\u0161utiniam auk\u0161tui, kuris yra tokio paties stiliaus. U\u017euolaida su atitinkamu motyvu puikiai dera prie apatinio auk\u0161to. Spalva: balta\/juoda<br \/>\n100% medviln\u0117<br \/>\n\u012e komplekt\u0105 \u012feina r\u0117mai ir surinkimo med\u017eiagos<br \/>\nReikalingas savaranki\u0161kas surinkimas su surinkimo instrukcijomis. Gaminio matmenys: plotis \u2013 45 cm, ilgis \u2013 45 cm, auk\u0161tis 190 cm.<\/p>","protected":false},"excerpt":{"rendered":"<p>Vaiki\u0161ka lova kaip pirat\u0173 laivas? \u012emanoma. Jei norite, kad j\u016bs\u0173 vaikas dviauk\u0161t\u0117je lovoje smagiai praleist\u0173 laik\u0105, apsvarstykite Pirat\u0173 bok\u0161t\u0105. Jame yra bok\u0161tas, kur\u012f galima naudoti kaip u\u017edangal\u0105 vir\u0161uje esan\u010diai \u010diuo\u017eyklai. Juodas bok\u0161tas yra puiki vieta \u017eaisti pirat\u0173 tema, nes sukuria daug \u012fdomi\u0173 kampeli\u0173 [\u2026]<\/p>","protected":false},"featured_media":339779,"comment_status":"open","ping_status":"open","template":"","meta":[],"product_brand":[],"product_cat":[10176,1043],"product_tag":[],"class_list":{"0":"post-339778","1":"product","2":"type-product","3":"status-publish","4":"has-post-thumbnail","6":"product_cat-hugon-meble","7":"product_cat-extras","9":"first","10":"instock","11":"purchasable","12":"product-type-simple"},"_links":{"self":[{"href":"https:\/\/baldumarket.lt\/lt\/wp-json\/wp\/v2\/product\/339778","targetHints":{"allow":["GET"]}}],"collection":[{"href":"https:\/\/baldumarket.lt\/lt\/wp-json\/wp\/v2\/product"}],"about":[{"href":"https:\/\/baldumarket.lt\/lt\/wp-json\/wp\/v2\/types\/product"}],"replies":[{"embeddable":true,"href":"https:\/\/baldumarket.lt\/lt\/wp-json\/wp\/v2\/comments?post=339778"}],"wp:featuredmedia":[{"embeddable":true,"href":"https:\/\/baldumarket.lt\/lt\/wp-json\/wp\/v2\/media\/339779"}],"wp:attachment":[{"href":"https:\/\/baldumarket.lt\/lt\/wp-json\/wp\/v2\/media?parent=339778"}],"wp:term":[{"taxonomy":"product_brand","embeddable":true,"href":"https:\/\/baldumarket.lt\/lt\/wp-json\/wp\/v2\/product_brand?post=339778"},{"taxonomy":"product_cat","embeddable":true,"href":"https:\/\/baldumarket.lt\/lt\/wp-json\/wp\/v2\/product_cat?post=339778"},{"taxonomy":"product_tag","embeddable":true,"href":"https:\/\/baldumarket.lt\/lt\/wp-json\/wp\/v2\/product_tag?post=339778"}],"curies":[{"name":"wp","href":"https:\/\/api.w.org\/{rel}","templated":true}]}}