{"id":339775,"date":"2026-04-08T19:17:30","date_gmt":"2026-04-08T16:17:30","guid":{"rendered":"https:\/\/baldumarket.lt\/product\/dviaukstes-lovos-uzdanga-oranzine-ir-zalia\/"},"modified":"2026-04-08T21:54:52","modified_gmt":"2026-04-08T18:54:52","slug":"dviaukstes-lovos-uzdanga-oranzine-ir-zalia","status":"publish","type":"product","link":"https:\/\/baldumarket.lt\/lt\/product\/dviaukstes-lovos-uzdanga-oranzine-ir-zalia\/","title":{"rendered":"Dviauk\u0161t\u0117s lovos u\u017edanga oran\u017ein\u0117 ir \u017ealia"},"content":{"rendered":"<p>Dviauk\u0161t\u0117 lova \u2013 tai baldas, turintis didel\u012f potencial\u0105. Ji skirta ne tik poilsiui, bet ir vaik\u0173 \u017eaidimams. Kad j\u016bs\u0173 vaikui b\u016bt\u0173 lengviau, galite j\u0105 papildyti papildomais priedais. Oran\u017einis ir \u017ealias bok\u0161telis \u2013 gera id\u0117ja. \u0160is bok\u0161telis gali praturtinti kiekvien\u0105 \u017eaidimo laik\u0105 papildomomis pramogomis ir sukurti nauj\u0173 daiktad\u0117\u017ei\u0173 ar kampeli\u0173. Audinio elementai pagaminti i\u0161 medviln\u0117s. Visi surinkimui reikalingi priedai yra komplekte. Bok\u0161teliui taip pat galite pasirinkti dviej\u0173 spalv\u0173 tunel\u012f, ma\u017eesn\u012f arba didesn\u012f. Apatinei lovai puikiai tinka u\u017euolaidos, kuri\u0173 spalva der\u0117t\u0173 prie kit\u0173 bald\u0173. Spalva: oran\u017ein\u0117 \/ \u017ealia.<br \/>\n100% medviln\u0117<br \/>\n\u012e komplekt\u0105 \u012feina r\u0117mai ir surinkimo med\u017eiagos<br \/>\nReikalingas savaranki\u0161kas surinkimas su surinkimo instrukcijomis. Gaminio matmenys: plotis \u2013 45 cm, ilgis \u2013 45 cm, auk\u0161tis 190 cm.<\/p>","protected":false},"excerpt":{"rendered":"<p>Dviauk\u0161t\u0117 lova \u2013 tai baldas, turintis didel\u012f potencial\u0105. Ji skirta ne tik poilsiui, bet ir vaik\u0173 \u017eaidimams. Kad j\u016bs\u0173 vaikui b\u016bt\u0173 lengviau, galite j\u0105 papildyti papildomais priedais. Oran\u017einis ir \u017ealias bok\u0161telis \u2013 gera id\u0117ja. \u0160is bok\u0161telis gali praturtinti kiekvien\u0105 \u017eaidimo laik\u0105 papildomomis pramogomis ir sukurti nauj\u0173 [\u2026]<\/p>","protected":false},"featured_media":339776,"comment_status":"open","ping_status":"open","template":"","meta":[],"product_brand":[],"product_cat":[10176,1043],"product_tag":[],"class_list":{"0":"post-339775","1":"product","2":"type-product","3":"status-publish","4":"has-post-thumbnail","6":"product_cat-hugon-meble","7":"product_cat-extras","9":"first","10":"instock","11":"purchasable","12":"product-type-simple"},"_links":{"self":[{"href":"https:\/\/baldumarket.lt\/lt\/wp-json\/wp\/v2\/product\/339775","targetHints":{"allow":["GET"]}}],"collection":[{"href":"https:\/\/baldumarket.lt\/lt\/wp-json\/wp\/v2\/product"}],"about":[{"href":"https:\/\/baldumarket.lt\/lt\/wp-json\/wp\/v2\/types\/product"}],"replies":[{"embeddable":true,"href":"https:\/\/baldumarket.lt\/lt\/wp-json\/wp\/v2\/comments?post=339775"}],"wp:featuredmedia":[{"embeddable":true,"href":"https:\/\/baldumarket.lt\/lt\/wp-json\/wp\/v2\/media\/339776"}],"wp:attachment":[{"href":"https:\/\/baldumarket.lt\/lt\/wp-json\/wp\/v2\/media?parent=339775"}],"wp:term":[{"taxonomy":"product_brand","embeddable":true,"href":"https:\/\/baldumarket.lt\/lt\/wp-json\/wp\/v2\/product_brand?post=339775"},{"taxonomy":"product_cat","embeddable":true,"href":"https:\/\/baldumarket.lt\/lt\/wp-json\/wp\/v2\/product_cat?post=339775"},{"taxonomy":"product_tag","embeddable":true,"href":"https:\/\/baldumarket.lt\/lt\/wp-json\/wp\/v2\/product_tag?post=339775"}],"curies":[{"name":"wp","href":"https:\/\/api.w.org\/{rel}","templated":true}]}}