{"id":339772,"date":"2026-04-08T19:17:28","date_gmt":"2026-04-08T16:17:28","guid":{"rendered":"https:\/\/baldumarket.lt\/product\/dviaukstes-lovos-uzdanga-rozine\/"},"modified":"2026-04-08T21:54:52","modified_gmt":"2026-04-08T18:54:52","slug":"dviaukstes-lovos-uzdanga-rozine","status":"publish","type":"product","link":"https:\/\/baldumarket.lt\/lt\/product\/dviaukstes-lovos-uzdanga-rozine\/","title":{"rendered":"Dviauk\u0161t\u0117s lovos u\u017edanga ro\u017ein\u0117"},"content":{"rendered":"<p>Ro\u017einis bok\u0161tas puikiai tiks ma\u017eai princesei, ypa\u010d jei j\u0173 kambaryje yra dviauk\u0161t\u0117 lova. Su \u0161iuo bok\u0161to papuo\u0161imu per kelias akimirkas galite susikurti ne tik m\u0117gstam\u0105 miegojimo viet\u0105, bet ir \u017eaidim\u0173 aik\u0161tel\u0119. J\u016bs\u0173 vaikas gal\u0117s persikelti \u012f savo m\u0117gstam\u0105 pasak\u0173 pasaul\u012f, kur tur\u0117s pagrind\u0105 ar viet\u0105 savo id\u0117joms laikyti. Bok\u0161tas pagamintas i\u0161 medviln\u0117s. Visos surinkimo dalys yra \u012fskai\u010diuotos. Taip pat galite pasirinkti tunel\u012f vir\u0161utiniam auk\u0161tui. Apatiniam auk\u0161tui taip pat galima \u012fsigyti u\u017euolaid\u0173. Spalva: ro\u017ein\u0117\/\u0161viesiai ro\u017ein\u0117<br \/>\n100% medviln\u0117<br \/>\n\u012e komplekt\u0105 \u012feina r\u0117mai ir surinkimo med\u017eiagos<br \/>\nReikalingas savaranki\u0161kas surinkimas su surinkimo instrukcijomis. Gaminio matmenys: plotis \u2013 45 cm, ilgis \u2013 45 cm, auk\u0161tis 190 cm.<\/p>","protected":false},"excerpt":{"rendered":"<p>Ro\u017einis bok\u0161tas puikiai tiks ma\u017eajai princesei, ypa\u010d jei j\u0173 kambaryje yra dviauk\u0161t\u0117 lova. Su \u0161ia bok\u0161to dekoracija per kelias akimirkas galite susikurti ne tik m\u0117gstam\u0105 miegojimo viet\u0105, bet ir \u017eaidim\u0173 aik\u0161tel\u0119. J\u016bs\u0173 vaikas gal\u0117s nusikelti \u012f savo m\u0117gstam\u0105 pasak\u0173 pasaul\u012f, \u012fgydamas [\u2026]<\/p>","protected":false},"featured_media":339773,"comment_status":"open","ping_status":"open","template":"","meta":[],"product_brand":[],"product_cat":[10176,1043],"product_tag":[],"class_list":{"0":"post-339772","1":"product","2":"type-product","3":"status-publish","4":"has-post-thumbnail","6":"product_cat-hugon-meble","7":"product_cat-extras","9":"first","10":"instock","11":"purchasable","12":"product-type-simple"},"_links":{"self":[{"href":"https:\/\/baldumarket.lt\/lt\/wp-json\/wp\/v2\/product\/339772","targetHints":{"allow":["GET"]}}],"collection":[{"href":"https:\/\/baldumarket.lt\/lt\/wp-json\/wp\/v2\/product"}],"about":[{"href":"https:\/\/baldumarket.lt\/lt\/wp-json\/wp\/v2\/types\/product"}],"replies":[{"embeddable":true,"href":"https:\/\/baldumarket.lt\/lt\/wp-json\/wp\/v2\/comments?post=339772"}],"wp:featuredmedia":[{"embeddable":true,"href":"https:\/\/baldumarket.lt\/lt\/wp-json\/wp\/v2\/media\/339773"}],"wp:attachment":[{"href":"https:\/\/baldumarket.lt\/lt\/wp-json\/wp\/v2\/media?parent=339772"}],"wp:term":[{"taxonomy":"product_brand","embeddable":true,"href":"https:\/\/baldumarket.lt\/lt\/wp-json\/wp\/v2\/product_brand?post=339772"},{"taxonomy":"product_cat","embeddable":true,"href":"https:\/\/baldumarket.lt\/lt\/wp-json\/wp\/v2\/product_cat?post=339772"},{"taxonomy":"product_tag","embeddable":true,"href":"https:\/\/baldumarket.lt\/lt\/wp-json\/wp\/v2\/product_tag?post=339772"}],"curies":[{"name":"wp","href":"https:\/\/api.w.org\/{rel}","templated":true}]}}