{"id":339769,"date":"2026-04-08T19:17:25","date_gmt":"2026-04-08T16:17:25","guid":{"rendered":"https:\/\/baldumarket.lt\/product\/wrozka-dviaukste-lova-su-boksteliu\/"},"modified":"2026-04-08T21:17:45","modified_gmt":"2026-04-08T18:17:45","slug":"wrozka-dviaukste-lova-su-boksteliu","status":"publish","type":"product","link":"https:\/\/baldumarket.lt\/lt\/product\/wrozka-dviaukste-lova-su-boksteliu\/","title":{"rendered":"\u201eWr\u00f3\u017cka\u201c dviauk\u0161t\u0117 lova su bok\u0161teliu"},"content":{"rendered":"<p>F\u0117j\u0173 bok\u0161tas yra daugelio ma\u017e\u0173 mergai\u010di\u0173 svajon\u0117s i\u0161sipildymas. \u0160i dekoracija paver\u010dia lov\u0105 fantasti\u0161ka \u017eaidim\u0173 aik\u0161tele. Bok\u0161tas pagamintas i\u0161 rausvos medviln\u0117s. Apatinio auk\u0161to tunelis ir u\u017euolaida su deran\u010diais motyvais puikiai j\u012f papildo. \u0160ios dekoracijos akimirksniu pavers lov\u0105 nuostabia, pasaki\u0161ka aplinka k\u016brybi\u0161kam \u017eaidimui. Bok\u0161t\u0105 taip pat galima derinti su \u010diuo\u017eykla, kad b\u016bt\u0173 lengva patekti i\u0161 vir\u0161utinio auk\u0161to. Surinkimo komponentai yra \u012ftraukti. Spalva: rausva<br \/>\n100% medviln\u0117<br \/>\n\u012e komplekt\u0105 \u012feina r\u0117mai ir surinkimo med\u017eiagos<br \/>\nReikalingas savaranki\u0161kas surinkimas su surinkimo instrukcijomis. Gaminio matmenys: plotis \u2013 45 cm, ilgis \u2013 45 cm, auk\u0161tis 190 cm.<\/p>","protected":false},"excerpt":{"rendered":"<p>F\u0117j\u0173 bok\u0161tas yra daugelio ma\u017e\u0173 mergai\u010di\u0173 svajon\u0117s i\u0161sipildymas. \u0160i dekoracija paver\u010dia lov\u0105 fantasti\u0161ka \u017eaidim\u0173 aik\u0161tele. Bok\u0161tas pagamintas i\u0161 rausvos medviln\u0117s. Apatinio auk\u0161to tunelis ir u\u017euolaida su deran\u010diais motyvais puikiai j\u012f papildo. \u0160ios dekoracijos akimirksniu pavers lov\u0105 nuostabia, pasaki\u0161ka [\u2026]<\/p>","protected":false},"featured_media":339770,"comment_status":"open","ping_status":"open","template":"","meta":[],"product_brand":[],"product_cat":[10176,1043],"product_tag":[],"class_list":{"0":"post-339769","1":"product","2":"type-product","3":"status-publish","4":"has-post-thumbnail","6":"product_cat-hugon-meble","7":"product_cat-extras","9":"first","10":"instock","11":"purchasable","12":"product-type-simple"},"_links":{"self":[{"href":"https:\/\/baldumarket.lt\/lt\/wp-json\/wp\/v2\/product\/339769","targetHints":{"allow":["GET"]}}],"collection":[{"href":"https:\/\/baldumarket.lt\/lt\/wp-json\/wp\/v2\/product"}],"about":[{"href":"https:\/\/baldumarket.lt\/lt\/wp-json\/wp\/v2\/types\/product"}],"replies":[{"embeddable":true,"href":"https:\/\/baldumarket.lt\/lt\/wp-json\/wp\/v2\/comments?post=339769"}],"wp:featuredmedia":[{"embeddable":true,"href":"https:\/\/baldumarket.lt\/lt\/wp-json\/wp\/v2\/media\/339770"}],"wp:attachment":[{"href":"https:\/\/baldumarket.lt\/lt\/wp-json\/wp\/v2\/media?parent=339769"}],"wp:term":[{"taxonomy":"product_brand","embeddable":true,"href":"https:\/\/baldumarket.lt\/lt\/wp-json\/wp\/v2\/product_brand?post=339769"},{"taxonomy":"product_cat","embeddable":true,"href":"https:\/\/baldumarket.lt\/lt\/wp-json\/wp\/v2\/product_cat?post=339769"},{"taxonomy":"product_tag","embeddable":true,"href":"https:\/\/baldumarket.lt\/lt\/wp-json\/wp\/v2\/product_tag?post=339769"}],"curies":[{"name":"wp","href":"https:\/\/api.w.org\/{rel}","templated":true}]}}