{"id":339767,"date":"2026-04-08T19:17:23","date_gmt":"2026-04-08T16:17:23","guid":{"rendered":"https:\/\/baldumarket.lt\/product\/azuoline-vitrina-su-2-durelemis-malin\/"},"modified":"2026-04-08T21:54:52","modified_gmt":"2026-04-08T18:54:52","slug":"azuoline-vitrina-su-2-durelemis-malin","status":"publish","type":"product","link":"https:\/\/baldumarket.lt\/lt\/product\/azuoline-vitrina-su-2-durelemis-malin\/","title":{"rendered":"\u0104\u017euolin\u0117 vitrina su 2 durel\u0117mis MALIN"},"content":{"rendered":"<p>Savyb\u0117s:<br \/>\nAuk\u0161tis: 200 cm,<br \/>\nPlotis: 75 cm,<br \/>\nGylis: 45 cm<\/p>","protected":false},"excerpt":{"rendered":"<p>Savyb\u0117s: Auk\u0161tis: 200 cm, Plotis: 75 cm, Gylis: 45 cm<\/p>","protected":false},"featured_media":339768,"comment_status":"open","ping_status":"open","template":"","meta":[],"product_brand":[],"product_cat":[10176,2006],"product_tag":[],"class_list":{"0":"post-339767","1":"product","2":"type-product","3":"status-publish","4":"has-post-thumbnail","6":"product_cat-hugon-meble","7":"product_cat-vitrines","9":"first","10":"instock","11":"purchasable","12":"product-type-simple"},"_links":{"self":[{"href":"https:\/\/baldumarket.lt\/lt\/wp-json\/wp\/v2\/product\/339767","targetHints":{"allow":["GET"]}}],"collection":[{"href":"https:\/\/baldumarket.lt\/lt\/wp-json\/wp\/v2\/product"}],"about":[{"href":"https:\/\/baldumarket.lt\/lt\/wp-json\/wp\/v2\/types\/product"}],"replies":[{"embeddable":true,"href":"https:\/\/baldumarket.lt\/lt\/wp-json\/wp\/v2\/comments?post=339767"}],"wp:featuredmedia":[{"embeddable":true,"href":"https:\/\/baldumarket.lt\/lt\/wp-json\/wp\/v2\/media\/339768"}],"wp:attachment":[{"href":"https:\/\/baldumarket.lt\/lt\/wp-json\/wp\/v2\/media?parent=339767"}],"wp:term":[{"taxonomy":"product_brand","embeddable":true,"href":"https:\/\/baldumarket.lt\/lt\/wp-json\/wp\/v2\/product_brand?post=339767"},{"taxonomy":"product_cat","embeddable":true,"href":"https:\/\/baldumarket.lt\/lt\/wp-json\/wp\/v2\/product_cat?post=339767"},{"taxonomy":"product_tag","embeddable":true,"href":"https:\/\/baldumarket.lt\/lt\/wp-json\/wp\/v2\/product_tag?post=339767"}],"curies":[{"name":"wp","href":"https:\/\/api.w.org\/{rel}","templated":true}]}}