{"id":339732,"date":"2026-04-08T19:16:57","date_gmt":"2026-04-08T16:16:57","guid":{"rendered":"https:\/\/baldumarket.lt\/product\/nena-dviguba-vitrina-2\/"},"modified":"2026-04-11T09:52:15","modified_gmt":"2026-04-11T06:52:15","slug":"nena-dviguba-vitrina-2","status":"publish","type":"product","link":"https:\/\/baldumarket.lt\/lt\/product\/nena-dviguba-vitrina-2\/","title":{"rendered":"NENA dviguba vitrina"},"content":{"rendered":"<p>Pristatome vien\u0105 i\u0161 NENA kolekcijos bald\u0173. \u0160ie baldai buvo sukurti \u017emon\u0117ms, ie\u0161kantiems \u012fdomi\u0173, moderni\u0173 sprendim\u0173 savo svajoni\u0173 interjerui \u012frengti.<br \/>\n\u0160i\u0105 kolekcij\u0105 sudaro 15 skirting\u0173, nepriklausom\u0173 bald\u0173, kuriuos galima laisvai konfig\u016bruoti pridedant nauj\u0173 arba pertvarkant esamus. \u0160i kolekcija nuolat yra sand\u0117lyje, tod\u0117l jei pabost\u0173 bald\u0173 i\u0161vaizda, gal\u0117tum\u0117te lengvai pa\u012fvairinti savo nam\u0173 dekor\u0105 nekeisdami viso komplekto.<br \/>\nVitrina priklauso NENA nat\u016bralaus \u0105\u017euolo kolekcijai. Ji buvo sukurta funkcionalaus, modernaus interjero m\u0117g\u0117jams. Baldai pagaminti i\u0161 \u0105\u017euolo masyvo, \u012fskaitant fasad\u0105, stal\u010dius, dureles ir kojeles, o lentynos, pertvaros ir \u0161onai \u2013 i\u0161 \u0105\u017euolo faneruot\u0117s lentos \u2013 itin patrauklios ir patvarios medienos r\u016b\u0161ies. Visas baldas yra alyvuotas, tod\u0117l puikiai apsaugo lentos konstrukcij\u0105.<br \/>\n\u0104\u017euolin\u0117 vitrina \u2013 tai tvirtas baldas, praversiantis kiekvienuose namuose. Tikimasi, kad ji tarnaus ilgus metus, o \u0161io tipo baldai da\u017enai perduodami i\u0161 kartos \u012f kart\u0105. Vitrinoje yra \u012fstiklinta dalis, puikiai tinkanti dekoratyviniams stikliniams indams ar nieku\u010diams eksponuoti. De\u0161in\u0117je spintel\u0117s pus\u0117je yra erdvios spintel\u0117s, kuriose telpa \u012fvair\u016bs daiktai. Spintel\u0117s apa\u010dioje yra stal\u010diai, kuriuos galima atidaryti metalin\u0117mis rankenomis. Vitrinos yra \u012fvairi\u0173 variant\u0173 \u2013 nuo ma\u017eesni\u0173 iki didesni\u0173. Jos taip pat gali b\u016bti \u0161iek tiek \u0161viesesn\u0117s spalvos.<br \/>\nSavyb\u0117s:<br \/>\nAuk\u0161tis: 200 cm<br \/>\nPlotis: 112 cm<br \/>\nGylis: 45 cm<br \/>\nVitrina supakuota kompakti\u0161kose d\u0117\u017e\u0117se kartu su surinkimo instrukcijomis ir tvirtinimo priedais.<br \/>\nU\u017esakymo apdorojimo laikas yra 6\u20138 savait\u0117s nuo apmok\u0117jimo datos.<br \/>\nDidesniems u\u017esakymams pra\u0161ome susisiekti su mumis, kad susitartume d\u0117l pristatymo.<br \/>\nKvie\u010diame \u012fsigyti ir u\u017eduoti klausimus; mielai pad\u0117sime jums susikurti tobul\u0105 rinkin\u012f.<\/p>","protected":false},"excerpt":{"rendered":"<p>Pristatome vien\u0105 i\u0161 NENA kolekcijos bald\u0173. \u0160ie baldai buvo sukurti \u017emon\u0117ms, ie\u0161kantiems \u012fdomi\u0173, moderni\u0173 sprendim\u0173 savo svajoni\u0173 interjerui. \u0160i\u0105 kolekcij\u0105 sudaro 15 skirting\u0173, nepriklausom\u0173 bald\u0173, kuriuos galima laisvai konfig\u016bruoti pridedant nauj\u0173 arba pertvarkant esamus. \u0160i kolekcija nuolat yra sand\u0117lyje, tod\u0117l [\u2026]<\/p>","protected":false},"featured_media":339733,"comment_status":"open","ping_status":"open","template":"","meta":[],"product_brand":[],"product_cat":[10186,10176,2006],"product_tag":[],"class_list":{"0":"post-339732","1":"product","2":"type-product","3":"status-publish","4":"has-post-thumbnail","6":"product_cat-furniture-system-nena-hugon-meble","7":"product_cat-hugon-meble","8":"product_cat-vitrines","10":"first","11":"instock","12":"purchasable","13":"product-type-simple"},"_links":{"self":[{"href":"https:\/\/baldumarket.lt\/lt\/wp-json\/wp\/v2\/product\/339732","targetHints":{"allow":["GET"]}}],"collection":[{"href":"https:\/\/baldumarket.lt\/lt\/wp-json\/wp\/v2\/product"}],"about":[{"href":"https:\/\/baldumarket.lt\/lt\/wp-json\/wp\/v2\/types\/product"}],"replies":[{"embeddable":true,"href":"https:\/\/baldumarket.lt\/lt\/wp-json\/wp\/v2\/comments?post=339732"}],"wp:featuredmedia":[{"embeddable":true,"href":"https:\/\/baldumarket.lt\/lt\/wp-json\/wp\/v2\/media\/339733"}],"wp:attachment":[{"href":"https:\/\/baldumarket.lt\/lt\/wp-json\/wp\/v2\/media?parent=339732"}],"wp:term":[{"taxonomy":"product_brand","embeddable":true,"href":"https:\/\/baldumarket.lt\/lt\/wp-json\/wp\/v2\/product_brand?post=339732"},{"taxonomy":"product_cat","embeddable":true,"href":"https:\/\/baldumarket.lt\/lt\/wp-json\/wp\/v2\/product_cat?post=339732"},{"taxonomy":"product_tag","embeddable":true,"href":"https:\/\/baldumarket.lt\/lt\/wp-json\/wp\/v2\/product_tag?post=339732"}],"curies":[{"name":"wp","href":"https:\/\/api.w.org\/{rel}","templated":true}]}}