{"id":339727,"date":"2026-04-08T19:16:52","date_gmt":"2026-04-08T16:16:52","guid":{"rendered":"https:\/\/baldumarket.lt\/product\/nena-dviguba-vitrina\/"},"modified":"2026-04-11T09:52:15","modified_gmt":"2026-04-11T06:52:15","slug":"nena-dviguba-vitrina","status":"publish","type":"product","link":"https:\/\/baldumarket.lt\/lt\/product\/nena-dviguba-vitrina\/","title":{"rendered":"NENA dviguba vitrina"},"content":{"rendered":"<p>Pristatome vien\u0105 i\u0161 NENA kolekcijos element\u0173. \u0160ie baldai buvo sukurti tiems, kurie ie\u0161ko \u012fdomi\u0173, moderni\u0173 sprendim\u0173, \u012frengdami savo svajoni\u0173 interjer\u0105.<br \/>\n\u0160i\u0105 kolekcij\u0105 sudaro 15 skirting\u0173, nepriklausom\u0173 element\u0173, kuriuos galima laisvai konfig\u016bruoti pridedant nauj\u0173 dali\u0173 arba pertvarkant esamas. \u0160i kolekcija nuolat yra sand\u0117lyje, tod\u0117l jei pavargote nuo bald\u0173 i\u0161vaizdos, galite lengvai pa\u012fvairinti savo nam\u0173 dekor\u0105 nekeisdami viso komplekto.<br \/>\n\u0160i vitrina priklauso NENA nat\u016bralaus \u0105\u017euolo kolekcijai. Joje yra modern\u016bs, erdv\u016bs baldai, kurie puikiai papildys bet kok\u012f interjer\u0105. Nat\u016brali\u0173 med\u017eiag\u0173 m\u0117g\u0117jai \u012fvertins i\u0161skirtin\u012f meistri\u0161kum\u0105 ir tvirt\u0105 \u0105\u017euolo medien\u0105, kuri sudaro kiekvieno baldo pagrind\u0105. Siekiant papildomos apsaugos, lentos yra alyvuotos. NENA kolekcija yra tokia populiari, kad j\u0105 taip pat galima \u012fsigyti \u0161iek tiek balintos spalvos, taip pat i\u0161 buko medienos.<br \/>\n\u0160i stiklin\u0117 vitrina puikiai tinka svetainei, darbo kambariui ar valgomajam. Ji puikiai tinka stalo \u012frankiams, porcelianui, dekoratyviniams stikliniams indams ar net nam\u0173 suvenyrams eksponuoti. Stiklin\u0117s lentynos gali b\u016bti ap\u0161viestos, kad b\u016bt\u0173 sukurtas papildomas efektas. Apatin\u0117je spintel\u0117s dalyje yra plat\u016bs stal\u010diai. \u0160is baldas puikiai dera su kitais kolekcijos baldais ir gali b\u016bti derinamas su \u012fvairiais i\u0161d\u0117stymais. Vitrina surenkama savaranki\u0161kai. Visos reikalingos dalys yra pakuot\u0117je.<br \/>\n\u0160i modernaus stiliaus vitrina su dviem stiklin\u0117mis durel\u0117mis ir trimis stal\u010diais pagaminta i\u0161 \u0105\u017euolo masyvo, \u012fskaitant priekin\u0119 dal\u012f, stal\u010dius, dureles ir kojeles. Lentynos, pertvaros ir \u0161onai pagaminti i\u0161 faneruoto \u0105\u017euolo. Alyvuota apdaila suteikia nat\u016bralaus med\u017eio i\u0161vaizd\u0105.<br \/>\nSavyb\u0117s:<br \/>\nAuk\u0161tis: 200 cm,<br \/>\nPlotis: 110 cm,<br \/>\nGylis: 45 cm,<br \/>\nVitrina supakuota kompakti\u0161kose d\u0117\u017e\u0117se su surinkimo instrukcijomis ir tvirtinimo priedais. Didesniems u\u017esakymams susisiekite su mumis ir aptarsime siuntimo galimybes. Raginame \u012fsigyti ir u\u017eduoti klausimus; mielai pad\u0117sime jums sukonfig\u016bruoti tinkam\u0105 paket\u0105.<\/p>","protected":false},"excerpt":{"rendered":"<p>Pristatome vien\u0105 i\u0161 NENA kolekcijos element\u0173. \u0160ie baldai buvo sukurti tiems, kurie ie\u0161ko \u012fdomi\u0173, moderni\u0173 sprendim\u0173, \u012frengdami savo svajoni\u0173 interjer\u0105. \u0160i\u0105 kolekcij\u0105 sudaro 15 skirting\u0173, nepriklausom\u0173 element\u0173, kuriuos galima laisvai konfig\u016bruoti pridedant nauj\u0173 arba pertvarkant esamus. \u0160i kolekcija yra nuolat [\u2026]<\/p>","protected":false},"featured_media":339728,"comment_status":"open","ping_status":"open","template":"","meta":[],"product_brand":[],"product_cat":[10186,10176,2006],"product_tag":[],"class_list":{"0":"post-339727","1":"product","2":"type-product","3":"status-publish","4":"has-post-thumbnail","6":"product_cat-furniture-system-nena-hugon-meble","7":"product_cat-hugon-meble","8":"product_cat-vitrines","10":"first","11":"instock","12":"purchasable","13":"product-type-simple"},"_links":{"self":[{"href":"https:\/\/baldumarket.lt\/lt\/wp-json\/wp\/v2\/product\/339727","targetHints":{"allow":["GET"]}}],"collection":[{"href":"https:\/\/baldumarket.lt\/lt\/wp-json\/wp\/v2\/product"}],"about":[{"href":"https:\/\/baldumarket.lt\/lt\/wp-json\/wp\/v2\/types\/product"}],"replies":[{"embeddable":true,"href":"https:\/\/baldumarket.lt\/lt\/wp-json\/wp\/v2\/comments?post=339727"}],"wp:featuredmedia":[{"embeddable":true,"href":"https:\/\/baldumarket.lt\/lt\/wp-json\/wp\/v2\/media\/339728"}],"wp:attachment":[{"href":"https:\/\/baldumarket.lt\/lt\/wp-json\/wp\/v2\/media?parent=339727"}],"wp:term":[{"taxonomy":"product_brand","embeddable":true,"href":"https:\/\/baldumarket.lt\/lt\/wp-json\/wp\/v2\/product_brand?post=339727"},{"taxonomy":"product_cat","embeddable":true,"href":"https:\/\/baldumarket.lt\/lt\/wp-json\/wp\/v2\/product_cat?post=339727"},{"taxonomy":"product_tag","embeddable":true,"href":"https:\/\/baldumarket.lt\/lt\/wp-json\/wp\/v2\/product_tag?post=339727"}],"curies":[{"name":"wp","href":"https:\/\/api.w.org\/{rel}","templated":true}]}}