{"id":339722,"date":"2026-04-08T19:16:47","date_gmt":"2026-04-08T16:16:47","guid":{"rendered":"https:\/\/baldumarket.lt\/product\/nena-vienguba-vitrina\/"},"modified":"2026-04-11T09:52:15","modified_gmt":"2026-04-11T06:52:15","slug":"nena-vienguba-vitrina","status":"publish","type":"product","link":"https:\/\/baldumarket.lt\/lt\/product\/nena-vienguba-vitrina\/","title":{"rendered":"NENA vienguba vitrina"},"content":{"rendered":"<p>Pristatome vien\u0105 i\u0161 NENA kolekcijos element\u0173. \u0160ie baldai buvo sukurti \u017emon\u0117ms, ie\u0161kantiems \u012fdomi\u0173, moderni\u0173 sprendim\u0173, \u012frengiant savo svajoni\u0173 interjer\u0105.<br \/>\n\u0160i\u0105 kolekcij\u0105 sudaro 15 skirting\u0173, nepriklausom\u0173 element\u0173, kuriuos galima laisvai konfig\u016bruoti pridedant nauj\u0173 dali\u0173 arba pertvarkant esamas. \u0160i kolekcija nuolat yra sand\u0117lyje, tod\u0117l jei pavargote nuo bald\u0173 i\u0161vaizdos, galite lengvai pa\u012fvairinti savo nam\u0173 dekor\u0105 nekeisdami viso komplekto.<br \/>\n\u0160i modernaus stiliaus vitrina su stiklin\u0117mis durel\u0117mis, atsidaran\u010diomis \u012f de\u0161in\u0119 arba kair\u0119, ir trimis stal\u010diais pagaminta i\u0161 \u0105\u017euolo masyvo. Priekin\u0117 dalis, stal\u010diai, durel\u0117s ir kojel\u0117s \u2013 i\u0161 \u0105\u017euolo faneruot\u0117s, o lentynos, pertvaros ir \u0161onai \u2013 i\u0161 \u0105\u017euolo faneruot\u0117s. Alyvuota apdaila suteikia nat\u016bralaus med\u017eio i\u0161vaizd\u0105.<br \/>\nVitrina \u2013 universalus baldas, b\u016btinas bet kurioje gyvenamojoje erdv\u0117je. Atsi\u017evelgiant \u012f tai, buvo sukurta NENA nat\u016bralaus \u0105\u017euolo kolekcija, kurioje vitrinos yra pagrindinis elementas. Galima rinktis i\u0161 keli\u0173 skirting\u0173 dyd\u017ei\u0173 ir stiklo pavir\u0161i\u0173. \u0160i bald\u0173 serija skirta ie\u0161kantiems unikali\u0173 interjero sprendim\u0173. Visi elementai pagaminti i\u0161 \u0105\u017euolo masyvo, konservuoto nat\u016braliais augaliniais aliejais.<br \/>\n\u0160i plona vitrina puikiai tinka \u012fvairiems interjerams, net ir ma\u017eesniems. Ji turi stiklines lentynas, kuriose galima laikyti dekoratyvinius stiklinius indus ar nam\u0173 nieku\u010dius, kuriuos norite eksponuoti. Apatin\u0117je spintel\u0117s dalyje yra erdv\u016bs stal\u010diai su metalin\u0117mis rankenomis. \u0160i spintel\u0117 leid\u017eia sukurti daug \u012fdomi\u0173 i\u0161d\u0117stym\u0173, naudojant kitus kolekcijos elementus. J\u0105 galima pastatyti svetain\u0117se, biuruose ir valgomuosiuose. Ji taip pat yra \u0161iek tiek balintos versijos ir pagaminta i\u0161 buko lent\u0173.<br \/>\nSavyb\u0117s:<br \/>\nAuk\u0161tis: 200 cm,<br \/>\nPlotis: 66 cm,<br \/>\nGylis: 45 cm<br \/>\nVitrina supakuota kompakti\u0161kose d\u0117\u017e\u0117se su surinkimo instrukcijomis ir tvirtinimo priedais. Didesniems u\u017esakymams susisiekite su mumis ir aptarsime siuntimo galimybes. Raginame \u012fsigyti ir u\u017eduoti klausimus; mielai pad\u0117sime jums sukonfig\u016bruoti tinkam\u0105 paket\u0105.<\/p>","protected":false},"excerpt":{"rendered":"<p>Pristatome vien\u0105 i\u0161 NENA kolekcijos element\u0173. \u0160ie baldai buvo sukurti \u017emon\u0117ms, ie\u0161kantiems \u012fdomi\u0173, moderni\u0173 sprendim\u0173, \u012frengiant savo svajoni\u0173 interjer\u0105. \u0160i\u0105 kolekcij\u0105 sudaro 15 skirting\u0173, nepriklausom\u0173 element\u0173, kuriuos galima laisvai konfig\u016bruoti pridedant nauj\u0173 arba pertvarkant esamus. \u0160i kolekcija yra nuolat [\u2026]<\/p>","protected":false},"featured_media":339723,"comment_status":"open","ping_status":"open","template":"","meta":[],"product_brand":[],"product_cat":[10186,10176,2006],"product_tag":[],"class_list":{"0":"post-339722","1":"product","2":"type-product","3":"status-publish","4":"has-post-thumbnail","6":"product_cat-furniture-system-nena-hugon-meble","7":"product_cat-hugon-meble","8":"product_cat-vitrines","10":"first","11":"instock","12":"purchasable","13":"product-type-simple"},"_links":{"self":[{"href":"https:\/\/baldumarket.lt\/lt\/wp-json\/wp\/v2\/product\/339722","targetHints":{"allow":["GET"]}}],"collection":[{"href":"https:\/\/baldumarket.lt\/lt\/wp-json\/wp\/v2\/product"}],"about":[{"href":"https:\/\/baldumarket.lt\/lt\/wp-json\/wp\/v2\/types\/product"}],"replies":[{"embeddable":true,"href":"https:\/\/baldumarket.lt\/lt\/wp-json\/wp\/v2\/comments?post=339722"}],"wp:featuredmedia":[{"embeddable":true,"href":"https:\/\/baldumarket.lt\/lt\/wp-json\/wp\/v2\/media\/339723"}],"wp:attachment":[{"href":"https:\/\/baldumarket.lt\/lt\/wp-json\/wp\/v2\/media?parent=339722"}],"wp:term":[{"taxonomy":"product_brand","embeddable":true,"href":"https:\/\/baldumarket.lt\/lt\/wp-json\/wp\/v2\/product_brand?post=339722"},{"taxonomy":"product_cat","embeddable":true,"href":"https:\/\/baldumarket.lt\/lt\/wp-json\/wp\/v2\/product_cat?post=339722"},{"taxonomy":"product_tag","embeddable":true,"href":"https:\/\/baldumarket.lt\/lt\/wp-json\/wp\/v2\/product_tag?post=339722"}],"curies":[{"name":"wp","href":"https:\/\/api.w.org\/{rel}","templated":true}]}}