{"id":339718,"date":"2026-04-08T19:16:45","date_gmt":"2026-04-08T16:16:45","guid":{"rendered":"https:\/\/baldumarket.lt\/product\/lovos-uzuolaida\/"},"modified":"2026-04-08T21:54:41","modified_gmt":"2026-04-08T18:54:41","slug":"lovos-uzuolaida","status":"publish","type":"product","link":"https:\/\/baldumarket.lt\/lt\/product\/lovos-uzuolaida\/","title":{"rendered":"Lovos u\u017euolaida"},"content":{"rendered":"<p>\u0160i m\u0117lyna lovos u\u017euolaida puikiai tinka kambariui su dviauk\u0161te lova. Ji tinka apatiniam kambariui. Universali m\u0117lyna spalv\u0173 gama su raudonais akcentais tinka tiek berniukams, tiek mergait\u0117ms. U\u017euolaida turi duris, skirtas patekti \u012f lov\u0105. Ji taip pat turi u\u017edengiamus langelius. Ji puikiai tinka ne tik maloniai poilsiui sukurti, bet ir daugeliui vaik\u0173 i\u0161rading\u0173 \u017eaidim\u0173 veikl\u0173. U\u017euolaida pagaminta i\u0161 medviln\u0117s ir gali b\u016bti derinama su kitais turimais elementais, tokiais kaip tunelis ar bok\u0161tas. Dviauk\u0161t\u0117s lovos u\u017euolaida BEN, KEVIN ir OLI lovoms. 100% medviln\u0117. Skalbti rankomis 30 laipsni\u0173 temperat\u016broje.<\/p>","protected":false},"excerpt":{"rendered":"<p>\u0160i m\u0117lyna lovos u\u017euolaida puikiai tinka kambariui su dviauk\u0161te lova. Ji tinka apatiniam kambariui. Universali m\u0117lyna spalv\u0173 gama su raudonais akcentais tinka tiek berniukams, tiek mergait\u0117ms. U\u017euolaida turi duris, skirtas patekti \u012f lov\u0105. Ji taip pat turi langus, kuriuos galima u\u017edengti. Ji puikiai [\u2026]<\/p>","protected":false},"featured_media":339719,"comment_status":"open","ping_status":"open","template":"","meta":[],"product_brand":[],"product_cat":[10176,1043],"product_tag":[],"class_list":{"0":"post-339718","1":"product","2":"type-product","3":"status-publish","4":"has-post-thumbnail","6":"product_cat-hugon-meble","7":"product_cat-extras","9":"first","10":"instock","11":"purchasable","12":"product-type-simple"},"_links":{"self":[{"href":"https:\/\/baldumarket.lt\/lt\/wp-json\/wp\/v2\/product\/339718","targetHints":{"allow":["GET"]}}],"collection":[{"href":"https:\/\/baldumarket.lt\/lt\/wp-json\/wp\/v2\/product"}],"about":[{"href":"https:\/\/baldumarket.lt\/lt\/wp-json\/wp\/v2\/types\/product"}],"replies":[{"embeddable":true,"href":"https:\/\/baldumarket.lt\/lt\/wp-json\/wp\/v2\/comments?post=339718"}],"wp:featuredmedia":[{"embeddable":true,"href":"https:\/\/baldumarket.lt\/lt\/wp-json\/wp\/v2\/media\/339719"}],"wp:attachment":[{"href":"https:\/\/baldumarket.lt\/lt\/wp-json\/wp\/v2\/media?parent=339718"}],"wp:term":[{"taxonomy":"product_brand","embeddable":true,"href":"https:\/\/baldumarket.lt\/lt\/wp-json\/wp\/v2\/product_brand?post=339718"},{"taxonomy":"product_cat","embeddable":true,"href":"https:\/\/baldumarket.lt\/lt\/wp-json\/wp\/v2\/product_cat?post=339718"},{"taxonomy":"product_tag","embeddable":true,"href":"https:\/\/baldumarket.lt\/lt\/wp-json\/wp\/v2\/product_tag?post=339718"}],"curies":[{"name":"wp","href":"https:\/\/api.w.org\/{rel}","templated":true}]}}